{"id":4049,"date":"2019-07-08T23:49:35","date_gmt":"2019-07-08T23:49:35","guid":{"rendered":"http:\/\/uel.lu\/?page_id=4049"},"modified":"2022-05-18T14:32:20","modified_gmt":"2022-05-18T12:32:20","slug":"politique-de-confidentialite","status":"publish","type":"page","link":"https:\/\/uel.lu\/fr\/politique-de-confidentialite\/","title":{"rendered":"Politique de confidentialit\u00e9"},"content":{"rendered":"[vc_row type=\u00a0\u00bbfull_width_background\u00a0\u00bb full_screen_row_position=\u00a0\u00bbmiddle\u00a0\u00bb column_margin=\u00a0\u00bbdefault\u00a0\u00bb column_direction=\u00a0\u00bbdefault\u00a0\u00bb column_direction_tablet=\u00a0\u00bbdefault\u00a0\u00bb column_direction_phone=\u00a0\u00bbdefault\u00a0\u00bb bg_image=\u00a0\u00bb943&Prime; bg_position=\u00a0\u00bbcenter bottom\u00a0\u00bb background_image_loading=\u00a0\u00bbdefault\u00a0\u00bb bg_repeat=\u00a0\u00bbno-repeat\u00a0\u00bb scene_position=\u00a0\u00bbcenter\u00a0\u00bb top_padding=\u00a0\u00bb7%\u00a0\u00bb bottom_padding=\u00a0\u00bb5%\u00a0\u00bb text_color=\u00a0\u00bblight\u00a0\u00bb text_align=\u00a0\u00bbleft\u00a0\u00bb row_border_radius=\u00a0\u00bbnone\u00a0\u00bb row_border_radius_applies=\u00a0\u00bbbg\u00a0\u00bb overflow=\u00a0\u00bbvisible\u00a0\u00bb enable_gradient=\u00a0\u00bbtrue\u00a0\u00bb color_overlay=\u00a0\u00bb#000000&Prime; advanced_gradient_angle=\u00a0\u00bb0&Prime; overlay_strength=\u00a0\u00bb0.8&Prime; gradient_direction=\u00a0\u00bbtop_to_bottom\u00a0\u00bb shape_divider_position=\u00a0\u00bbbottom\u00a0\u00bb bg_image_animation=\u00a0\u00bbnone\u00a0\u00bb shape_type=\u00a0\u00bb\u00a0\u00bb gradient_type=\u00a0\u00bbdefault\u00a0\u00bb][vc_column column_padding=\u00a0\u00bbno-extra-padding\u00a0\u00bb column_padding_tablet=\u00a0\u00bbinherit\u00a0\u00bb column_padding_phone=\u00a0\u00bbinherit\u00a0\u00bb column_padding_position=\u00a0\u00bball\u00a0\u00bb column_element_spacing=\u00a0\u00bbdefault\u00a0\u00bb background_color_opacity=\u00a0\u00bb1&Prime; background_hover_color_opacity=\u00a0\u00bb1&Prime; column_shadow=\u00a0\u00bbnone\u00a0\u00bb column_border_radius=\u00a0\u00bbnone\u00a0\u00bb column_link_target=\u00a0\u00bb_self\u00a0\u00bb column_position=\u00a0\u00bbdefault\u00a0\u00bb gradient_direction=\u00a0\u00bbleft_to_right\u00a0\u00bb overlay_strength=\u00a0\u00bb0.3&Prime; width=\u00a0\u00bb2\/3&Prime; tablet_width_inherit=\u00a0\u00bbdefault\u00a0\u00bb tablet_text_alignment=\u00a0\u00bbdefault\u00a0\u00bb phone_text_alignment=\u00a0\u00bbdefault\u00a0\u00bb animation_type=\u00a0\u00bbdefault\u00a0\u00bb bg_image_animation=\u00a0\u00bbnone\u00a0\u00bb border_type=\u00a0\u00bbsimple\u00a0\u00bb column_border_width=\u00a0\u00bbnone\u00a0\u00bb column_border_style=\u00a0\u00bbsolid\u00a0\u00bb][vc_custom_heading text=\u00a0\u00bbPolitique de confidentialit\u00e9\u00a0\u00bb use_theme_fonts=\u00a0\u00bbyes\u00a0\u00bb][divider line_type=\u00a0\u00bbNo Line\u00a0\u00bb custom_height=\u00a0\u00bb20&Prime;][\/vc_column][vc_column column_padding=\u00a0\u00bbno-extra-padding\u00a0\u00bb column_padding_tablet=\u00a0\u00bbinherit\u00a0\u00bb column_padding_phone=\u00a0\u00bbinherit\u00a0\u00bb column_padding_position=\u00a0\u00bball\u00a0\u00bb column_element_spacing=\u00a0\u00bbdefault\u00a0\u00bb background_color_opacity=\u00a0\u00bb1&Prime; background_hover_color_opacity=\u00a0\u00bb1&Prime; column_shadow=\u00a0\u00bbnone\u00a0\u00bb column_border_radius=\u00a0\u00bbnone\u00a0\u00bb column_link_target=\u00a0\u00bb_self\u00a0\u00bb column_position=\u00a0\u00bbdefault\u00a0\u00bb gradient_direction=\u00a0\u00bbleft_to_right\u00a0\u00bb overlay_strength=\u00a0\u00bb0.3&Prime; width=\u00a0\u00bb1\/3&Prime; tablet_width_inherit=\u00a0\u00bbdefault\u00a0\u00bb tablet_text_alignment=\u00a0\u00bbdefault\u00a0\u00bb phone_text_alignment=\u00a0\u00bbdefault\u00a0\u00bb animation_type=\u00a0\u00bbdefault\u00a0\u00bb bg_image_animation=\u00a0\u00bbnone\u00a0\u00bb border_type=\u00a0\u00bbsimple\u00a0\u00bb column_border_width=\u00a0\u00bbnone\u00a0\u00bb column_border_style=\u00a0\u00bbsolid\u00a0\u00bb][\/vc_column][\/vc_row][vc_row type=\u00a0\u00bbin_container\u00a0\u00bb full_screen_row_position=\u00a0\u00bbmiddle\u00a0\u00bb column_margin=\u00a0\u00bbdefault\u00a0\u00bb column_direction=\u00a0\u00bbdefault\u00a0\u00bb column_direction_tablet=\u00a0\u00bbdefault\u00a0\u00bb column_direction_phone=\u00a0\u00bbdefault\u00a0\u00bb scene_position=\u00a0\u00bbcenter\u00a0\u00bb text_color=\u00a0\u00bbdark\u00a0\u00bb text_align=\u00a0\u00bbleft\u00a0\u00bb row_border_radius=\u00a0\u00bbnone\u00a0\u00bb row_border_radius_applies=\u00a0\u00bbbg\u00a0\u00bb overflow=\u00a0\u00bbvisible\u00a0\u00bb overlay_strength=\u00a0\u00bb0.3&Prime; gradient_direction=\u00a0\u00bbleft_to_right\u00a0\u00bb shape_divider_position=\u00a0\u00bbbottom\u00a0\u00bb bg_image_animation=\u00a0\u00bbnone\u00a0\u00bb][vc_column column_padding=\u00a0\u00bbpadding-5-percent\u00a0\u00bb column_padding_tablet=\u00a0\u00bbinherit\u00a0\u00bb column_padding_phone=\u00a0\u00bbinherit\u00a0\u00bb column_padding_position=\u00a0\u00bbtop\u00a0\u00bb column_element_spacing=\u00a0\u00bbdefault\u00a0\u00bb background_color_opacity=\u00a0\u00bb1&Prime; background_hover_color_opacity=\u00a0\u00bb1&Prime; column_shadow=\u00a0\u00bbnone\u00a0\u00bb column_border_radius=\u00a0\u00bbnone\u00a0\u00bb column_link_target=\u00a0\u00bb_self\u00a0\u00bb column_position=\u00a0\u00bbdefault\u00a0\u00bb gradient_direction=\u00a0\u00bbleft_to_right\u00a0\u00bb overlay_strength=\u00a0\u00bb0.3&Prime; width=\u00a0\u00bb1\/1&Prime; tablet_width_inherit=\u00a0\u00bbdefault\u00a0\u00bb tablet_text_alignment=\u00a0\u00bbdefault\u00a0\u00bb phone_text_alignment=\u00a0\u00bbdefault\u00a0\u00bb animation_type=\u00a0\u00bbdefault\u00a0\u00bb bg_image_animation=\u00a0\u00bbnone\u00a0\u00bb border_type=\u00a0\u00bbsimple\u00a0\u00bb column_border_width=\u00a0\u00bbnone\u00a0\u00bb column_border_style=\u00a0\u00bbsolid\u00a0\u00bb][vc_column_text]<strong>PROTECTION DES DONN\u00c9ES \u2013 RGPD \u2013 notice d\u2019information (Juillet 2019)<\/strong><\/p>\n<p><strong>A l\u2019attention des personnes qui consultent et utilisent les sites Internet et comptes en ligne de l\u2019UEL <\/strong><strong>et des personnes inscrites \u00e0 la Newsletter de l\u2019UEL<\/strong><\/p>\n<p>La pr\u00e9sente notice a pour objet de d\u00e9finir les conditions dans lesquelles les donn\u00e9es \u00e0 caract\u00e8re personnel sont trait\u00e9es et collect\u00e9es suivant le R\u00e8glement 2016\/679 du 27 avril 2016 relatif \u00e0 la protection des personnes physiques \u00e0 l&rsquo;\u00e9gard du traitement des donn\u00e9es \u00e0 caract\u00e8re personnel et \u00e0 la libre circulation de ces donn\u00e9es (\u00ab RGDP \u00bb).<\/p>\n<p><strong>Quelles sont les donn\u00e9es personnelles trait\u00e9es\u00a0?<\/strong><\/p>\n<p>Une donn\u00e9e personnelle ou une donn\u00e9e \u00e0 caract\u00e8re personnel est une information qui permet d\u2019identifier, directement ou indirectement, une personne physique (d\u00e9sign\u00e9e comme la \u00ab\u00a0personne concern\u00e9e\u00a0\u00bb).<\/p>\n<p>Les donn\u00e9es que l\u2019UEL est actuellement susceptible de traiter sont les suivantes\u00a0:<\/p>\n<ul>\n<li>nom, pre\u0301nom, genre, institution ou entreprise, fonction, adresse postale, adresse mail, num\u00e9ro de t\u00e9l\u00e9phone, date d\u2019adh\u00e9sion,<\/li>\n<li>informations sur les connexions aux sites et comptes de m\u00e9dia sociaux de l\u2019UEL (<em>Google Analytics et cookies <\/em>associ\u00e9s<em>, MailChimp, <\/em>\u2026) telles que les pages consult\u00e9es, la date et l\u2019heure de consultation, l&rsquo;adresse IP, les sites sources ayant permis d\u2019acc\u00e9der aux sites et comptes en ligne de l\u2019UEL, la zone g\u00e9ographique, et le mat\u00e9riel informatique utilis\u00e9.<\/li>\n<\/ul>\n<p>Ces informations sont principalement fournies par la personne concern\u00e9e directement, notamment par une prise de contact avec un repr\u00e9sentant ou un collaborateur de l\u2019UEL ou via les sites et comptes en ligne de l\u2019UEL. Par exception, les nom, pr\u00e9nom, institution ou entreprise, fonction, adresse postale, adresse mail, num\u00e9ro de t\u00e9l\u00e9phone peuvent \u00e9galement \u00eatre obtenus en consultant des informations librement accessibles au public, telles que des annuaires t\u00e9l\u00e9phoniques, sites Internet, communiqu\u00e9s ou informations de presse.<\/p>\n<p><strong>A quelles fins les donn\u00e9es personnelles sont-elles trait\u00e9es et quelle est la base juridique du traitement\u00a0?<\/strong><\/p>\n<p>Les donn\u00e9es sont trait\u00e9es dans le cadre de la gestion globale de l\u2019activit\u00e9 de l\u2019UEL, \u00e0 savoir<\/p>\n<ul>\n<li>pour la convivialit\u00e9 et l\u2019optimisation des sites et comptes en ligne<\/li>\n<li>pour l\u2019envoi des Newsletters<\/li>\n<li>pour la gestion administrative<\/li>\n<li>\u00e0 des fins statistiques.<\/li>\n<\/ul>\n<p>Lorsque l\u2019UEL n\u2019a pas conclu de contrat avec la personne concern\u00e9e, que le traitement ne repose pas sur le consentement de la personne concern\u00e9e ou sur une obligation l\u00e9gale, l\u2019UEL traite les donn\u00e9es personnelles sur base d\u2019un int\u00e9r\u00eat l\u00e9gitime, en fonction de sa mission (cf. rubrique \u00ab\u00a0A propos de l\u2019UEL\u00a0\u00bb) \u00e0 moins que ne pr\u00e9valent les int\u00e9r\u00eats ou les libert\u00e9s et droits fondamentaux de la personne concern\u00e9e.<\/p>\n<p><strong>A qui sont transf\u00e9r\u00e9es les donn\u00e9es personnelles\u00a0? Combien de temps sont-elles conserv\u00e9es\u00a0?<\/strong><\/p>\n<p>Les donn\u00e9es personnelles sont r\u00e9serv\u00e9es \u00e0 un usage interne sans but commercial. Elles sont susceptibles d\u2019\u00eatre partag\u00e9es seulement pour des besoins informatiques avec des prestataires en Europe et dans des pays tiers sous r\u00e9serve de pr\u00e9senter des garanties suffisantes au regard du RGPD, pour l\u2019ex\u00e9cution du contrat entre l\u2019UEL et ses membres dans le cadre sa mission (cf. rubrique \u00ab\u00a0A propos de l\u2019UEL\u00a0\u00bb) ou pour toute autre raison juridique l\u00e9gitime.<\/p>\n<p>L\u2019UEL attire l\u2019attention sur le fait que les informations sur les connexions aux sites et comptes en ligne de l\u2019UEL ainsi que l\u2019adresse IP peuvent \u00eatre collect\u00e9es et trait\u00e9es par des op\u00e9rateurs Internet, comme <em>Google<\/em> pour \u00e9valuer l\u2019utilisation du site et fournir d\u2019autres services en lien avec l\u2019utilisation d\u2019Internet. Il appartient \u00e0 la personne concern\u00e9e de g\u00e9rer ou d\u00e9sactiver les cookies \u00e0 partir des options du navigateur auquel elle recourt.<\/p>\n<p>Les donn\u00e9es personnelles sont susceptibles d\u2019\u00eatre conserv\u00e9es, copi\u00e9es sur serveurs ou syst\u00e8mes de secours ou archiv\u00e9es par l\u2019UEL aussi longtemps que n\u00e9cessaire pour les activit\u00e9s pr\u00e9cit\u00e9es ou pour des raisons juridiques l\u00e9gitimes, respectivement aussi longtemps que la personne concern\u00e9e ne demande pas sa d\u00e9sinscription de la liste de diffusion des Newsletters.<\/p>\n<p><strong>Quels sont vos droits\u00a0?<\/strong><\/p>\n<p>L\u2019UEL prend toutes les mesures raisonnablement possibles au niveau technique et organisationnel pour assurer la protection des donn\u00e9es personnelles contre la perte, l\u2019utilisation malveillante, l\u2019acc\u00e8s non autoris\u00e9, la divulgation, la modification ou la destruction de ces donn\u00e9es.<\/p>\n<p>Dans les conditions pr\u00e9vues par le RGPD, vous pouvez acc\u00e9der aux donn\u00e9es vous concernant et en obtenir une copie (article 15), obtenir la rectification de donn\u00e9es inexactes ou incompl\u00e8tes (article 16), vous opposer au traitement de vos donn\u00e9es (article 21), obtenir l\u2019effacement de celles-ci (article 17), et b\u00e9n\u00e9ficier d\u2019un droit \u00e0 la portabilit\u00e9 (article 20) et \u00e0 la limitation du traitement (article 18).<\/p>\n<p>Si le consentement constitue la base l\u00e9gale du traitement des donn\u00e9es \u00e0 caract\u00e8re personnel, vous pouvez retirer votre consentement \u00e0 tout moment en prenant contact avec l\u2019UEL sans porter atteinte \u00e0 la lic\u00e9it\u00e9 du traitement fond\u00e9 sur le consentement effectu\u00e9 avant le retrait de celui-ci.<\/p>\n<p>L\u2019UEL traite des donn\u00e9es personnelles \u00e0 des fins professionnelles. Si elle \u00e9tait inform\u00e9e que des donn\u00e9es concernent un enfant, elle s\u2019engage \u00e0 les retirer de ses syst\u00e8mes dans les meilleurs d\u00e9lais.<\/p>\n<p>Veuillez trouver ci-apr\u00e8s les coordonn\u00e9es pour poser des questions, faire valoir vos droits ou introduire une r\u00e9clamation\u00a0:<\/p>\n<p>Union des Entreprises Luxembourgeoises (Protection des donn\u00e9es)<\/p>\n<p>7, rue Alcide de Gasperi, B.P. 3024 L-1030 Luxembourg-Kirchberg<\/p>\n<p>T\u00e9l: +352 26009-1<\/p>\n<p>Email\u00a0: <a href=\"mailto:data.protection@uel.lu\">data.protection@uel.lu<\/a><\/p>\n<p>Site Internet\u00a0: <a href=\"http:\/\/www.uel.lu\">www.uel.lu<\/a><\/p>\n<p>&nbsp;<\/p>\n<p>Si vous estimez que le traitement de vos donn\u00e9es personnelles effectu\u00e9 par l\u2019UEL constitue une violation du RGPD, vous pouvez \u00e9galement introduire une r\u00e9clamation aupr\u00e8s de la CNPD (<a href=\"http:\/\/www.cnpd.lu\">www.cnpd.lu<\/a>).<\/p>\n<p>&nbsp;<\/p>\n<p><strong><em>Disclaimer<\/em><\/strong><\/p>\n<p>L\u2019UEL fait tout son possible pour s\u2019assurer que les informations et donn\u00e9es disponibles sur ses sites et comptes en ligne sont correctes et \u00e0 jour. Ces informations et donn\u00e9es ont \u00e9t\u00e9 recueillies et regroup\u00e9es de sources qui, au mieux des connaissances de l\u2019UEL, sont fiables. L\u2019UEL ne peut cependant pas \u00eatre tenue pour responsable de toute erreur, omission, alt\u00e9ration ou retard de mise \u00e0 jour de ces informations et donn\u00e9es. Les usagers des sites et comptes en ligne de l\u2019UEL sont donc pri\u00e9s de ne pas baser leur d\u00e9cision sur ces informations et donn\u00e9es sans en v\u00e9rifier l\u2019exactitude. Ils reconnaissent utiliser ces informations et donn\u00e9es \u00e0 leur propre risque.<\/p>\n<p>Les sites et comptes en ligne de l\u2019UEL fournissent des liens vers des sites tiers \u00e0 titre indicatif. L\u2019UEL n\u2019assure aucune responsabilit\u00e9 quant \u00e0 la gestion et au contenu de ces sites ni au niveau de la protection des donn\u00e9es. Les usagers des sites et comptes en ligne de l\u2019UEL reconnaissent acc\u00e9der \u00e0 ces sites tiers \u00e0 leur propre risque.<\/p>\n<p><strong>Modification de la notice<\/strong><\/p>\n<p>L\u2019UEL se r\u00e9serve le droit de modifier la pr\u00e9sente notice \u00e0 tout moment et sans pr\u00e9avis. Il appartient \u00e0 la personne concern\u00e9e de s\u2019assurer de disposer de la notice la plus r\u00e9cente en vigueur.<\/p>\n<p>RGPD \u2013 Notice juillet 2019 &#8211; c&rsquo;est la version fran\u00e7aise qui pr\u00e9vaut[\/vc_column_text][\/vc_column][\/vc_row]\n","protected":false},"excerpt":{"rendered":"<p>[vc_row type=\u00a0\u00bbfull_width_background\u00a0\u00bb full_screen_row_position=\u00a0\u00bbmiddle\u00a0\u00bb column_margin=\u00a0\u00bbdefault\u00a0\u00bb column_direction=\u00a0\u00bbdefault\u00a0\u00bb column_direction_tablet=\u00a0\u00bbdefault\u00a0\u00bb column_direction_phone=\u00a0\u00bbdefault\u00a0\u00bb bg_image=\u00a0\u00bb943&Prime; bg_position=\u00a0\u00bbcenter bottom\u00a0\u00bb background_image_loading=\u00a0\u00bbdefault\u00a0\u00bb bg_repeat=\u00a0\u00bbno-repeat\u00a0\u00bb scene_position=\u00a0\u00bbcenter\u00a0\u00bb top_padding=\u00a0\u00bb7%\u00a0\u00bb bottom_padding=\u00a0\u00bb5%\u00a0\u00bb text_color=\u00a0\u00bblight\u00a0\u00bb text_align=\u00a0\u00bbleft\u00a0\u00bb row_border_radius=\u00a0\u00bbnone\u00a0\u00bb row_border_radius_applies=\u00a0\u00bbbg\u00a0\u00bb overflow=\u00a0\u00bbvisible\u00a0\u00bb enable_gradient=\u00a0\u00bbtrue\u00a0\u00bb color_overlay=\u00a0\u00bb#000000&Prime; advanced_gradient_angle=\u00a0\u00bb0&Prime; overlay_strength=\u00a0\u00bb0.8&Prime; gradient_direction=\u00a0\u00bbtop_to_bottom\u00a0\u00bb shape_divider_position=\u00a0\u00bbbottom\u00a0\u00bb bg_image_animation=\u00a0\u00bbnone\u00a0\u00bb shape_type=\u00a0\u00bb\u00a0\u00bb gradient_type=\u00a0\u00bbdefault\u00a0\u00bb][vc_column column_padding=\u00a0\u00bbno-extra-padding\u00a0\u00bb&#8230;<\/p>\n","protected":false},"author":7,"featured_media":0,"parent":0,"menu_order":0,"comment_status":"closed","ping_status":"closed","template":"","meta":{"_acf_changed":false,"inline_featured_image":false,"footnotes":""},"class_list":["post-4049","page","type-page","status-publish"],"acf":[],"yoast_head":"<!-- This site is optimized with the Yoast SEO plugin v26.8 - https:\/\/yoast.com\/product\/yoast-seo-wordpress\/ -->\n<title>Politique de confidentialit\u00e9 - UEL<\/title>\n<meta name=\"robots\" content=\"index, follow, max-snippet:-1, max-image-preview:large, max-video-preview:-1\" \/>\n<link rel=\"canonical\" href=\"https:\/\/uel.lu\/fr\/politique-de-confidentialite\/\" \/>\n<meta property=\"og:locale\" content=\"fr_FR\" \/>\n<meta property=\"og:type\" content=\"article\" \/>\n<meta property=\"og:title\" content=\"Politique de confidentialit\u00e9 - UEL\" \/>\n<meta property=\"og:description\" content=\"[vc_row type=\u00a0\u00bbfull_width_background\u00a0\u00bb full_screen_row_position=\u00a0\u00bbmiddle\u00a0\u00bb column_margin=\u00a0\u00bbdefault\u00a0\u00bb column_direction=\u00a0\u00bbdefault\u00a0\u00bb column_direction_tablet=\u00a0\u00bbdefault\u00a0\u00bb column_direction_phone=\u00a0\u00bbdefault\u00a0\u00bb bg_image=\u00a0\u00bb943&Prime; bg_position=\u00a0\u00bbcenter bottom\u00a0\u00bb background_image_loading=\u00a0\u00bbdefault\u00a0\u00bb bg_repeat=\u00a0\u00bbno-repeat\u00a0\u00bb scene_position=\u00a0\u00bbcenter\u00a0\u00bb top_padding=\u00a0\u00bb7%\u00a0\u00bb bottom_padding=\u00a0\u00bb5%\u00a0\u00bb text_color=\u00a0\u00bblight\u00a0\u00bb text_align=\u00a0\u00bbleft\u00a0\u00bb row_border_radius=\u00a0\u00bbnone\u00a0\u00bb row_border_radius_applies=\u00a0\u00bbbg\u00a0\u00bb overflow=\u00a0\u00bbvisible\u00a0\u00bb enable_gradient=\u00a0\u00bbtrue\u00a0\u00bb color_overlay=\u00a0\u00bb#000000&Prime; advanced_gradient_angle=\u00a0\u00bb0&Prime; overlay_strength=\u00a0\u00bb0.8&Prime; gradient_direction=\u00a0\u00bbtop_to_bottom\u00a0\u00bb shape_divider_position=\u00a0\u00bbbottom\u00a0\u00bb bg_image_animation=\u00a0\u00bbnone\u00a0\u00bb shape_type=\u00a0\u00bb\u00a0\u00bb gradient_type=\u00a0\u00bbdefault\u00a0\u00bb][vc_column column_padding=\u00a0\u00bbno-extra-padding\u00a0\u00bb...\" \/>\n<meta property=\"og:url\" content=\"https:\/\/uel.lu\/fr\/politique-de-confidentialite\/\" \/>\n<meta property=\"og:site_name\" content=\"UEL\" \/>\n<meta property=\"article:modified_time\" content=\"2022-05-18T12:32:20+00:00\" \/>\n<meta name=\"twitter:card\" content=\"summary_large_image\" \/>\n<meta name=\"twitter:site\" content=\"@uel_lu\" \/>\n<meta name=\"twitter:label1\" content=\"Dur\u00e9e de lecture estim\u00e9e\" \/>\n\t<meta name=\"twitter:data1\" content=\"8 minutes\" \/>\n<script type=\"application\/ld+json\" class=\"yoast-schema-graph\">{\"@context\":\"https:\/\/schema.org\",\"@graph\":[{\"@type\":\"WebPage\",\"@id\":\"https:\/\/uel.lu\/fr\/politique-de-confidentialite\/\",\"url\":\"https:\/\/uel.lu\/fr\/politique-de-confidentialite\/\",\"name\":\"Politique de confidentialit\u00e9 - UEL\",\"isPartOf\":{\"@id\":\"https:\/\/uel.lu\/fr\/#website\"},\"datePublished\":\"2019-07-08T23:49:35+00:00\",\"dateModified\":\"2022-05-18T12:32:20+00:00\",\"breadcrumb\":{\"@id\":\"https:\/\/uel.lu\/fr\/politique-de-confidentialite\/#breadcrumb\"},\"inLanguage\":\"fr-FR\",\"potentialAction\":[{\"@type\":\"ReadAction\",\"target\":[\"https:\/\/uel.lu\/fr\/politique-de-confidentialite\/\"]}]},{\"@type\":\"BreadcrumbList\",\"@id\":\"https:\/\/uel.lu\/fr\/politique-de-confidentialite\/#breadcrumb\",\"itemListElement\":[{\"@type\":\"ListItem\",\"position\":1,\"name\":\"Startseite\",\"item\":\"https:\/\/uel.lu\/fr\/\"},{\"@type\":\"ListItem\",\"position\":2,\"name\":\"Politique de confidentialit\u00e9\"}]},{\"@type\":\"WebSite\",\"@id\":\"https:\/\/uel.lu\/fr\/#website\",\"url\":\"https:\/\/uel.lu\/fr\/\",\"name\":\"Union des Entreprises Luxembourgeoises\",\"description\":\"Union des Entreprises Luxembourgeoises\",\"publisher\":{\"@id\":\"https:\/\/uel.lu\/fr\/#organization\"},\"alternateName\":\"UEL\",\"potentialAction\":[{\"@type\":\"SearchAction\",\"target\":{\"@type\":\"EntryPoint\",\"urlTemplate\":\"https:\/\/uel.lu\/fr\/?s={search_term_string}\"},\"query-input\":{\"@type\":\"PropertyValueSpecification\",\"valueRequired\":true,\"valueName\":\"search_term_string\"}}],\"inLanguage\":\"fr-FR\"},{\"@type\":\"Organization\",\"@id\":\"https:\/\/uel.lu\/fr\/#organization\",\"name\":\"Union des Entreprises Luxembourgeoises\",\"alternateName\":\"UEL\",\"url\":\"https:\/\/uel.lu\/fr\/\",\"logo\":{\"@type\":\"ImageObject\",\"inLanguage\":\"fr-FR\",\"@id\":\"https:\/\/uel.lu\/fr\/#\/schema\/logo\/image\/\",\"url\":\"https:\/\/www.uel.lu\/wp-content\/uploads\/2019\/07\/uel_logo_.png\",\"contentUrl\":\"https:\/\/www.uel.lu\/wp-content\/uploads\/2019\/07\/uel_logo_.png\",\"width\":150,\"height\":118,\"caption\":\"Union des Entreprises Luxembourgeoises\"},\"image\":{\"@id\":\"https:\/\/uel.lu\/fr\/#\/schema\/logo\/image\/\"},\"sameAs\":[\"https:\/\/x.com\/uel_lu\",\"https:\/\/www.linkedin.com\/company\/union-des-entreprises-luxembourgeoises---uel\/\"]}]}<\/script>\n<!-- \/ Yoast SEO plugin. -->","yoast_head_json":{"title":"Politique de confidentialit\u00e9 - UEL","robots":{"index":"index","follow":"follow","max-snippet":"max-snippet:-1","max-image-preview":"max-image-preview:large","max-video-preview":"max-video-preview:-1"},"canonical":"https:\/\/uel.lu\/fr\/politique-de-confidentialite\/","og_locale":"fr_FR","og_type":"article","og_title":"Politique de confidentialit\u00e9 - UEL","og_description":"[vc_row type=\u00a0\u00bbfull_width_background\u00a0\u00bb full_screen_row_position=\u00a0\u00bbmiddle\u00a0\u00bb column_margin=\u00a0\u00bbdefault\u00a0\u00bb column_direction=\u00a0\u00bbdefault\u00a0\u00bb column_direction_tablet=\u00a0\u00bbdefault\u00a0\u00bb column_direction_phone=\u00a0\u00bbdefault\u00a0\u00bb bg_image=\u00a0\u00bb943&Prime; bg_position=\u00a0\u00bbcenter bottom\u00a0\u00bb background_image_loading=\u00a0\u00bbdefault\u00a0\u00bb bg_repeat=\u00a0\u00bbno-repeat\u00a0\u00bb scene_position=\u00a0\u00bbcenter\u00a0\u00bb top_padding=\u00a0\u00bb7%\u00a0\u00bb bottom_padding=\u00a0\u00bb5%\u00a0\u00bb text_color=\u00a0\u00bblight\u00a0\u00bb text_align=\u00a0\u00bbleft\u00a0\u00bb row_border_radius=\u00a0\u00bbnone\u00a0\u00bb row_border_radius_applies=\u00a0\u00bbbg\u00a0\u00bb overflow=\u00a0\u00bbvisible\u00a0\u00bb enable_gradient=\u00a0\u00bbtrue\u00a0\u00bb color_overlay=\u00a0\u00bb#000000&Prime; advanced_gradient_angle=\u00a0\u00bb0&Prime; overlay_strength=\u00a0\u00bb0.8&Prime; gradient_direction=\u00a0\u00bbtop_to_bottom\u00a0\u00bb shape_divider_position=\u00a0\u00bbbottom\u00a0\u00bb bg_image_animation=\u00a0\u00bbnone\u00a0\u00bb shape_type=\u00a0\u00bb\u00a0\u00bb gradient_type=\u00a0\u00bbdefault\u00a0\u00bb][vc_column column_padding=\u00a0\u00bbno-extra-padding\u00a0\u00bb...","og_url":"https:\/\/uel.lu\/fr\/politique-de-confidentialite\/","og_site_name":"UEL","article_modified_time":"2022-05-18T12:32:20+00:00","twitter_card":"summary_large_image","twitter_site":"@uel_lu","twitter_misc":{"Dur\u00e9e de lecture estim\u00e9e":"8 minutes"},"schema":{"@context":"https:\/\/schema.org","@graph":[{"@type":"WebPage","@id":"https:\/\/uel.lu\/fr\/politique-de-confidentialite\/","url":"https:\/\/uel.lu\/fr\/politique-de-confidentialite\/","name":"Politique de confidentialit\u00e9 - UEL","isPartOf":{"@id":"https:\/\/uel.lu\/fr\/#website"},"datePublished":"2019-07-08T23:49:35+00:00","dateModified":"2022-05-18T12:32:20+00:00","breadcrumb":{"@id":"https:\/\/uel.lu\/fr\/politique-de-confidentialite\/#breadcrumb"},"inLanguage":"fr-FR","potentialAction":[{"@type":"ReadAction","target":["https:\/\/uel.lu\/fr\/politique-de-confidentialite\/"]}]},{"@type":"BreadcrumbList","@id":"https:\/\/uel.lu\/fr\/politique-de-confidentialite\/#breadcrumb","itemListElement":[{"@type":"ListItem","position":1,"name":"Startseite","item":"https:\/\/uel.lu\/fr\/"},{"@type":"ListItem","position":2,"name":"Politique de confidentialit\u00e9"}]},{"@type":"WebSite","@id":"https:\/\/uel.lu\/fr\/#website","url":"https:\/\/uel.lu\/fr\/","name":"Union des Entreprises Luxembourgeoises","description":"Union des Entreprises Luxembourgeoises","publisher":{"@id":"https:\/\/uel.lu\/fr\/#organization"},"alternateName":"UEL","potentialAction":[{"@type":"SearchAction","target":{"@type":"EntryPoint","urlTemplate":"https:\/\/uel.lu\/fr\/?s={search_term_string}"},"query-input":{"@type":"PropertyValueSpecification","valueRequired":true,"valueName":"search_term_string"}}],"inLanguage":"fr-FR"},{"@type":"Organization","@id":"https:\/\/uel.lu\/fr\/#organization","name":"Union des Entreprises Luxembourgeoises","alternateName":"UEL","url":"https:\/\/uel.lu\/fr\/","logo":{"@type":"ImageObject","inLanguage":"fr-FR","@id":"https:\/\/uel.lu\/fr\/#\/schema\/logo\/image\/","url":"https:\/\/www.uel.lu\/wp-content\/uploads\/2019\/07\/uel_logo_.png","contentUrl":"https:\/\/www.uel.lu\/wp-content\/uploads\/2019\/07\/uel_logo_.png","width":150,"height":118,"caption":"Union des Entreprises Luxembourgeoises"},"image":{"@id":"https:\/\/uel.lu\/fr\/#\/schema\/logo\/image\/"},"sameAs":["https:\/\/x.com\/uel_lu","https:\/\/www.linkedin.com\/company\/union-des-entreprises-luxembourgeoises---uel\/"]}]}},"_links":{"self":[{"href":"https:\/\/uel.lu\/fr\/wp-json\/wp\/v2\/pages\/4049","targetHints":{"allow":["GET"]}}],"collection":[{"href":"https:\/\/uel.lu\/fr\/wp-json\/wp\/v2\/pages"}],"about":[{"href":"https:\/\/uel.lu\/fr\/wp-json\/wp\/v2\/types\/page"}],"author":[{"embeddable":true,"href":"https:\/\/uel.lu\/fr\/wp-json\/wp\/v2\/users\/7"}],"replies":[{"embeddable":true,"href":"https:\/\/uel.lu\/fr\/wp-json\/wp\/v2\/comments?post=4049"}],"version-history":[{"count":19,"href":"https:\/\/uel.lu\/fr\/wp-json\/wp\/v2\/pages\/4049\/revisions"}],"predecessor-version":[{"id":12466,"href":"https:\/\/uel.lu\/fr\/wp-json\/wp\/v2\/pages\/4049\/revisions\/12466"}],"wp:attachment":[{"href":"https:\/\/uel.lu\/fr\/wp-json\/wp\/v2\/media?parent=4049"}],"curies":[{"name":"wp","href":"https:\/\/api.w.org\/{rel}","templated":true}]}}