{"id":1240,"date":"2019-05-27T14:55:11","date_gmt":"2019-05-27T14:55:11","guid":{"rendered":"http:\/\/uel.lu\/?page_id=1240"},"modified":"2026-01-05T10:07:31","modified_gmt":"2026-01-05T09:07:31","slug":"parametres_sociaux","status":"publish","type":"page","link":"https:\/\/uel.lu\/fr\/parametres_sociaux\/","title":{"rendered":"Param\u00e8tres sociaux"},"content":{"rendered":"[vc_row type=\u00a0\u00bbfull_width_background\u00a0\u00bb full_screen_row_position=\u00a0\u00bbmiddle\u00a0\u00bb column_margin=\u00a0\u00bbdefault\u00a0\u00bb column_direction=\u00a0\u00bbdefault\u00a0\u00bb column_direction_tablet=\u00a0\u00bbdefault\u00a0\u00bb column_direction_phone=\u00a0\u00bbdefault\u00a0\u00bb bg_image=\u00a0\u00bb3095&Prime; bg_position=\u00a0\u00bbcenter center\u00a0\u00bb background_image_loading=\u00a0\u00bbdefault\u00a0\u00bb bg_repeat=\u00a0\u00bbno-repeat\u00a0\u00bb scene_position=\u00a0\u00bbcenter\u00a0\u00bb top_padding=\u00a0\u00bb7%\u00a0\u00bb bottom_padding=\u00a0\u00bb7%\u00a0\u00bb text_color=\u00a0\u00bblight\u00a0\u00bb text_align=\u00a0\u00bbright\u00a0\u00bb row_border_radius=\u00a0\u00bbnone\u00a0\u00bb row_border_radius_applies=\u00a0\u00bbbg\u00a0\u00bb overflow=\u00a0\u00bbvisible\u00a0\u00bb class=\u00a0\u00bbrow-bg-overlay\u00a0\u00bb enable_gradient=\u00a0\u00bbtrue\u00a0\u00bb color_overlay=\u00a0\u00bb#000000&Prime; color_overlay_2=\u00a0\u00bb#444444&Prime; advanced_gradient_angle=\u00a0\u00bb0&Prime; overlay_strength=\u00a0\u00bb0.8&Prime; gradient_direction=\u00a0\u00bbtop_to_bottom\u00a0\u00bb shape_divider_position=\u00a0\u00bbbottom\u00a0\u00bb bg_image_animation=\u00a0\u00bbnone\u00a0\u00bb shape_type=\u00a0\u00bb\u00a0\u00bb gradient_type=\u00a0\u00bbdefault\u00a0\u00bb][vc_column column_padding=\u00a0\u00bbno-extra-padding\u00a0\u00bb column_padding_tablet=\u00a0\u00bbinherit\u00a0\u00bb column_padding_phone=\u00a0\u00bbinherit\u00a0\u00bb column_padding_position=\u00a0\u00bball\u00a0\u00bb column_element_direction_desktop=\u00a0\u00bbdefault\u00a0\u00bb column_element_spacing=\u00a0\u00bbdefault\u00a0\u00bb desktop_text_alignment=\u00a0\u00bbdefault\u00a0\u00bb tablet_text_alignment=\u00a0\u00bbdefault\u00a0\u00bb phone_text_alignment=\u00a0\u00bbdefault\u00a0\u00bb background_color_opacity=\u00a0\u00bb1&Prime; background_hover_color_opacity=\u00a0\u00bb1&Prime; column_backdrop_filter=\u00a0\u00bbnone\u00a0\u00bb column_shadow=\u00a0\u00bbnone\u00a0\u00bb column_border_radius=\u00a0\u00bbnone\u00a0\u00bb column_link_target=\u00a0\u00bb_self\u00a0\u00bb column_position=\u00a0\u00bbdefault\u00a0\u00bb gradient_direction=\u00a0\u00bbleft_to_right\u00a0\u00bb overlay_strength=\u00a0\u00bb0.3&Prime; width=\u00a0\u00bb2\/3&Prime; tablet_width_inherit=\u00a0\u00bbdefault\u00a0\u00bb animation_type=\u00a0\u00bbdefault\u00a0\u00bb bg_image_animation=\u00a0\u00bbnone\u00a0\u00bb border_type=\u00a0\u00bbsimple\u00a0\u00bb column_border_width=\u00a0\u00bbnone\u00a0\u00bb column_border_style=\u00a0\u00bbsolid\u00a0\u00bb][vc_custom_heading text=\u00a0\u00bbParam\u00e8tres sociaux\u00a0\u00bb use_theme_fonts=\u00a0\u00bbyes\u00a0\u00bb][divider line_type=\u00a0\u00bbNo Line\u00a0\u00bb custom_height=\u00a0\u00bb20&Prime;][\/vc_column][vc_column column_padding=\u00a0\u00bbno-extra-padding\u00a0\u00bb column_padding_tablet=\u00a0\u00bbinherit\u00a0\u00bb column_padding_phone=\u00a0\u00bbinherit\u00a0\u00bb column_padding_position=\u00a0\u00bball\u00a0\u00bb column_element_direction_desktop=\u00a0\u00bbdefault\u00a0\u00bb column_element_spacing=\u00a0\u00bbdefault\u00a0\u00bb desktop_text_alignment=\u00a0\u00bbdefault\u00a0\u00bb tablet_text_alignment=\u00a0\u00bbdefault\u00a0\u00bb phone_text_alignment=\u00a0\u00bbdefault\u00a0\u00bb background_color_opacity=\u00a0\u00bb1&Prime; background_hover_color_opacity=\u00a0\u00bb1&Prime; column_backdrop_filter=\u00a0\u00bbnone\u00a0\u00bb column_shadow=\u00a0\u00bbnone\u00a0\u00bb column_border_radius=\u00a0\u00bbnone\u00a0\u00bb column_link_target=\u00a0\u00bb_self\u00a0\u00bb column_position=\u00a0\u00bbdefault\u00a0\u00bb gradient_direction=\u00a0\u00bbleft_to_right\u00a0\u00bb overlay_strength=\u00a0\u00bb0.3&Prime; width=\u00a0\u00bb1\/3&Prime; tablet_width_inherit=\u00a0\u00bbdefault\u00a0\u00bb animation_type=\u00a0\u00bbdefault\u00a0\u00bb bg_image_animation=\u00a0\u00bbnone\u00a0\u00bb border_type=\u00a0\u00bbsimple\u00a0\u00bb column_border_width=\u00a0\u00bbnone\u00a0\u00bb column_border_style=\u00a0\u00bbsolid\u00a0\u00bb][\/vc_column][\/vc_row][vc_row type=\u00a0\u00bbin_container\u00a0\u00bb full_screen_row_position=\u00a0\u00bbmiddle\u00a0\u00bb column_margin=\u00a0\u00bbdefault\u00a0\u00bb column_direction=\u00a0\u00bbdefault\u00a0\u00bb column_direction_tablet=\u00a0\u00bbdefault\u00a0\u00bb column_direction_phone=\u00a0\u00bbdefault\u00a0\u00bb scene_position=\u00a0\u00bbcenter\u00a0\u00bb top_padding=\u00a0\u00bb5%\u00a0\u00bb bottom_padding=\u00a0\u00bb5%\u00a0\u00bb text_color=\u00a0\u00bbdark\u00a0\u00bb text_align=\u00a0\u00bbleft\u00a0\u00bb row_border_radius=\u00a0\u00bbnone\u00a0\u00bb row_border_radius_applies=\u00a0\u00bbbg\u00a0\u00bb overflow=\u00a0\u00bbvisible\u00a0\u00bb overlay_strength=\u00a0\u00bb0.3&Prime; gradient_direction=\u00a0\u00bbleft_to_right\u00a0\u00bb shape_divider_position=\u00a0\u00bbbottom\u00a0\u00bb bg_image_animation=\u00a0\u00bbnone\u00a0\u00bb shape_type=\u00a0\u00bb\u00a0\u00bb][vc_column column_padding=\u00a0\u00bbno-extra-padding\u00a0\u00bb column_padding_tablet=\u00a0\u00bbinherit\u00a0\u00bb column_padding_phone=\u00a0\u00bbinherit\u00a0\u00bb column_padding_position=\u00a0\u00bball\u00a0\u00bb column_element_direction_desktop=\u00a0\u00bbdefault\u00a0\u00bb column_element_spacing=\u00a0\u00bbdefault\u00a0\u00bb desktop_text_alignment=\u00a0\u00bbdefault\u00a0\u00bb tablet_text_alignment=\u00a0\u00bbdefault\u00a0\u00bb phone_text_alignment=\u00a0\u00bbdefault\u00a0\u00bb background_color_opacity=\u00a0\u00bb1&Prime; background_hover_color_opacity=\u00a0\u00bb1&Prime; column_backdrop_filter=\u00a0\u00bbnone\u00a0\u00bb column_shadow=\u00a0\u00bbnone\u00a0\u00bb column_border_radius=\u00a0\u00bbnone\u00a0\u00bb column_link_target=\u00a0\u00bb_self\u00a0\u00bb column_position=\u00a0\u00bbdefault\u00a0\u00bb gradient_direction=\u00a0\u00bbleft_to_right\u00a0\u00bb overlay_strength=\u00a0\u00bb0.3&Prime; width=\u00a0\u00bb1\/1&Prime; tablet_width_inherit=\u00a0\u00bbdefault\u00a0\u00bb animation_type=\u00a0\u00bbdefault\u00a0\u00bb bg_image_animation=\u00a0\u00bbnone\u00a0\u00bb border_type=\u00a0\u00bbsimple\u00a0\u00bb column_border_width=\u00a0\u00bbnone\u00a0\u00bb column_border_style=\u00a0\u00bbsolid\u00a0\u00bb][vc_column_text css=\u00a0\u00bb\u00a0\u00bb text_direction=\u00a0\u00bbdefault\u00a0\u00bb]\n<h3 style=\"text-align: left;\"><span style=\"color: #000000;\"><strong>Situation au 1er janvier 2026<\/strong><\/span><\/h3>\n[\/vc_column_text][vc_column_text css=\u00a0\u00bb\u00a0\u00bb text_direction=\u00a0\u00bbdefault\u00a0\u00bb]\n<p style=\"text-align: left;\"><span style=\"color: #dd1124;\"><strong>Taux des cotisations<\/strong><\/span><\/p>\n[\/vc_column_text][vc_column_text css=\u00a0\u00bb\u00a0\u00bb text_direction=\u00a0\u00bbdefault\u00a0\u00bb]\n<table>\n<tbody>\n<tr>\n<td><strong>Risque<\/strong><\/td>\n<td>\n<p align=\"center\"><strong>Part assur\u00e9<\/strong><\/p>\n<\/td>\n<td>\n<p align=\"center\"><strong>Part employeur<\/strong><\/p>\n<\/td>\n<\/tr>\n<tr>\n<td><strong>Assurance maladie-maternit\u00e9<\/strong><\/p>\n<p>Majoration pour prestations en esp\u00e8ces (<sup>1<\/sup>)<\/td>\n<td>\n<p align=\"center\">3,05 %<\/p>\n<p align=\"center\">0,25 %<\/p>\n<\/td>\n<td>\n<p align=\"center\">3,05 %<\/p>\n<p align=\"center\">0,25 %<\/p>\n<\/td>\n<\/tr>\n<tr>\n<td><strong>Mutualit\u00e9 des employeurs<\/strong><\/p>\n<p>Classe 1 (Taux d\u2019absent\u00e9isme &lt; 0,65 %)<\/p>\n<p>Classe 2 (Taux d\u2019absent\u00e9isme &lt; 1,60 %)<\/p>\n<p>Classe 3 (Taux d\u2019absent\u00e9isme &lt; 2,50 %)<\/p>\n<p>Classe 4 (Taux d\u2019absent\u00e9isme &gt;=2,50 %)<\/td>\n<td>\n<p align=\"center\">&#8211;<\/p>\n<p align=\"center\">&#8211;<\/p>\n<p align=\"center\">&#8211;<\/p>\n<p align=\"center\">&#8211;<\/p>\n<p style=\"text-align: center;\">&#8211;<\/p>\n<\/td>\n<td>&nbsp;<\/p>\n<p style=\"text-align: center;\">0,23 %<\/p>\n<p align=\"center\">0,95 %<\/p>\n<p align=\"center\">1,56 %<\/p>\n<p align=\"center\">2,66 %<\/p>\n<\/td>\n<\/tr>\n<tr>\n<td><strong>Assurance pension<\/strong><\/td>\n<td>\n<p align=\"center\">8,5 %<\/p>\n<\/td>\n<td>\n<p align=\"center\">8,5 %<\/p>\n<\/td>\n<\/tr>\n<tr>\n<td><strong>Assurance d\u00e9pendance (<sup>2<\/sup>)<\/strong><\/td>\n<td>\n<p align=\"center\">1,40 %<\/p>\n<\/td>\n<td>\n<p align=\"center\">&#8211;<\/p>\n<\/td>\n<\/tr>\n<tr>\n<td><strong>Assurance accident (\u00b3)<\/strong><\/td>\n<td>\n<p align=\"center\">&#8211;<\/p>\n<\/td>\n<td>\n<p align=\"center\">0,65 %<\/p>\n<\/td>\n<\/tr>\n<tr>\n<td>\n<p dir=\"ltr\"><strong>Prestations familiales\u00a0<\/strong>(\u00e0 charge de l\u2019Etat pour le secteur priv\u00e9)<\/p>\n<\/td>\n<td>\n<p align=\"center\">&#8211;<\/p>\n<\/td>\n<td>\n<p align=\"center\">1,70 %<\/p>\n<\/td>\n<\/tr>\n<tr>\n<td><strong>Sant\u00e9 au travail<\/strong><\/td>\n<td>\n<p align=\"center\">&#8211;<\/p>\n<\/td>\n<td>\n<p align=\"center\">0,14%<\/p>\n<\/td>\n<\/tr>\n<\/tbody>\n<\/table>\n<p><span style=\"color: #dd1124;\"><strong>Minima et maxima cotisables<\/strong><\/span><\/p>\n<table border=\"0\">\n<tbody>\n<tr>\n<td>\n<p align=\"left\"><strong>Salaire social mensuel minimum (SSM)<\/strong><\/p>\n<\/td>\n<td>\n<p align=\"center\">Indice du co\u00fbt de la vie de 968,04<\/p>\n<\/td>\n<\/tr>\n<tr>\n<td>\n<p align=\"left\"><strong>Minimum cotisable 18 ans et plus non qualifi\u00e9<\/strong><\/p>\n<\/td>\n<td>\n<p align=\"center\">2.703,74 \u20ac<\/p>\n<\/td>\n<\/tr>\n<tr>\n<td>\n<p align=\"left\"><strong>Minimum cotisable 17 \u00e0 18 ans : 80%<\/strong><\/p>\n<\/td>\n<td>\n<p align=\"center\">2.162,99 \u20ac<\/p>\n<\/td>\n<\/tr>\n<tr>\n<td>\n<p align=\"left\"><strong>Minimum cotisable 15 \u00e0 17 ans : 75%<\/strong><\/p>\n<\/td>\n<td>\n<p align=\"center\">2.027,80 \u20ac<\/p>\n<\/td>\n<\/tr>\n<tr>\n<td>\n<p align=\"left\"><strong>Minimum cotisable 18 ans et plus qualifi\u00e9 : 120%\u00a0<\/strong><\/p>\n<\/td>\n<td>\n<p align=\"center\">3.244,48 \u20ac<\/p>\n<\/td>\n<\/tr>\n<tr>\n<td>\n<p align=\"left\"><strong>Maximum cotisable (5 x SSM)<\/strong><\/p>\n<\/td>\n<td>\n<p align=\"center\">13.518,68 \u20ac<\/p>\n<\/td>\n<\/tr>\n<\/tbody>\n<\/table>\n<p>(1) Cette majoration s\u2019applique uniquement aux assur\u00e9s ayant droit \u00e0 l\u2019indemnit\u00e9 p\u00e9cuniaire.<\/p>\n<p>(2) Un abattement correspondant \u00e0 un quart du salaire social minimum est \u00e0 prendre en consid\u00e9ration pour fixer l\u2019assiette cotisable en mati\u00e8re d\u2019assurance d\u00e9pendance (675,93 \u20ac). Cet abattement est proratis\u00e9 en fonction du nombre d\u2019heures d\u00e9clar\u00e9es par rapport \u00e0 173 heures, si la dur\u00e9e du travail au service d\u2019un employeur est inf\u00e9rieure \u00e0 150 heures pour un mois de calendrier.<\/p>\n<p>(3) Un syst\u00e8me bonus-malus est en place depuis l\u2019exercice 2019\u00a0: Pour plus d\u2019informations veuillez consulter le site de l\u2019<a title=\"https:\/\/aaa.public.lu\/fr\/prestations-cotisations\/cotisations\/bonusmalus.html\" href=\"https:\/\/aaa.public.lu\/fr\/prestations-cotisations\/cotisations\/bonusmalus.html\">AAA<\/a>. Depuis le <span lang=\"FR-CH\">1<sup>er<\/sup> janvier 2026<\/span><span lang=\"FR-CH\">, le taux de cotisation unique, fix\u00e9 \u00e0 0,65%, est multipli\u00e9 pour chaque cotisant par son facteur bonus-malus qui pourra prendre les valeurs 0,85 ; 1,0 ; 1,1 ; 1,3 ou 1,5.<\/span><\/p>\n<h3>Pour en savoir plus<\/h3>\n<p>Sources :<\/p>\n<ul>\n<li>CCSS &#8211; <a href=\"https:\/\/ccss.public.lu\/fr\/parametres-sociaux.html\" target=\"_blank\" rel=\"noopener\">Taux de cotisation<\/a><\/li>\n<li>IGSS &#8211; <a href=\"https:\/\/igss.gouvernement.lu\/fr\/publications\/parametres-sociaux\/202601.html\" target=\"_blank\" rel=\"noopener\">Param\u00e8tres sociaux valables au 1er Janvier 2026<\/a><\/li>\n<\/ul>\n[\/vc_column_text][\/vc_column][\/vc_row]\n","protected":false},"excerpt":{"rendered":"<p>[vc_row type=\u00a0\u00bbfull_width_background\u00a0\u00bb full_screen_row_position=\u00a0\u00bbmiddle\u00a0\u00bb column_margin=\u00a0\u00bbdefault\u00a0\u00bb column_direction=\u00a0\u00bbdefault\u00a0\u00bb column_direction_tablet=\u00a0\u00bbdefault\u00a0\u00bb column_direction_phone=\u00a0\u00bbdefault\u00a0\u00bb bg_image=\u00a0\u00bb3095&Prime; bg_position=\u00a0\u00bbcenter center\u00a0\u00bb background_image_loading=\u00a0\u00bbdefault\u00a0\u00bb bg_repeat=\u00a0\u00bbno-repeat\u00a0\u00bb scene_position=\u00a0\u00bbcenter\u00a0\u00bb top_padding=\u00a0\u00bb7%\u00a0\u00bb bottom_padding=\u00a0\u00bb7%\u00a0\u00bb text_color=\u00a0\u00bblight\u00a0\u00bb text_align=\u00a0\u00bbright\u00a0\u00bb row_border_radius=\u00a0\u00bbnone\u00a0\u00bb row_border_radius_applies=\u00a0\u00bbbg\u00a0\u00bb overflow=\u00a0\u00bbvisible\u00a0\u00bb class=\u00a0\u00bbrow-bg-overlay\u00a0\u00bb enable_gradient=\u00a0\u00bbtrue\u00a0\u00bb color_overlay=\u00a0\u00bb#000000&Prime; color_overlay_2=\u00a0\u00bb#444444&Prime; advanced_gradient_angle=\u00a0\u00bb0&Prime; overlay_strength=\u00a0\u00bb0.8&Prime; gradient_direction=\u00a0\u00bbtop_to_bottom\u00a0\u00bb shape_divider_position=\u00a0\u00bbbottom\u00a0\u00bb bg_image_animation=\u00a0\u00bbnone\u00a0\u00bb shape_type=\u00a0\u00bb\u00a0\u00bb&#8230;<\/p>\n","protected":false},"author":7,"featured_media":0,"parent":0,"menu_order":0,"comment_status":"closed","ping_status":"closed","template":"","meta":{"_acf_changed":false,"inline_featured_image":false,"footnotes":""},"class_list":["post-1240","page","type-page","status-publish"],"acf":[],"yoast_head":"<!-- This site is optimized with the Yoast SEO plugin v26.8 - https:\/\/yoast.com\/product\/yoast-seo-wordpress\/ -->\n<title>Param\u00e8tres sociaux - UEL<\/title>\n<meta name=\"robots\" content=\"index, follow, max-snippet:-1, max-image-preview:large, max-video-preview:-1\" \/>\n<link rel=\"canonical\" href=\"https:\/\/uel.lu\/fr\/parametres_sociaux\/\" \/>\n<meta property=\"og:locale\" content=\"fr_FR\" \/>\n<meta property=\"og:type\" content=\"article\" \/>\n<meta property=\"og:title\" content=\"Param\u00e8tres sociaux - UEL\" \/>\n<meta property=\"og:description\" content=\"[vc_row type=\u00a0\u00bbfull_width_background\u00a0\u00bb full_screen_row_position=\u00a0\u00bbmiddle\u00a0\u00bb column_margin=\u00a0\u00bbdefault\u00a0\u00bb column_direction=\u00a0\u00bbdefault\u00a0\u00bb column_direction_tablet=\u00a0\u00bbdefault\u00a0\u00bb column_direction_phone=\u00a0\u00bbdefault\u00a0\u00bb bg_image=\u00a0\u00bb3095&Prime; bg_position=\u00a0\u00bbcenter center\u00a0\u00bb background_image_loading=\u00a0\u00bbdefault\u00a0\u00bb bg_repeat=\u00a0\u00bbno-repeat\u00a0\u00bb scene_position=\u00a0\u00bbcenter\u00a0\u00bb top_padding=\u00a0\u00bb7%\u00a0\u00bb bottom_padding=\u00a0\u00bb7%\u00a0\u00bb text_color=\u00a0\u00bblight\u00a0\u00bb text_align=\u00a0\u00bbright\u00a0\u00bb row_border_radius=\u00a0\u00bbnone\u00a0\u00bb row_border_radius_applies=\u00a0\u00bbbg\u00a0\u00bb overflow=\u00a0\u00bbvisible\u00a0\u00bb class=\u00a0\u00bbrow-bg-overlay\u00a0\u00bb enable_gradient=\u00a0\u00bbtrue\u00a0\u00bb color_overlay=\u00a0\u00bb#000000&Prime; color_overlay_2=\u00a0\u00bb#444444&Prime; advanced_gradient_angle=\u00a0\u00bb0&Prime; overlay_strength=\u00a0\u00bb0.8&Prime; gradient_direction=\u00a0\u00bbtop_to_bottom\u00a0\u00bb shape_divider_position=\u00a0\u00bbbottom\u00a0\u00bb bg_image_animation=\u00a0\u00bbnone\u00a0\u00bb shape_type=\u00a0\u00bb\u00a0\u00bb...\" \/>\n<meta property=\"og:url\" content=\"https:\/\/uel.lu\/fr\/parametres_sociaux\/\" \/>\n<meta property=\"og:site_name\" content=\"UEL\" \/>\n<meta property=\"article:modified_time\" content=\"2026-01-05T09:07:31+00:00\" \/>\n<meta name=\"twitter:card\" content=\"summary_large_image\" \/>\n<meta name=\"twitter:site\" content=\"@uel_lu\" \/>\n<meta name=\"twitter:label1\" content=\"Dur\u00e9e de lecture estim\u00e9e\" \/>\n\t<meta name=\"twitter:data1\" content=\"2 minutes\" \/>\n<script type=\"application\/ld+json\" class=\"yoast-schema-graph\">{\"@context\":\"https:\/\/schema.org\",\"@graph\":[{\"@type\":\"WebPage\",\"@id\":\"https:\/\/uel.lu\/fr\/parametres_sociaux\/\",\"url\":\"https:\/\/uel.lu\/fr\/parametres_sociaux\/\",\"name\":\"Param\u00e8tres sociaux - UEL\",\"isPartOf\":{\"@id\":\"https:\/\/uel.lu\/fr\/#website\"},\"datePublished\":\"2019-05-27T14:55:11+00:00\",\"dateModified\":\"2026-01-05T09:07:31+00:00\",\"breadcrumb\":{\"@id\":\"https:\/\/uel.lu\/fr\/parametres_sociaux\/#breadcrumb\"},\"inLanguage\":\"fr-FR\",\"potentialAction\":[{\"@type\":\"ReadAction\",\"target\":[\"https:\/\/uel.lu\/fr\/parametres_sociaux\/\"]}]},{\"@type\":\"BreadcrumbList\",\"@id\":\"https:\/\/uel.lu\/fr\/parametres_sociaux\/#breadcrumb\",\"itemListElement\":[{\"@type\":\"ListItem\",\"position\":1,\"name\":\"Startseite\",\"item\":\"https:\/\/uel.lu\/fr\/\"},{\"@type\":\"ListItem\",\"position\":2,\"name\":\"Param\u00e8tres sociaux\"}]},{\"@type\":\"WebSite\",\"@id\":\"https:\/\/uel.lu\/fr\/#website\",\"url\":\"https:\/\/uel.lu\/fr\/\",\"name\":\"Union des Entreprises Luxembourgeoises\",\"description\":\"Union des Entreprises Luxembourgeoises\",\"publisher\":{\"@id\":\"https:\/\/uel.lu\/fr\/#organization\"},\"alternateName\":\"UEL\",\"potentialAction\":[{\"@type\":\"SearchAction\",\"target\":{\"@type\":\"EntryPoint\",\"urlTemplate\":\"https:\/\/uel.lu\/fr\/?s={search_term_string}\"},\"query-input\":{\"@type\":\"PropertyValueSpecification\",\"valueRequired\":true,\"valueName\":\"search_term_string\"}}],\"inLanguage\":\"fr-FR\"},{\"@type\":\"Organization\",\"@id\":\"https:\/\/uel.lu\/fr\/#organization\",\"name\":\"Union des Entreprises Luxembourgeoises\",\"alternateName\":\"UEL\",\"url\":\"https:\/\/uel.lu\/fr\/\",\"logo\":{\"@type\":\"ImageObject\",\"inLanguage\":\"fr-FR\",\"@id\":\"https:\/\/uel.lu\/fr\/#\/schema\/logo\/image\/\",\"url\":\"https:\/\/www.uel.lu\/wp-content\/uploads\/2019\/07\/uel_logo_.png\",\"contentUrl\":\"https:\/\/www.uel.lu\/wp-content\/uploads\/2019\/07\/uel_logo_.png\",\"width\":150,\"height\":118,\"caption\":\"Union des Entreprises Luxembourgeoises\"},\"image\":{\"@id\":\"https:\/\/uel.lu\/fr\/#\/schema\/logo\/image\/\"},\"sameAs\":[\"https:\/\/x.com\/uel_lu\",\"https:\/\/www.linkedin.com\/company\/union-des-entreprises-luxembourgeoises---uel\/\"]}]}<\/script>\n<!-- \/ Yoast SEO plugin. -->","yoast_head_json":{"title":"Param\u00e8tres sociaux - UEL","robots":{"index":"index","follow":"follow","max-snippet":"max-snippet:-1","max-image-preview":"max-image-preview:large","max-video-preview":"max-video-preview:-1"},"canonical":"https:\/\/uel.lu\/fr\/parametres_sociaux\/","og_locale":"fr_FR","og_type":"article","og_title":"Param\u00e8tres sociaux - UEL","og_description":"[vc_row type=\u00a0\u00bbfull_width_background\u00a0\u00bb full_screen_row_position=\u00a0\u00bbmiddle\u00a0\u00bb column_margin=\u00a0\u00bbdefault\u00a0\u00bb column_direction=\u00a0\u00bbdefault\u00a0\u00bb column_direction_tablet=\u00a0\u00bbdefault\u00a0\u00bb column_direction_phone=\u00a0\u00bbdefault\u00a0\u00bb bg_image=\u00a0\u00bb3095&Prime; bg_position=\u00a0\u00bbcenter center\u00a0\u00bb background_image_loading=\u00a0\u00bbdefault\u00a0\u00bb bg_repeat=\u00a0\u00bbno-repeat\u00a0\u00bb scene_position=\u00a0\u00bbcenter\u00a0\u00bb top_padding=\u00a0\u00bb7%\u00a0\u00bb bottom_padding=\u00a0\u00bb7%\u00a0\u00bb text_color=\u00a0\u00bblight\u00a0\u00bb text_align=\u00a0\u00bbright\u00a0\u00bb row_border_radius=\u00a0\u00bbnone\u00a0\u00bb row_border_radius_applies=\u00a0\u00bbbg\u00a0\u00bb overflow=\u00a0\u00bbvisible\u00a0\u00bb class=\u00a0\u00bbrow-bg-overlay\u00a0\u00bb enable_gradient=\u00a0\u00bbtrue\u00a0\u00bb color_overlay=\u00a0\u00bb#000000&Prime; color_overlay_2=\u00a0\u00bb#444444&Prime; advanced_gradient_angle=\u00a0\u00bb0&Prime; overlay_strength=\u00a0\u00bb0.8&Prime; gradient_direction=\u00a0\u00bbtop_to_bottom\u00a0\u00bb shape_divider_position=\u00a0\u00bbbottom\u00a0\u00bb bg_image_animation=\u00a0\u00bbnone\u00a0\u00bb shape_type=\u00a0\u00bb\u00a0\u00bb...","og_url":"https:\/\/uel.lu\/fr\/parametres_sociaux\/","og_site_name":"UEL","article_modified_time":"2026-01-05T09:07:31+00:00","twitter_card":"summary_large_image","twitter_site":"@uel_lu","twitter_misc":{"Dur\u00e9e de lecture estim\u00e9e":"2 minutes"},"schema":{"@context":"https:\/\/schema.org","@graph":[{"@type":"WebPage","@id":"https:\/\/uel.lu\/fr\/parametres_sociaux\/","url":"https:\/\/uel.lu\/fr\/parametres_sociaux\/","name":"Param\u00e8tres sociaux - UEL","isPartOf":{"@id":"https:\/\/uel.lu\/fr\/#website"},"datePublished":"2019-05-27T14:55:11+00:00","dateModified":"2026-01-05T09:07:31+00:00","breadcrumb":{"@id":"https:\/\/uel.lu\/fr\/parametres_sociaux\/#breadcrumb"},"inLanguage":"fr-FR","potentialAction":[{"@type":"ReadAction","target":["https:\/\/uel.lu\/fr\/parametres_sociaux\/"]}]},{"@type":"BreadcrumbList","@id":"https:\/\/uel.lu\/fr\/parametres_sociaux\/#breadcrumb","itemListElement":[{"@type":"ListItem","position":1,"name":"Startseite","item":"https:\/\/uel.lu\/fr\/"},{"@type":"ListItem","position":2,"name":"Param\u00e8tres sociaux"}]},{"@type":"WebSite","@id":"https:\/\/uel.lu\/fr\/#website","url":"https:\/\/uel.lu\/fr\/","name":"Union des Entreprises Luxembourgeoises","description":"Union des Entreprises Luxembourgeoises","publisher":{"@id":"https:\/\/uel.lu\/fr\/#organization"},"alternateName":"UEL","potentialAction":[{"@type":"SearchAction","target":{"@type":"EntryPoint","urlTemplate":"https:\/\/uel.lu\/fr\/?s={search_term_string}"},"query-input":{"@type":"PropertyValueSpecification","valueRequired":true,"valueName":"search_term_string"}}],"inLanguage":"fr-FR"},{"@type":"Organization","@id":"https:\/\/uel.lu\/fr\/#organization","name":"Union des Entreprises Luxembourgeoises","alternateName":"UEL","url":"https:\/\/uel.lu\/fr\/","logo":{"@type":"ImageObject","inLanguage":"fr-FR","@id":"https:\/\/uel.lu\/fr\/#\/schema\/logo\/image\/","url":"https:\/\/www.uel.lu\/wp-content\/uploads\/2019\/07\/uel_logo_.png","contentUrl":"https:\/\/www.uel.lu\/wp-content\/uploads\/2019\/07\/uel_logo_.png","width":150,"height":118,"caption":"Union des Entreprises Luxembourgeoises"},"image":{"@id":"https:\/\/uel.lu\/fr\/#\/schema\/logo\/image\/"},"sameAs":["https:\/\/x.com\/uel_lu","https:\/\/www.linkedin.com\/company\/union-des-entreprises-luxembourgeoises---uel\/"]}]}},"_links":{"self":[{"href":"https:\/\/uel.lu\/fr\/wp-json\/wp\/v2\/pages\/1240","targetHints":{"allow":["GET"]}}],"collection":[{"href":"https:\/\/uel.lu\/fr\/wp-json\/wp\/v2\/pages"}],"about":[{"href":"https:\/\/uel.lu\/fr\/wp-json\/wp\/v2\/types\/page"}],"author":[{"embeddable":true,"href":"https:\/\/uel.lu\/fr\/wp-json\/wp\/v2\/users\/7"}],"replies":[{"embeddable":true,"href":"https:\/\/uel.lu\/fr\/wp-json\/wp\/v2\/comments?post=1240"}],"version-history":[{"count":65,"href":"https:\/\/uel.lu\/fr\/wp-json\/wp\/v2\/pages\/1240\/revisions"}],"predecessor-version":[{"id":25643,"href":"https:\/\/uel.lu\/fr\/wp-json\/wp\/v2\/pages\/1240\/revisions\/25643"}],"wp:attachment":[{"href":"https:\/\/uel.lu\/fr\/wp-json\/wp\/v2\/media?parent=1240"}],"curies":[{"name":"wp","href":"https:\/\/api.w.org\/{rel}","templated":true}]}}