{"id":1202,"date":"2019-05-27T14:06:12","date_gmt":"2019-05-27T14:06:12","guid":{"rendered":"http:\/\/uel.lu\/?page_id=1202"},"modified":"2022-08-09T08:44:23","modified_gmt":"2022-08-09T06:44:23","slug":"assurance-maladie","status":"publish","type":"page","link":"https:\/\/uel.lu\/fr\/assurance-maladie\/","title":{"rendered":"Assurance maladie-maternit\u00e9"},"content":{"rendered":"[vc_row type=\u00a0\u00bbfull_width_background\u00a0\u00bb full_screen_row_position=\u00a0\u00bbmiddle\u00a0\u00bb column_margin=\u00a0\u00bbdefault\u00a0\u00bb column_direction=\u00a0\u00bbdefault\u00a0\u00bb column_direction_tablet=\u00a0\u00bbdefault\u00a0\u00bb column_direction_phone=\u00a0\u00bbdefault\u00a0\u00bb bg_image=\u00a0\u00bb2987&Prime; bg_position=\u00a0\u00bbcenter center\u00a0\u00bb background_image_loading=\u00a0\u00bbdefault\u00a0\u00bb bg_repeat=\u00a0\u00bbno-repeat\u00a0\u00bb scene_position=\u00a0\u00bbcenter\u00a0\u00bb top_padding=\u00a0\u00bb5%\u00a0\u00bb bottom_padding=\u00a0\u00bb7%\u00a0\u00bb text_color=\u00a0\u00bblight\u00a0\u00bb text_align=\u00a0\u00bbright\u00a0\u00bb row_border_radius=\u00a0\u00bbnone\u00a0\u00bb row_border_radius_applies=\u00a0\u00bbbg\u00a0\u00bb overflow=\u00a0\u00bbvisible\u00a0\u00bb class=\u00a0\u00bbrow-bg-overlay\u00a0\u00bb enable_gradient=\u00a0\u00bbtrue\u00a0\u00bb color_overlay=\u00a0\u00bb#000000&Prime; color_overlay_2=\u00a0\u00bb#444444&Prime; advanced_gradient_angle=\u00a0\u00bb0&Prime; overlay_strength=\u00a0\u00bb0.8&Prime; gradient_direction=\u00a0\u00bbtop_to_bottom\u00a0\u00bb shape_divider_position=\u00a0\u00bbbottom\u00a0\u00bb bg_image_animation=\u00a0\u00bbnone\u00a0\u00bb shape_type=\u00a0\u00bb\u00a0\u00bb gradient_type=\u00a0\u00bbdefault\u00a0\u00bb][vc_column column_padding=\u00a0\u00bbno-extra-padding\u00a0\u00bb column_padding_tablet=\u00a0\u00bbinherit\u00a0\u00bb column_padding_phone=\u00a0\u00bbinherit\u00a0\u00bb column_padding_position=\u00a0\u00bball\u00a0\u00bb column_element_spacing=\u00a0\u00bbdefault\u00a0\u00bb background_color_opacity=\u00a0\u00bb1&Prime; background_hover_color_opacity=\u00a0\u00bb1&Prime; column_shadow=\u00a0\u00bbnone\u00a0\u00bb column_border_radius=\u00a0\u00bbnone\u00a0\u00bb column_link_target=\u00a0\u00bb_self\u00a0\u00bb column_position=\u00a0\u00bbdefault\u00a0\u00bb gradient_direction=\u00a0\u00bbleft_to_right\u00a0\u00bb overlay_strength=\u00a0\u00bb0.3&Prime; width=\u00a0\u00bb1\/1&Prime; tablet_width_inherit=\u00a0\u00bbdefault\u00a0\u00bb tablet_text_alignment=\u00a0\u00bbdefault\u00a0\u00bb phone_text_alignment=\u00a0\u00bbdefault\u00a0\u00bb animation_type=\u00a0\u00bbdefault\u00a0\u00bb bg_image_animation=\u00a0\u00bbnone\u00a0\u00bb border_type=\u00a0\u00bbsimple\u00a0\u00bb column_border_width=\u00a0\u00bbnone\u00a0\u00bb column_border_style=\u00a0\u00bbsolid\u00a0\u00bb][vc_custom_heading text=\u00a0\u00bbAssurance maladie-maternit\u00e9\u00a0\u00bb use_theme_fonts=\u00a0\u00bbyes\u00a0\u00bb][divider line_type=\u00a0\u00bbNo Line\u00a0\u00bb custom_height=\u00a0\u00bb20&Prime;][vc_column_text]\n<p style=\"text-align: left;\">Le Grand-Duch\u00e9 de Luxembourg dispose d\u2019un syst\u00e8me d\u2019assurance maladie-maternit\u00e9 auquel pratiquement l\u2019ensemble de la population prot\u00e9g\u00e9e r\u00e9sidente et non-r\u00e9sidente a acc\u00e8s. Les ressources du financement des d\u00e9penses de l\u2019assurance maladie-maternit\u00e9 sont essentiellement constitu\u00e9es par les cotisations en provenance des assur\u00e9s, des employeurs et de l\u2019Etat. Les d\u00e9penses comprennent principalement les prestations en nature et les prestations en esp\u00e8ces.<\/p>\n[\/vc_column_text][\/vc_column][\/vc_row][vc_row type=\u00a0\u00bbin_container\u00a0\u00bb full_screen_row_position=\u00a0\u00bbmiddle\u00a0\u00bb column_margin=\u00a0\u00bbdefault\u00a0\u00bb column_direction=\u00a0\u00bbdefault\u00a0\u00bb column_direction_tablet=\u00a0\u00bbdefault\u00a0\u00bb column_direction_phone=\u00a0\u00bbdefault\u00a0\u00bb scene_position=\u00a0\u00bbcenter\u00a0\u00bb top_padding=\u00a0\u00bb5%\u00a0\u00bb bottom_padding=\u00a0\u00bb5%\u00a0\u00bb text_color=\u00a0\u00bbdark\u00a0\u00bb text_align=\u00a0\u00bbleft\u00a0\u00bb row_border_radius=\u00a0\u00bbnone\u00a0\u00bb row_border_radius_applies=\u00a0\u00bbbg\u00a0\u00bb overflow=\u00a0\u00bbvisible\u00a0\u00bb overlay_strength=\u00a0\u00bb0.3&Prime; gradient_direction=\u00a0\u00bbleft_to_right\u00a0\u00bb shape_divider_position=\u00a0\u00bbbottom\u00a0\u00bb bg_image_animation=\u00a0\u00bbnone\u00a0\u00bb shape_type=\u00a0\u00bb\u00a0\u00bb][vc_column column_padding=\u00a0\u00bbno-extra-padding\u00a0\u00bb column_padding_tablet=\u00a0\u00bbinherit\u00a0\u00bb column_padding_phone=\u00a0\u00bbinherit\u00a0\u00bb column_padding_position=\u00a0\u00bball\u00a0\u00bb column_element_spacing=\u00a0\u00bbdefault\u00a0\u00bb background_color_opacity=\u00a0\u00bb1&Prime; background_hover_color_opacity=\u00a0\u00bb1&Prime; column_shadow=\u00a0\u00bbnone\u00a0\u00bb column_border_radius=\u00a0\u00bbnone\u00a0\u00bb column_link_target=\u00a0\u00bb_self\u00a0\u00bb column_position=\u00a0\u00bbdefault\u00a0\u00bb gradient_direction=\u00a0\u00bbleft_to_right\u00a0\u00bb overlay_strength=\u00a0\u00bb0.3&Prime; width=\u00a0\u00bb1\/1&Prime; tablet_width_inherit=\u00a0\u00bbdefault\u00a0\u00bb tablet_text_alignment=\u00a0\u00bbdefault\u00a0\u00bb phone_text_alignment=\u00a0\u00bbdefault\u00a0\u00bb animation_type=\u00a0\u00bbdefault\u00a0\u00bb bg_image_animation=\u00a0\u00bbnone\u00a0\u00bb border_type=\u00a0\u00bbsimple\u00a0\u00bb column_border_width=\u00a0\u00bbnone\u00a0\u00bb column_border_style=\u00a0\u00bbsolid\u00a0\u00bb][vc_column_text]La gestion de l\u2019assurance maladie-maternit\u00e9 incombe \u00e0 la Caisse nationale de sant\u00e9 (CNS) qui est plac\u00e9e sous la responsabilit\u00e9 du Conseil d\u2019administration et qui se compose en dehors du pr\u00e9sident, repr\u00e9sentant de l&rsquo;\u00c9tat,<\/p>\n<ul>\n<li>de cinq d\u00e9l\u00e9gu\u00e9s des salari\u00e9s du secteur priv\u00e9, d\u00e9sign\u00e9s par la Chambre des salari\u00e9s<\/li>\n<li>de trois d\u00e9l\u00e9gu\u00e9s du secteur public,<\/li>\n<li>d\u2019un d\u00e9l\u00e9gu\u00e9 des non-salari\u00e9s d\u00e9sign\u00e9 par la Chambre de commerce,<\/li>\n<li>d&rsquo;un d\u00e9l\u00e9gu\u00e9 des non-salari\u00e9s d\u00e9sign\u00e9 par la Chambre des m\u00e9tiers,<\/li>\n<li>d&rsquo;un d\u00e9l\u00e9gu\u00e9 des non-salari\u00e9s d\u00e9sign\u00e9 par la Chambre d&rsquo;agriculture,<\/li>\n<li>de cinq d\u00e9l\u00e9gu\u00e9s des employeurs d\u00e9sign\u00e9s par la Chambre de Commerce et Chambre des m\u00e9tiers.<\/li>\n<\/ul>\n<h3><\/h3>\n<p>&nbsp;<\/p>\n<h3>Documents<\/h3>\n<ul>\n<li><a href=\"https:\/\/www.uel.lu\/wp-content\/uploads\/2019\/08\/Re\u0301forme-de-la-CNS_Note.pdf\" target=\"_blank\" rel=\"noopener noreferrer\">Re\u0301forme de la CNS<\/a> &#8211; <em>f\u00e9vrier 2016<\/em><\/li>\n<li><a href=\"http:\/\/uel.lu\/wp-content\/uploads\/2019\/06\/CNS_Gouvernance_Analyse_2011-2-17.pdf\" target=\"_blank\" rel=\"noopener noreferrer\">R\u00e9forme de la gouvernance de la Caisse nationale de sant\u00e9<\/a> &#8211; <em>17 f\u00e9vrier 2011<\/em><\/li>\n<li><a href=\"http:\/\/uel.lu\/wp-content\/uploads\/2019\/06\/Soigner_mieux-depenser_moins_2010-10-12.pdf\" target=\"_blank\" rel=\"noopener noreferrer\">Feuille de route \u00ab Soigner mieux en d\u00e9pensant moins \u00bb<\/a><em> &#8211; 15 octobre 2010<\/em><\/li>\n<\/ul>\n<h3><\/h3>\n<p>&nbsp;<\/p>\n<h3>Pour en savoir plus<\/h3>\n<ul>\n<li><span lang=\"FR\"><a href=\"http:\/\/www.secu.lu\/\" target=\"_blank\" rel=\"noopener noreferrer\">Institutions de s\u00e9curit\u00e9 sociale<\/a><\/span><\/li>\n<\/ul>\n[\/vc_column_text][\/vc_column][\/vc_row]\n","protected":false},"excerpt":{"rendered":"<p>[vc_row type=\u00a0\u00bbfull_width_background\u00a0\u00bb full_screen_row_position=\u00a0\u00bbmiddle\u00a0\u00bb column_margin=\u00a0\u00bbdefault\u00a0\u00bb column_direction=\u00a0\u00bbdefault\u00a0\u00bb column_direction_tablet=\u00a0\u00bbdefault\u00a0\u00bb column_direction_phone=\u00a0\u00bbdefault\u00a0\u00bb bg_image=\u00a0\u00bb2987&Prime; bg_position=\u00a0\u00bbcenter center\u00a0\u00bb background_image_loading=\u00a0\u00bbdefault\u00a0\u00bb bg_repeat=\u00a0\u00bbno-repeat\u00a0\u00bb scene_position=\u00a0\u00bbcenter\u00a0\u00bb top_padding=\u00a0\u00bb5%\u00a0\u00bb bottom_padding=\u00a0\u00bb7%\u00a0\u00bb text_color=\u00a0\u00bblight\u00a0\u00bb text_align=\u00a0\u00bbright\u00a0\u00bb row_border_radius=\u00a0\u00bbnone\u00a0\u00bb row_border_radius_applies=\u00a0\u00bbbg\u00a0\u00bb overflow=\u00a0\u00bbvisible\u00a0\u00bb class=\u00a0\u00bbrow-bg-overlay\u00a0\u00bb enable_gradient=\u00a0\u00bbtrue\u00a0\u00bb color_overlay=\u00a0\u00bb#000000&Prime; color_overlay_2=\u00a0\u00bb#444444&Prime; advanced_gradient_angle=\u00a0\u00bb0&Prime; overlay_strength=\u00a0\u00bb0.8&Prime; gradient_direction=\u00a0\u00bbtop_to_bottom\u00a0\u00bb shape_divider_position=\u00a0\u00bbbottom\u00a0\u00bb bg_image_animation=\u00a0\u00bbnone\u00a0\u00bb shape_type=\u00a0\u00bb\u00a0\u00bb&#8230;<\/p>\n","protected":false},"author":7,"featured_media":3156,"parent":0,"menu_order":0,"comment_status":"closed","ping_status":"closed","template":"","meta":{"_acf_changed":false,"inline_featured_image":false,"footnotes":""},"class_list":["post-1202","page","type-page","status-publish","has-post-thumbnail"],"acf":[],"yoast_head":"<!-- This site is optimized with the Yoast SEO plugin v26.8 - https:\/\/yoast.com\/product\/yoast-seo-wordpress\/ -->\n<title>Assurance maladie-maternit\u00e9 - UEL<\/title>\n<meta name=\"robots\" content=\"index, follow, max-snippet:-1, max-image-preview:large, max-video-preview:-1\" \/>\n<link rel=\"canonical\" href=\"https:\/\/uel.lu\/fr\/assurance-maladie\/\" \/>\n<meta property=\"og:locale\" content=\"fr_FR\" \/>\n<meta property=\"og:type\" content=\"article\" \/>\n<meta property=\"og:title\" content=\"Assurance maladie-maternit\u00e9 - UEL\" \/>\n<meta property=\"og:description\" content=\"[vc_row type=\u00a0\u00bbfull_width_background\u00a0\u00bb full_screen_row_position=\u00a0\u00bbmiddle\u00a0\u00bb column_margin=\u00a0\u00bbdefault\u00a0\u00bb column_direction=\u00a0\u00bbdefault\u00a0\u00bb column_direction_tablet=\u00a0\u00bbdefault\u00a0\u00bb column_direction_phone=\u00a0\u00bbdefault\u00a0\u00bb bg_image=\u00a0\u00bb2987&Prime; bg_position=\u00a0\u00bbcenter center\u00a0\u00bb background_image_loading=\u00a0\u00bbdefault\u00a0\u00bb bg_repeat=\u00a0\u00bbno-repeat\u00a0\u00bb scene_position=\u00a0\u00bbcenter\u00a0\u00bb top_padding=\u00a0\u00bb5%\u00a0\u00bb bottom_padding=\u00a0\u00bb7%\u00a0\u00bb text_color=\u00a0\u00bblight\u00a0\u00bb text_align=\u00a0\u00bbright\u00a0\u00bb row_border_radius=\u00a0\u00bbnone\u00a0\u00bb row_border_radius_applies=\u00a0\u00bbbg\u00a0\u00bb overflow=\u00a0\u00bbvisible\u00a0\u00bb class=\u00a0\u00bbrow-bg-overlay\u00a0\u00bb enable_gradient=\u00a0\u00bbtrue\u00a0\u00bb color_overlay=\u00a0\u00bb#000000&Prime; color_overlay_2=\u00a0\u00bb#444444&Prime; advanced_gradient_angle=\u00a0\u00bb0&Prime; overlay_strength=\u00a0\u00bb0.8&Prime; gradient_direction=\u00a0\u00bbtop_to_bottom\u00a0\u00bb shape_divider_position=\u00a0\u00bbbottom\u00a0\u00bb bg_image_animation=\u00a0\u00bbnone\u00a0\u00bb shape_type=\u00a0\u00bb\u00a0\u00bb...\" \/>\n<meta property=\"og:url\" content=\"https:\/\/uel.lu\/fr\/assurance-maladie\/\" \/>\n<meta property=\"og:site_name\" content=\"UEL\" \/>\n<meta property=\"article:modified_time\" content=\"2022-08-09T06:44:23+00:00\" \/>\n<meta property=\"og:image\" content=\"https:\/\/uel.lu\/wp-content\/uploads\/2019\/06\/GettyImages-1024653296.jpg\" \/>\n\t<meta property=\"og:image:width\" content=\"7201\" \/>\n\t<meta property=\"og:image:height\" content=\"4864\" \/>\n\t<meta property=\"og:image:type\" content=\"image\/jpeg\" \/>\n<meta name=\"twitter:card\" content=\"summary_large_image\" \/>\n<meta name=\"twitter:site\" content=\"@uel_lu\" \/>\n<meta name=\"twitter:label1\" content=\"Dur\u00e9e de lecture estim\u00e9e\" \/>\n\t<meta name=\"twitter:data1\" content=\"3 minutes\" \/>\n<script type=\"application\/ld+json\" class=\"yoast-schema-graph\">{\"@context\":\"https:\/\/schema.org\",\"@graph\":[{\"@type\":\"WebPage\",\"@id\":\"https:\/\/uel.lu\/fr\/assurance-maladie\/\",\"url\":\"https:\/\/uel.lu\/fr\/assurance-maladie\/\",\"name\":\"Assurance maladie-maternit\u00e9 - UEL\",\"isPartOf\":{\"@id\":\"https:\/\/uel.lu\/fr\/#website\"},\"primaryImageOfPage\":{\"@id\":\"https:\/\/uel.lu\/fr\/assurance-maladie\/#primaryimage\"},\"image\":{\"@id\":\"https:\/\/uel.lu\/fr\/assurance-maladie\/#primaryimage\"},\"thumbnailUrl\":\"https:\/\/uel.lu\/wp-content\/uploads\/2019\/06\/GettyImages-1024653296.jpg\",\"datePublished\":\"2019-05-27T14:06:12+00:00\",\"dateModified\":\"2022-08-09T06:44:23+00:00\",\"breadcrumb\":{\"@id\":\"https:\/\/uel.lu\/fr\/assurance-maladie\/#breadcrumb\"},\"inLanguage\":\"fr-FR\",\"potentialAction\":[{\"@type\":\"ReadAction\",\"target\":[\"https:\/\/uel.lu\/fr\/assurance-maladie\/\"]}]},{\"@type\":\"ImageObject\",\"inLanguage\":\"fr-FR\",\"@id\":\"https:\/\/uel.lu\/fr\/assurance-maladie\/#primaryimage\",\"url\":\"https:\/\/uel.lu\/wp-content\/uploads\/2019\/06\/GettyImages-1024653296.jpg\",\"contentUrl\":\"https:\/\/uel.lu\/wp-content\/uploads\/2019\/06\/GettyImages-1024653296.jpg\",\"width\":7201,\"height\":4864,\"caption\":\"Cropped shot of a mature female doctor working with a senior male patient in her office in the hospital\"},{\"@type\":\"BreadcrumbList\",\"@id\":\"https:\/\/uel.lu\/fr\/assurance-maladie\/#breadcrumb\",\"itemListElement\":[{\"@type\":\"ListItem\",\"position\":1,\"name\":\"Startseite\",\"item\":\"https:\/\/uel.lu\/fr\/\"},{\"@type\":\"ListItem\",\"position\":2,\"name\":\"Assurance maladie-maternit\u00e9\"}]},{\"@type\":\"WebSite\",\"@id\":\"https:\/\/uel.lu\/fr\/#website\",\"url\":\"https:\/\/uel.lu\/fr\/\",\"name\":\"Union des Entreprises Luxembourgeoises\",\"description\":\"Union des Entreprises Luxembourgeoises\",\"publisher\":{\"@id\":\"https:\/\/uel.lu\/fr\/#organization\"},\"alternateName\":\"UEL\",\"potentialAction\":[{\"@type\":\"SearchAction\",\"target\":{\"@type\":\"EntryPoint\",\"urlTemplate\":\"https:\/\/uel.lu\/fr\/?s={search_term_string}\"},\"query-input\":{\"@type\":\"PropertyValueSpecification\",\"valueRequired\":true,\"valueName\":\"search_term_string\"}}],\"inLanguage\":\"fr-FR\"},{\"@type\":\"Organization\",\"@id\":\"https:\/\/uel.lu\/fr\/#organization\",\"name\":\"Union des Entreprises Luxembourgeoises\",\"alternateName\":\"UEL\",\"url\":\"https:\/\/uel.lu\/fr\/\",\"logo\":{\"@type\":\"ImageObject\",\"inLanguage\":\"fr-FR\",\"@id\":\"https:\/\/uel.lu\/fr\/#\/schema\/logo\/image\/\",\"url\":\"https:\/\/www.uel.lu\/wp-content\/uploads\/2019\/07\/uel_logo_.png\",\"contentUrl\":\"https:\/\/www.uel.lu\/wp-content\/uploads\/2019\/07\/uel_logo_.png\",\"width\":150,\"height\":118,\"caption\":\"Union des Entreprises Luxembourgeoises\"},\"image\":{\"@id\":\"https:\/\/uel.lu\/fr\/#\/schema\/logo\/image\/\"},\"sameAs\":[\"https:\/\/x.com\/uel_lu\",\"https:\/\/www.linkedin.com\/company\/union-des-entreprises-luxembourgeoises---uel\/\"]}]}<\/script>\n<!-- \/ Yoast SEO plugin. -->","yoast_head_json":{"title":"Assurance maladie-maternit\u00e9 - UEL","robots":{"index":"index","follow":"follow","max-snippet":"max-snippet:-1","max-image-preview":"max-image-preview:large","max-video-preview":"max-video-preview:-1"},"canonical":"https:\/\/uel.lu\/fr\/assurance-maladie\/","og_locale":"fr_FR","og_type":"article","og_title":"Assurance maladie-maternit\u00e9 - UEL","og_description":"[vc_row type=\u00a0\u00bbfull_width_background\u00a0\u00bb full_screen_row_position=\u00a0\u00bbmiddle\u00a0\u00bb column_margin=\u00a0\u00bbdefault\u00a0\u00bb column_direction=\u00a0\u00bbdefault\u00a0\u00bb column_direction_tablet=\u00a0\u00bbdefault\u00a0\u00bb column_direction_phone=\u00a0\u00bbdefault\u00a0\u00bb bg_image=\u00a0\u00bb2987&Prime; bg_position=\u00a0\u00bbcenter center\u00a0\u00bb background_image_loading=\u00a0\u00bbdefault\u00a0\u00bb bg_repeat=\u00a0\u00bbno-repeat\u00a0\u00bb scene_position=\u00a0\u00bbcenter\u00a0\u00bb top_padding=\u00a0\u00bb5%\u00a0\u00bb bottom_padding=\u00a0\u00bb7%\u00a0\u00bb text_color=\u00a0\u00bblight\u00a0\u00bb text_align=\u00a0\u00bbright\u00a0\u00bb row_border_radius=\u00a0\u00bbnone\u00a0\u00bb row_border_radius_applies=\u00a0\u00bbbg\u00a0\u00bb overflow=\u00a0\u00bbvisible\u00a0\u00bb class=\u00a0\u00bbrow-bg-overlay\u00a0\u00bb enable_gradient=\u00a0\u00bbtrue\u00a0\u00bb color_overlay=\u00a0\u00bb#000000&Prime; color_overlay_2=\u00a0\u00bb#444444&Prime; advanced_gradient_angle=\u00a0\u00bb0&Prime; overlay_strength=\u00a0\u00bb0.8&Prime; gradient_direction=\u00a0\u00bbtop_to_bottom\u00a0\u00bb shape_divider_position=\u00a0\u00bbbottom\u00a0\u00bb bg_image_animation=\u00a0\u00bbnone\u00a0\u00bb shape_type=\u00a0\u00bb\u00a0\u00bb...","og_url":"https:\/\/uel.lu\/fr\/assurance-maladie\/","og_site_name":"UEL","article_modified_time":"2022-08-09T06:44:23+00:00","og_image":[{"width":7201,"height":4864,"url":"https:\/\/uel.lu\/wp-content\/uploads\/2019\/06\/GettyImages-1024653296.jpg","type":"image\/jpeg"}],"twitter_card":"summary_large_image","twitter_site":"@uel_lu","twitter_misc":{"Dur\u00e9e de lecture estim\u00e9e":"3 minutes"},"schema":{"@context":"https:\/\/schema.org","@graph":[{"@type":"WebPage","@id":"https:\/\/uel.lu\/fr\/assurance-maladie\/","url":"https:\/\/uel.lu\/fr\/assurance-maladie\/","name":"Assurance maladie-maternit\u00e9 - UEL","isPartOf":{"@id":"https:\/\/uel.lu\/fr\/#website"},"primaryImageOfPage":{"@id":"https:\/\/uel.lu\/fr\/assurance-maladie\/#primaryimage"},"image":{"@id":"https:\/\/uel.lu\/fr\/assurance-maladie\/#primaryimage"},"thumbnailUrl":"https:\/\/uel.lu\/wp-content\/uploads\/2019\/06\/GettyImages-1024653296.jpg","datePublished":"2019-05-27T14:06:12+00:00","dateModified":"2022-08-09T06:44:23+00:00","breadcrumb":{"@id":"https:\/\/uel.lu\/fr\/assurance-maladie\/#breadcrumb"},"inLanguage":"fr-FR","potentialAction":[{"@type":"ReadAction","target":["https:\/\/uel.lu\/fr\/assurance-maladie\/"]}]},{"@type":"ImageObject","inLanguage":"fr-FR","@id":"https:\/\/uel.lu\/fr\/assurance-maladie\/#primaryimage","url":"https:\/\/uel.lu\/wp-content\/uploads\/2019\/06\/GettyImages-1024653296.jpg","contentUrl":"https:\/\/uel.lu\/wp-content\/uploads\/2019\/06\/GettyImages-1024653296.jpg","width":7201,"height":4864,"caption":"Cropped shot of a mature female doctor working with a senior male patient in her office in the hospital"},{"@type":"BreadcrumbList","@id":"https:\/\/uel.lu\/fr\/assurance-maladie\/#breadcrumb","itemListElement":[{"@type":"ListItem","position":1,"name":"Startseite","item":"https:\/\/uel.lu\/fr\/"},{"@type":"ListItem","position":2,"name":"Assurance maladie-maternit\u00e9"}]},{"@type":"WebSite","@id":"https:\/\/uel.lu\/fr\/#website","url":"https:\/\/uel.lu\/fr\/","name":"Union des Entreprises Luxembourgeoises","description":"Union des Entreprises Luxembourgeoises","publisher":{"@id":"https:\/\/uel.lu\/fr\/#organization"},"alternateName":"UEL","potentialAction":[{"@type":"SearchAction","target":{"@type":"EntryPoint","urlTemplate":"https:\/\/uel.lu\/fr\/?s={search_term_string}"},"query-input":{"@type":"PropertyValueSpecification","valueRequired":true,"valueName":"search_term_string"}}],"inLanguage":"fr-FR"},{"@type":"Organization","@id":"https:\/\/uel.lu\/fr\/#organization","name":"Union des Entreprises Luxembourgeoises","alternateName":"UEL","url":"https:\/\/uel.lu\/fr\/","logo":{"@type":"ImageObject","inLanguage":"fr-FR","@id":"https:\/\/uel.lu\/fr\/#\/schema\/logo\/image\/","url":"https:\/\/www.uel.lu\/wp-content\/uploads\/2019\/07\/uel_logo_.png","contentUrl":"https:\/\/www.uel.lu\/wp-content\/uploads\/2019\/07\/uel_logo_.png","width":150,"height":118,"caption":"Union des Entreprises Luxembourgeoises"},"image":{"@id":"https:\/\/uel.lu\/fr\/#\/schema\/logo\/image\/"},"sameAs":["https:\/\/x.com\/uel_lu","https:\/\/www.linkedin.com\/company\/union-des-entreprises-luxembourgeoises---uel\/"]}]}},"_links":{"self":[{"href":"https:\/\/uel.lu\/fr\/wp-json\/wp\/v2\/pages\/1202","targetHints":{"allow":["GET"]}}],"collection":[{"href":"https:\/\/uel.lu\/fr\/wp-json\/wp\/v2\/pages"}],"about":[{"href":"https:\/\/uel.lu\/fr\/wp-json\/wp\/v2\/types\/page"}],"author":[{"embeddable":true,"href":"https:\/\/uel.lu\/fr\/wp-json\/wp\/v2\/users\/7"}],"replies":[{"embeddable":true,"href":"https:\/\/uel.lu\/fr\/wp-json\/wp\/v2\/comments?post=1202"}],"version-history":[{"count":23,"href":"https:\/\/uel.lu\/fr\/wp-json\/wp\/v2\/pages\/1202\/revisions"}],"predecessor-version":[{"id":13542,"href":"https:\/\/uel.lu\/fr\/wp-json\/wp\/v2\/pages\/1202\/revisions\/13542"}],"wp:featuredmedia":[{"embeddable":true,"href":"https:\/\/uel.lu\/fr\/wp-json\/wp\/v2\/media\/3156"}],"wp:attachment":[{"href":"https:\/\/uel.lu\/fr\/wp-json\/wp\/v2\/media?parent=1202"}],"curies":[{"name":"wp","href":"https:\/\/api.w.org\/{rel}","templated":true}]}}