{"id":3557,"date":"2019-07-04T09:51:34","date_gmt":"2019-07-04T09:51:34","guid":{"rendered":"http:\/\/uel.lu\/employment-and-labor-relations\/"},"modified":"2025-02-03T11:54:13","modified_gmt":"2025-02-03T10:54:13","slug":"employment-and-labor-relations","status":"publish","type":"page","link":"https:\/\/uel.lu\/en\/employment-and-labor-relations\/","title":{"rendered":"Employment and Labour Relations &#8211; Reference documents"},"content":{"rendered":"[vc_row type=&#8221;full_width_background&#8221; full_screen_row_position=&#8221;middle&#8221; column_margin=&#8221;default&#8221; column_direction=&#8221;default&#8221; column_direction_tablet=&#8221;default&#8221; column_direction_phone=&#8221;default&#8221; bg_image=&#8221;3113&#8243; bg_position=&#8221;center center&#8221; background_image_loading=&#8221;default&#8221; bg_repeat=&#8221;no-repeat&#8221; scene_position=&#8221;center&#8221; top_padding=&#8221;5%&#8221; bottom_padding=&#8221;7%&#8221; text_color=&#8221;light&#8221; text_align=&#8221;right&#8221; row_border_radius=&#8221;none&#8221; row_border_radius_applies=&#8221;bg&#8221; overflow=&#8221;visible&#8221; class=&#8221;row-bg-overlay&#8221; enable_gradient=&#8221;true&#8221; color_overlay=&#8221;#000000&#8243; color_overlay_2=&#8221;#444444&#8243; advanced_gradient_angle=&#8221;0&#8243; overlay_strength=&#8221;0.8&#8243; gradient_direction=&#8221;top_to_bottom&#8221; shape_divider_position=&#8221;bottom&#8221; bg_image_animation=&#8221;none&#8221; shape_type=&#8221;&#8221; gradient_type=&#8221;default&#8221;][vc_column column_padding=&#8221;no-extra-padding&#8221; column_padding_tablet=&#8221;inherit&#8221; column_padding_phone=&#8221;inherit&#8221; column_padding_position=&#8221;all&#8221; column_element_direction_desktop=&#8221;default&#8221; column_element_spacing=&#8221;default&#8221; desktop_text_alignment=&#8221;default&#8221; tablet_text_alignment=&#8221;default&#8221; phone_text_alignment=&#8221;default&#8221; background_color_opacity=&#8221;1&#8243; background_hover_color_opacity=&#8221;1&#8243; column_backdrop_filter=&#8221;none&#8221; column_shadow=&#8221;none&#8221; column_border_radius=&#8221;none&#8221; column_link_target=&#8221;_self&#8221; column_position=&#8221;default&#8221; gradient_direction=&#8221;left_to_right&#8221; overlay_strength=&#8221;0.3&#8243; width=&#8221;2\/3&#8243; tablet_width_inherit=&#8221;default&#8221; animation_type=&#8221;default&#8221; bg_image_animation=&#8221;none&#8221; border_type=&#8221;simple&#8221; column_border_width=&#8221;none&#8221; column_border_style=&#8221;solid&#8221;][vc_custom_heading text=&#8221;Employment and Labor Relations&#8221; use_theme_fonts=&#8221;yes&#8221;][divider line_type=&#8221;No Line&#8221; custom_height=&#8221;20&#8243;][vc_column_text]\n<p id=\"tw-target-text\" class=\"tw-data-text tw-ta tw-text-small\" dir=\"ltr\" style=\"text-align: left;\" data-placeholder=\"Traduction\"><span lang=\"en\" tabindex=\"0\">As a social partner, UEL actively contributes to the development of a legal and regulatory framework for employment-friendly labour law. In particular, it suggests regulatory changes to the competent authorities in order to meet the requirements of a dynamic and social labour market and to decide on the changes envisaged by its discussion partners in terms of working conditions in the broad sense (employment contracts, organisation of the labour market, remuneration, protection of the health and safety of workers, staff representation, etc.).<\/span><\/p>\n[\/vc_column_text][\/vc_column][vc_column column_padding=&#8221;no-extra-padding&#8221; column_padding_tablet=&#8221;inherit&#8221; column_padding_phone=&#8221;inherit&#8221; column_padding_position=&#8221;all&#8221; column_element_direction_desktop=&#8221;default&#8221; column_element_spacing=&#8221;default&#8221; desktop_text_alignment=&#8221;default&#8221; tablet_text_alignment=&#8221;default&#8221; phone_text_alignment=&#8221;default&#8221; background_color_opacity=&#8221;1&#8243; background_hover_color_opacity=&#8221;1&#8243; column_backdrop_filter=&#8221;none&#8221; column_shadow=&#8221;none&#8221; column_border_radius=&#8221;none&#8221; column_link_target=&#8221;_self&#8221; column_position=&#8221;default&#8221; gradient_direction=&#8221;left_to_right&#8221; overlay_strength=&#8221;0.3&#8243; width=&#8221;1\/3&#8243; tablet_width_inherit=&#8221;default&#8221; animation_type=&#8221;default&#8221; bg_image_animation=&#8221;none&#8221; border_type=&#8221;simple&#8221; column_border_width=&#8221;none&#8221; column_border_style=&#8221;solid&#8221;][\/vc_column][\/vc_row][vc_row type=&#8221;in_container&#8221; full_screen_row_position=&#8221;middle&#8221; column_margin=&#8221;default&#8221; column_direction=&#8221;default&#8221; column_direction_tablet=&#8221;default&#8221; column_direction_phone=&#8221;default&#8221; scene_position=&#8221;center&#8221; top_padding=&#8221;5%&#8221; bottom_padding=&#8221;5%&#8221; text_color=&#8221;dark&#8221; text_align=&#8221;left&#8221; row_border_radius=&#8221;none&#8221; row_border_radius_applies=&#8221;bg&#8221; overflow=&#8221;visible&#8221; overlay_strength=&#8221;0.3&#8243; gradient_direction=&#8221;left_to_right&#8221; shape_divider_position=&#8221;bottom&#8221; bg_image_animation=&#8221;none&#8221; shape_type=&#8221;&#8221;][vc_column column_padding=&#8221;no-extra-padding&#8221; column_padding_tablet=&#8221;inherit&#8221; column_padding_phone=&#8221;inherit&#8221; column_padding_position=&#8221;all&#8221; column_element_direction_desktop=&#8221;default&#8221; column_element_spacing=&#8221;default&#8221; desktop_text_alignment=&#8221;default&#8221; tablet_text_alignment=&#8221;default&#8221; phone_text_alignment=&#8221;default&#8221; background_color_opacity=&#8221;1&#8243; background_hover_color_opacity=&#8221;1&#8243; column_backdrop_filter=&#8221;none&#8221; column_shadow=&#8221;none&#8221; column_border_radius=&#8221;none&#8221; column_link_target=&#8221;_self&#8221; column_position=&#8221;default&#8221; gradient_direction=&#8221;left_to_right&#8221; overlay_strength=&#8221;0.3&#8243; width=&#8221;1\/1&#8243; tablet_width_inherit=&#8221;default&#8221; animation_type=&#8221;default&#8221; bg_image_animation=&#8221;none&#8221; border_type=&#8221;simple&#8221; column_border_width=&#8221;none&#8221; column_border_style=&#8221;solid&#8221;][vc_column_text]\n<div id=\"tw-target-text-container\" class=\"tw-ta-container tw-nfl\">\n<p id=\"tw-target-text\" class=\"tw-data-text tw-ta tw-text-small\" dir=\"ltr\" data-placeholder=\"Traduction\"><span lang=\"en\" tabindex=\"0\">The main legal provisions concerning labour relations are included in the <\/span><span lang=\"FR\"><a href=\"https:\/\/legilux.public.lu\/eli\/etat\/leg\/code\/travail\/20250101\" target=\"_blank\" rel=\"noopener\">Labour Code<\/a>.<\/span><\/p>\n<\/div>\n<h3>Documents (mostly in French)<\/h3>\n<ul>\n<li style=\"list-style-type: none;\">\n<ul>\n<li><a href=\"https:\/\/uel.lu\/wp-content\/uploads\/2025\/02\/2024-10-17-partenariat-pour-lemploi-signe.pdf\" target=\"_blank\" rel=\"noopener\">Programme \u00ab Entreprises, partenaires pour l\u2019emploi 2024-2027 \u00bb<\/a>\u00a0&#8211; <em>17 octobre 2024<\/em><\/li>\n<li><a href=\"https:\/\/www.uel.lu\/wp-content\/uploads\/2020\/10\/2020-10-20-teletravail-convention-ogbl-lcgb-uel.pdf\">Convention relative au r\u00e9gime juridique du t\u00e9l\u00e9travail<\/a>\u00a0(<a href=\"http:\/\/www.legilux.public.lu\/eli\/etat\/leg\/rgd\/2021\/01\/22\/a76\/jo\" target=\"_blank\" rel=\"noopener noreferrer\">R\u00e8glement grand-ducal\u00a0du 22 janvier 2021<\/a>) \u2013 <em>20 octobre 2020<\/em><\/li>\n<li><a href=\"https:\/\/ces.public.lu\/content\/dam\/ces\/fr\/avis\/themes-europeens\/2020-teletravail.pdf\" target=\"_blank\" rel=\"noopener noreferrer\">Avis du CES : \u00ab\u00a0Le t\u00e9l\u00e9travail au Luxembourg \u00bb<\/a>\u00a0&#8211; <em>11 septembre 2020<\/em><\/li>\n<li>Emploi&amp;Handicap: Profil de comp\u00e9tences anonymis\u00e9 <a href=\"https:\/\/www.uel.lu\/images\/stories\/Documents_public\/Profil_de_competences_et_Aides.pdf\" target=\"_blank\" rel=\"noopener noreferrer\">(<\/a><a href=\"https:\/\/uel.lu\/wp-content\/uploads\/2019\/06\/FR-profil-demandeur-emploi-handicap-3-1.pdf\" target=\"_blank\" rel=\"noopener noreferrer\">version fran\u00e7aise<\/a><a href=\"https:\/\/www.uel.lu\/images\/stories\/Documents_public\/Profil_de_competences_et_Aides.pdf\" target=\"_blank\" rel=\"noopener noreferrer\"> \/ <\/a><a href=\"https:\/\/uel.lu\/wp-content\/uploads\/2019\/06\/DE-profil-demandeur-emploi-handicap-3-1.pdf\" target=\"_blank\" rel=\"noopener noreferrer\">version allemande<\/a><a href=\"https:\/\/www.uel.lu\/images\/Profil_de_competences_et_Aides_DE.pdf\" target=\"_blank\" rel=\"noopener noreferrer\">)<\/a> &#8211; <em>19 avril 2016<\/em><\/li>\n<li><a href=\"https:\/\/uel.lu\/wp-content\/uploads\/2019\/06\/Handicapes-charte-signee-2015-12-03-2.pdf\" target=\"_blank\" rel=\"noopener noreferrer\">Charte commune pour promouvoir l&#8217;\u00e9galit\u00e9 des chances des personnes en situation de handicap sur le march\u00e9 de l&#8217;emploi<\/a> &#8211; <em>3 d\u00e9cembre 2015<\/em><\/li>\n<li><span lang=\"FR\"><a href=\"https:\/\/www.uel.lu\/wp-content\/uploads\/2021\/02\/accordsigneharcviolence2009-06bis-v2.pdf\" target=\"_blank\" rel=\"noopener noreferrer\">Convention relative au harc\u00e8lement et \u00e0 la violence au travail<\/a> (versions <a href=\"https:\/\/uel.lu\/wp-content\/uploads\/2019\/06\/TradDEAccordHarcViolence10-02-01bis.pdf\" target=\"_blank\" rel=\"noopener noreferrer\">allemande<\/a>, <a href=\"https:\/\/uel.lu\/wp-content\/uploads\/2019\/06\/TradENAccordHarcViolence09-12-07bis.pdf\" target=\"_blank\" rel=\"noopener noreferrer\">version anglaise<\/a>, <a href=\"https:\/\/data.legilux.public.lu\/filestore\/eli\/etat\/leg\/memorial\/2010\/a3\/fr\/pdf\/eli-etat-leg-memorial-2010-a3-fr-pdf.pdf\">R\u00e8glement grand-ducal du 15 d\u00e9cembre 2009<\/a>) &#8211; <em>25 juin 2009<\/em><\/span><\/li>\n<li><a href=\"https:\/\/uel.lu\/wp-content\/uploads\/2019\/06\/Acces_individuel.pdf\" target=\"_blank\" rel=\"noopener noreferrer\">Convention &#8211; Acc\u00e8s individuel \u00e0 la formation professionnelle continue<\/a> (Articles L.234-59 et suivants du <a href=\"https:\/\/legilux.public.lu\/eli\/etat\/leg\/code\/travail\/20250101\" target=\"_blank\" rel=\"noopener\">Code du Travail<\/a>, <a href=\"https:\/\/legilux.public.lu\/eli\/etat\/leg\/rgd\/2006\/03\/30\/n2\/jo\" target=\"_blank\" rel=\"noopener\">R\u00e8glement grand-ducal du 30 mars 2006<\/a>) &#8211; <em>2 mai 2003<\/em><\/li>\n<\/ul>\n<\/li>\n<\/ul>\n<h3><\/h3>\n<h3>For more information:<\/h3>\n<ul>\n<li><span lang=\"FR\"><a href=\"https:\/\/mteess.gouvernement.lu\/en.html\" target=\"_blank\" rel=\"noopener noreferrer\">Ministry of Labour<\/a> &#8211; in English<\/span><\/li>\n<li><span lang=\"FR\"><a href=\"http:\/\/www.itm.lu\/\" target=\"_blank\" rel=\"noopener noreferrer\">Inspectorate of Labour and Mines (ITM) <\/a>&#8211; in French<\/span><\/li>\n<li><span lang=\"FR\"><a href=\"http:\/\/adem.public.lu\/en\/index.html\" target=\"_blank\" rel=\"noopener noreferrer\">Agence pour le d\u00e9veloppement de l&#8217;emploi (ADEM) <\/a>&#8211; in English<\/span><\/li>\n<\/ul>\n[\/vc_column_text][\/vc_column][\/vc_row]\n","protected":false},"excerpt":{"rendered":"<p>[vc_row type=&#8221;full_width_background&#8221; full_screen_row_position=&#8221;middle&#8221; column_margin=&#8221;default&#8221; column_direction=&#8221;default&#8221; column_direction_tablet=&#8221;default&#8221; column_direction_phone=&#8221;default&#8221; bg_image=&#8221;3113&#8243; bg_position=&#8221;center center&#8221; background_image_loading=&#8221;default&#8221; bg_repeat=&#8221;no-repeat&#8221; scene_position=&#8221;center&#8221; top_padding=&#8221;5%&#8221; bottom_padding=&#8221;7%&#8221; text_color=&#8221;light&#8221; text_align=&#8221;right&#8221; row_border_radius=&#8221;none&#8221; row_border_radius_applies=&#8221;bg&#8221; overflow=&#8221;visible&#8221; class=&#8221;row-bg-overlay&#8221; enable_gradient=&#8221;true&#8221; color_overlay=&#8221;#000000&#8243; color_overlay_2=&#8221;#444444&#8243; advanced_gradient_angle=&#8221;0&#8243; overlay_strength=&#8221;0.8&#8243; gradient_direction=&#8221;top_to_bottom&#8221; shape_divider_position=&#8221;bottom&#8221; bg_image_animation=&#8221;none&#8221; shape_type=&#8221;&#8221;&#8230;<\/p>\n","protected":false},"author":7,"featured_media":0,"parent":0,"menu_order":0,"comment_status":"closed","ping_status":"closed","template":"","meta":{"_acf_changed":false,"inline_featured_image":false,"footnotes":""},"class_list":["post-3557","page","type-page","status-publish"],"acf":[],"yoast_head":"<!-- This site is optimized with the Yoast SEO plugin v26.8 - https:\/\/yoast.com\/product\/yoast-seo-wordpress\/ -->\n<title>Employment and Labour Relations - Reference documents - UEL<\/title>\n<meta name=\"robots\" content=\"index, follow, max-snippet:-1, max-image-preview:large, max-video-preview:-1\" \/>\n<link rel=\"canonical\" href=\"https:\/\/uel.lu\/en\/employment-and-labor-relations\/\" \/>\n<meta property=\"og:locale\" content=\"en_US\" \/>\n<meta property=\"og:type\" content=\"article\" \/>\n<meta property=\"og:title\" content=\"Employment and Labour Relations - Reference documents - UEL\" \/>\n<meta property=\"og:description\" content=\"[vc_row type=&#8221;full_width_background&#8221; full_screen_row_position=&#8221;middle&#8221; column_margin=&#8221;default&#8221; column_direction=&#8221;default&#8221; column_direction_tablet=&#8221;default&#8221; column_direction_phone=&#8221;default&#8221; bg_image=&#8221;3113&#8243; bg_position=&#8221;center center&#8221; background_image_loading=&#8221;default&#8221; bg_repeat=&#8221;no-repeat&#8221; scene_position=&#8221;center&#8221; top_padding=&#8221;5%&#8221; bottom_padding=&#8221;7%&#8221; text_color=&#8221;light&#8221; text_align=&#8221;right&#8221; row_border_radius=&#8221;none&#8221; row_border_radius_applies=&#8221;bg&#8221; overflow=&#8221;visible&#8221; class=&#8221;row-bg-overlay&#8221; enable_gradient=&#8221;true&#8221; color_overlay=&#8221;#000000&#8243; color_overlay_2=&#8221;#444444&#8243; advanced_gradient_angle=&#8221;0&#8243; overlay_strength=&#8221;0.8&#8243; gradient_direction=&#8221;top_to_bottom&#8221; shape_divider_position=&#8221;bottom&#8221; bg_image_animation=&#8221;none&#8221; shape_type=&#8221;&#8221;...\" \/>\n<meta property=\"og:url\" content=\"https:\/\/uel.lu\/en\/employment-and-labor-relations\/\" \/>\n<meta property=\"og:site_name\" content=\"UEL\" \/>\n<meta property=\"article:modified_time\" content=\"2025-02-03T10:54:13+00:00\" \/>\n<meta name=\"twitter:card\" content=\"summary_large_image\" \/>\n<meta name=\"twitter:site\" content=\"@uel_lu\" \/>\n<meta name=\"twitter:label1\" content=\"Est. reading time\" \/>\n\t<meta name=\"twitter:data1\" content=\"3 minutes\" \/>\n<script type=\"application\/ld+json\" class=\"yoast-schema-graph\">{\"@context\":\"https:\/\/schema.org\",\"@graph\":[{\"@type\":\"WebPage\",\"@id\":\"https:\/\/uel.lu\/en\/employment-and-labor-relations\/\",\"url\":\"https:\/\/uel.lu\/en\/employment-and-labor-relations\/\",\"name\":\"Employment and Labour Relations - Reference documents - UEL\",\"isPartOf\":{\"@id\":\"https:\/\/uel.lu\/en\/#website\"},\"datePublished\":\"2019-07-04T09:51:34+00:00\",\"dateModified\":\"2025-02-03T10:54:13+00:00\",\"breadcrumb\":{\"@id\":\"https:\/\/uel.lu\/en\/employment-and-labor-relations\/#breadcrumb\"},\"inLanguage\":\"en-US\",\"potentialAction\":[{\"@type\":\"ReadAction\",\"target\":[\"https:\/\/uel.lu\/en\/employment-and-labor-relations\/\"]}]},{\"@type\":\"BreadcrumbList\",\"@id\":\"https:\/\/uel.lu\/en\/employment-and-labor-relations\/#breadcrumb\",\"itemListElement\":[{\"@type\":\"ListItem\",\"position\":1,\"name\":\"Startseite\",\"item\":\"https:\/\/uel.lu\/en\/\"},{\"@type\":\"ListItem\",\"position\":2,\"name\":\"Employment and Labour Relations &#8211; Reference documents\"}]},{\"@type\":\"WebSite\",\"@id\":\"https:\/\/uel.lu\/en\/#website\",\"url\":\"https:\/\/uel.lu\/en\/\",\"name\":\"Union des Entreprises Luxembourgeoises\",\"description\":\"Union des Entreprises Luxembourgeoises\",\"publisher\":{\"@id\":\"https:\/\/uel.lu\/en\/#organization\"},\"alternateName\":\"UEL\",\"potentialAction\":[{\"@type\":\"SearchAction\",\"target\":{\"@type\":\"EntryPoint\",\"urlTemplate\":\"https:\/\/uel.lu\/en\/?s={search_term_string}\"},\"query-input\":{\"@type\":\"PropertyValueSpecification\",\"valueRequired\":true,\"valueName\":\"search_term_string\"}}],\"inLanguage\":\"en-US\"},{\"@type\":\"Organization\",\"@id\":\"https:\/\/uel.lu\/en\/#organization\",\"name\":\"Union des Entreprises Luxembourgeoises\",\"alternateName\":\"UEL\",\"url\":\"https:\/\/uel.lu\/en\/\",\"logo\":{\"@type\":\"ImageObject\",\"inLanguage\":\"en-US\",\"@id\":\"https:\/\/uel.lu\/en\/#\/schema\/logo\/image\/\",\"url\":\"https:\/\/www.uel.lu\/wp-content\/uploads\/2019\/07\/uel_logo_.png\",\"contentUrl\":\"https:\/\/www.uel.lu\/wp-content\/uploads\/2019\/07\/uel_logo_.png\",\"width\":150,\"height\":118,\"caption\":\"Union des Entreprises Luxembourgeoises\"},\"image\":{\"@id\":\"https:\/\/uel.lu\/en\/#\/schema\/logo\/image\/\"},\"sameAs\":[\"https:\/\/x.com\/uel_lu\",\"https:\/\/www.linkedin.com\/company\/union-des-entreprises-luxembourgeoises---uel\/\"]}]}<\/script>\n<!-- \/ Yoast SEO plugin. -->","yoast_head_json":{"title":"Employment and Labour Relations - Reference documents - UEL","robots":{"index":"index","follow":"follow","max-snippet":"max-snippet:-1","max-image-preview":"max-image-preview:large","max-video-preview":"max-video-preview:-1"},"canonical":"https:\/\/uel.lu\/en\/employment-and-labor-relations\/","og_locale":"en_US","og_type":"article","og_title":"Employment and Labour Relations - Reference documents - UEL","og_description":"[vc_row type=&#8221;full_width_background&#8221; full_screen_row_position=&#8221;middle&#8221; column_margin=&#8221;default&#8221; column_direction=&#8221;default&#8221; column_direction_tablet=&#8221;default&#8221; column_direction_phone=&#8221;default&#8221; bg_image=&#8221;3113&#8243; bg_position=&#8221;center center&#8221; background_image_loading=&#8221;default&#8221; bg_repeat=&#8221;no-repeat&#8221; scene_position=&#8221;center&#8221; top_padding=&#8221;5%&#8221; bottom_padding=&#8221;7%&#8221; text_color=&#8221;light&#8221; text_align=&#8221;right&#8221; row_border_radius=&#8221;none&#8221; row_border_radius_applies=&#8221;bg&#8221; overflow=&#8221;visible&#8221; class=&#8221;row-bg-overlay&#8221; enable_gradient=&#8221;true&#8221; color_overlay=&#8221;#000000&#8243; color_overlay_2=&#8221;#444444&#8243; advanced_gradient_angle=&#8221;0&#8243; overlay_strength=&#8221;0.8&#8243; gradient_direction=&#8221;top_to_bottom&#8221; shape_divider_position=&#8221;bottom&#8221; bg_image_animation=&#8221;none&#8221; shape_type=&#8221;&#8221;...","og_url":"https:\/\/uel.lu\/en\/employment-and-labor-relations\/","og_site_name":"UEL","article_modified_time":"2025-02-03T10:54:13+00:00","twitter_card":"summary_large_image","twitter_site":"@uel_lu","twitter_misc":{"Est. reading time":"3 minutes"},"schema":{"@context":"https:\/\/schema.org","@graph":[{"@type":"WebPage","@id":"https:\/\/uel.lu\/en\/employment-and-labor-relations\/","url":"https:\/\/uel.lu\/en\/employment-and-labor-relations\/","name":"Employment and Labour Relations - Reference documents - UEL","isPartOf":{"@id":"https:\/\/uel.lu\/en\/#website"},"datePublished":"2019-07-04T09:51:34+00:00","dateModified":"2025-02-03T10:54:13+00:00","breadcrumb":{"@id":"https:\/\/uel.lu\/en\/employment-and-labor-relations\/#breadcrumb"},"inLanguage":"en-US","potentialAction":[{"@type":"ReadAction","target":["https:\/\/uel.lu\/en\/employment-and-labor-relations\/"]}]},{"@type":"BreadcrumbList","@id":"https:\/\/uel.lu\/en\/employment-and-labor-relations\/#breadcrumb","itemListElement":[{"@type":"ListItem","position":1,"name":"Startseite","item":"https:\/\/uel.lu\/en\/"},{"@type":"ListItem","position":2,"name":"Employment and Labour Relations &#8211; Reference documents"}]},{"@type":"WebSite","@id":"https:\/\/uel.lu\/en\/#website","url":"https:\/\/uel.lu\/en\/","name":"Union des Entreprises Luxembourgeoises","description":"Union des Entreprises Luxembourgeoises","publisher":{"@id":"https:\/\/uel.lu\/en\/#organization"},"alternateName":"UEL","potentialAction":[{"@type":"SearchAction","target":{"@type":"EntryPoint","urlTemplate":"https:\/\/uel.lu\/en\/?s={search_term_string}"},"query-input":{"@type":"PropertyValueSpecification","valueRequired":true,"valueName":"search_term_string"}}],"inLanguage":"en-US"},{"@type":"Organization","@id":"https:\/\/uel.lu\/en\/#organization","name":"Union des Entreprises Luxembourgeoises","alternateName":"UEL","url":"https:\/\/uel.lu\/en\/","logo":{"@type":"ImageObject","inLanguage":"en-US","@id":"https:\/\/uel.lu\/en\/#\/schema\/logo\/image\/","url":"https:\/\/www.uel.lu\/wp-content\/uploads\/2019\/07\/uel_logo_.png","contentUrl":"https:\/\/www.uel.lu\/wp-content\/uploads\/2019\/07\/uel_logo_.png","width":150,"height":118,"caption":"Union des Entreprises Luxembourgeoises"},"image":{"@id":"https:\/\/uel.lu\/en\/#\/schema\/logo\/image\/"},"sameAs":["https:\/\/x.com\/uel_lu","https:\/\/www.linkedin.com\/company\/union-des-entreprises-luxembourgeoises---uel\/"]}]}},"_links":{"self":[{"href":"https:\/\/uel.lu\/en\/wp-json\/wp\/v2\/pages\/3557","targetHints":{"allow":["GET"]}}],"collection":[{"href":"https:\/\/uel.lu\/en\/wp-json\/wp\/v2\/pages"}],"about":[{"href":"https:\/\/uel.lu\/en\/wp-json\/wp\/v2\/types\/page"}],"author":[{"embeddable":true,"href":"https:\/\/uel.lu\/en\/wp-json\/wp\/v2\/users\/7"}],"replies":[{"embeddable":true,"href":"https:\/\/uel.lu\/en\/wp-json\/wp\/v2\/comments?post=3557"}],"version-history":[{"count":31,"href":"https:\/\/uel.lu\/en\/wp-json\/wp\/v2\/pages\/3557\/revisions"}],"predecessor-version":[{"id":21636,"href":"https:\/\/uel.lu\/en\/wp-json\/wp\/v2\/pages\/3557\/revisions\/21636"}],"wp:attachment":[{"href":"https:\/\/uel.lu\/en\/wp-json\/wp\/v2\/media?parent=3557"}],"curies":[{"name":"wp","href":"https:\/\/api.w.org\/{rel}","templated":true}]}}