{"id":3525,"date":"2019-07-04T09:39:43","date_gmt":"2019-07-04T09:39:43","guid":{"rendered":"http:\/\/uel.lu\/competition-consumers\/"},"modified":"2022-05-13T15:28:02","modified_gmt":"2022-05-13T13:28:02","slug":"competition-consumers","status":"publish","type":"page","link":"https:\/\/uel.lu\/en\/competition-consumers\/","title":{"rendered":"Competition &#038; Consumers"},"content":{"rendered":"[vc_row type=&#8221;full_width_background&#8221; full_screen_row_position=&#8221;middle&#8221; column_margin=&#8221;default&#8221; column_direction=&#8221;default&#8221; column_direction_tablet=&#8221;default&#8221; column_direction_phone=&#8221;default&#8221; bg_image=&#8221;3026&#8243; bg_position=&#8221;center center&#8221; background_image_loading=&#8221;default&#8221; bg_repeat=&#8221;no-repeat&#8221; scene_position=&#8221;center&#8221; top_padding=&#8221;5%&#8221; bottom_padding=&#8221;7%&#8221; text_color=&#8221;light&#8221; text_align=&#8221;left&#8221; row_border_radius=&#8221;none&#8221; row_border_radius_applies=&#8221;bg&#8221; overflow=&#8221;visible&#8221; enable_gradient=&#8221;true&#8221; color_overlay=&#8221;#000000&#8243; color_overlay_2=&#8221;#444444&#8243; advanced_gradient_angle=&#8221;0&#8243; overlay_strength=&#8221;0.8&#8243; gradient_direction=&#8221;top_to_bottom&#8221; shape_divider_position=&#8221;bottom&#8221; bg_image_animation=&#8221;none&#8221; shape_type=&#8221;&#8221; gradient_type=&#8221;default&#8221;][vc_column column_padding=&#8221;no-extra-padding&#8221; column_padding_tablet=&#8221;inherit&#8221; column_padding_phone=&#8221;inherit&#8221; column_padding_position=&#8221;all&#8221; column_element_spacing=&#8221;default&#8221; background_color_opacity=&#8221;1&#8243; background_hover_color_opacity=&#8221;1&#8243; column_shadow=&#8221;none&#8221; column_border_radius=&#8221;none&#8221; column_link_target=&#8221;_self&#8221; column_position=&#8221;default&#8221; gradient_direction=&#8221;left_to_right&#8221; overlay_strength=&#8221;0.3&#8243; width=&#8221;2\/3&#8243; tablet_width_inherit=&#8221;default&#8221; tablet_text_alignment=&#8221;default&#8221; phone_text_alignment=&#8221;default&#8221; animation_type=&#8221;default&#8221; bg_image_animation=&#8221;none&#8221; border_type=&#8221;simple&#8221; column_border_width=&#8221;none&#8221; column_border_style=&#8221;solid&#8221;][vc_custom_heading source=&#8221;post_title&#8221; use_theme_fonts=&#8221;yes&#8221;][divider line_type=&#8221;No Line&#8221; custom_height=&#8221;20&#8243;][vc_column_text]Les entreprises luxembourgeoises \u00e9voluent au sein d\u2019un environnement de plus en plus concurrentiel, tant au niveau national, qu\u2019aux niveaux europ\u00e9en et international. Cette ouverture aux autres pays est essentielle pour un Etat de taille relativement r\u00e9duite comme le Luxembourg o\u00f9 les \u00e9changes transfrontaliers tiennent une place importante.[\/vc_column_text][\/vc_column][vc_column column_padding=&#8221;no-extra-padding&#8221; column_padding_tablet=&#8221;inherit&#8221; column_padding_phone=&#8221;inherit&#8221; column_padding_position=&#8221;all&#8221; column_element_spacing=&#8221;default&#8221; background_color_opacity=&#8221;1&#8243; background_hover_color_opacity=&#8221;1&#8243; column_shadow=&#8221;none&#8221; column_border_radius=&#8221;none&#8221; column_link_target=&#8221;_self&#8221; column_position=&#8221;default&#8221; gradient_direction=&#8221;left_to_right&#8221; overlay_strength=&#8221;0.3&#8243; width=&#8221;1\/3&#8243; tablet_width_inherit=&#8221;default&#8221; tablet_text_alignment=&#8221;default&#8221; phone_text_alignment=&#8221;default&#8221; animation_type=&#8221;default&#8221; bg_image_animation=&#8221;none&#8221; border_type=&#8221;simple&#8221; column_border_width=&#8221;none&#8221; column_border_style=&#8221;solid&#8221;][\/vc_column][\/vc_row][vc_row type=&#8221;in_container&#8221; full_screen_row_position=&#8221;middle&#8221; column_margin=&#8221;default&#8221; column_direction=&#8221;default&#8221; column_direction_tablet=&#8221;default&#8221; column_direction_phone=&#8221;default&#8221; scene_position=&#8221;center&#8221; top_padding=&#8221;5%&#8221; bottom_padding=&#8221;5%&#8221; text_color=&#8221;dark&#8221; text_align=&#8221;left&#8221; row_border_radius=&#8221;none&#8221; row_border_radius_applies=&#8221;bg&#8221; overflow=&#8221;visible&#8221; overlay_strength=&#8221;0.3&#8243; gradient_direction=&#8221;left_to_right&#8221; shape_divider_position=&#8221;bottom&#8221; bg_image_animation=&#8221;none&#8221; shape_type=&#8221;&#8221;][vc_column column_padding=&#8221;no-extra-padding&#8221; column_padding_tablet=&#8221;inherit&#8221; column_padding_phone=&#8221;inherit&#8221; column_padding_position=&#8221;all&#8221; column_element_spacing=&#8221;default&#8221; background_color_opacity=&#8221;1&#8243; background_hover_color_opacity=&#8221;1&#8243; column_shadow=&#8221;none&#8221; column_border_radius=&#8221;none&#8221; column_link_target=&#8221;_self&#8221; column_position=&#8221;default&#8221; gradient_direction=&#8221;left_to_right&#8221; overlay_strength=&#8221;0.3&#8243; width=&#8221;1\/1&#8243; tablet_width_inherit=&#8221;default&#8221; tablet_text_alignment=&#8221;default&#8221; phone_text_alignment=&#8221;default&#8221; animation_type=&#8221;default&#8221; bg_image_animation=&#8221;none&#8221; border_type=&#8221;simple&#8221; column_border_width=&#8221;none&#8221; column_border_style=&#8221;solid&#8221;][vc_column_text]Dans ce contexte, le march\u00e9 int\u00e9rieur r\u00e9sultant des engagements des Etats membres de l\u2019Union europ\u00e9enne permet aux entreprises luxembourgeoises de b\u00e9n\u00e9ficier d\u2019un march\u00e9 d\u2019\u00e9change de biens et de services plus \u00e9tendu. L\u2019UEL veille donc \u00e0 soutenir et promouvoir les initiatives destin\u00e9es en vue d\u2019une meilleure int\u00e9gration du march\u00e9 unique et de la suppression des entraves qui existent encore au sein de ce march\u00e9.[\/vc_column_text][vc_custom_heading text=&#8221;Documents&#8221; font_container=&#8221;tag:h3|text_align:left&#8221; use_theme_fonts=&#8221;yes&#8221;][vc_column_text]\n<ul>\n<li><a href=\"http:\/\/uel.lu\/wp-content\/uploads\/2019\/06\/Prop_dv-Prop_Reglt-Position_UEL_16-04-18.pdf\" target=\"_blank\" rel=\"noopener noreferrer\">Position de l&#8217;UEL sur les propositions de directive\/r\u00e8glement concernant la vente en ligne et la fourniture de contenu num\u00e9rique\u00a0<\/a><em>&#8211; 18 avril 2016<\/em><\/li>\n<li><a href=\"https:\/\/www.uel.lu\/wp-content\/uploads\/2019\/06\/ADR-Propdv-re\u0300gl-AvisUEL12-03-15-1.pdf\" target=\"_blank\" rel=\"noopener noreferrer\">Position de l&#8217;UEL sur la proposition de directive relative au r\u00e8glement extrajudiciaire des litiges de consommation &#8211; la proposition de r\u00e8glement relatif au r\u00e8glement en ligne des litiges de consommation<\/a>\u00a0&#8211;\u00a0<em>15 mars 2012<\/em><\/li>\n<li><a href=\"http:\/\/uel.lu\/wp-content\/uploads\/2019\/06\/DCEV-Avis-UEL-12-02-16.pdf\" target=\"_blank\" rel=\"noopener noreferrer\">Droit commun europ\u00e9en de la vente<\/a>\u00a0&#8211;\u00a0<em>16 f\u00e9vrier 2012<\/em><\/li>\n<li><a href=\"http:\/\/uel.lu\/wp-content\/uploads\/2019\/06\/Droit_des_contrats-EF-Avis-11-06-17.pdf\" target=\"_blank\" rel=\"noopener noreferrer\">Droit des contrats &#8211; Etude de faisabilit\u00e9<\/a>\u00a0&#8211;\u00a0<em>17 juin 2011<\/em><\/li>\n<li><a href=\"http:\/\/uel.lu\/wp-content\/uploads\/2019\/06\/RC-Avis_UEL_11-04-28bis.pdf\" target=\"_blank\" rel=\"noopener noreferrer\">Consultation de la Commission europ\u00e9enne &#8220;Renforcer la coh\u00e9rence de l&#8217;approche europ\u00e9enne en mati\u00e8re de recours collectif&#8221;<\/a>\u00a0&#8211;\u00a0<em>28 avril 2011<\/em><\/li>\n<li><a href=\"http:\/\/uel.lu\/wp-content\/uploads\/2019\/06\/Avis_UEL_2011-01-27.pdf\" target=\"_blank\" rel=\"noopener noreferrer\">Livre vert de la Commission europ\u00e9enne relatif aux actions envisageables en vue de la cr\u00e9ation d&#8217;un droit europ\u00e9en des contrats pour les consommateurs et les entreprises<\/a><em>&#8211; 27 janvier 2011<\/em><\/li>\n<li><a href=\"http:\/\/uel.lu\/wp-content\/uploads\/2019\/06\/Avis_UEL_Prop_directv_consomm_2009-03-12.pdf\" target=\"_blank\" rel=\"noopener noreferrer\">Proposition de directive relative aux droits des consommateurs<\/a>\u00a0&#8211;\u00a0<em>12 mars 2009<\/em><\/li>\n<li><a href=\"http:\/\/uel.lu\/wp-content\/uploads\/2019\/06\/RC-Livre_vert-Avis-2009-02-25.pdf\" target=\"_blank\" rel=\"noopener noreferrer\">Livre vert sur les recours collectifs pour les consommateurs<\/a><em>&#8211; 25 f\u00e9vrier 2009<\/em><\/li>\n<\/ul>\n[\/vc_column_text][vc_custom_heading text=&#8221;Find out more&#8221; font_container=&#8221;tag:h3|text_align:left&#8221; use_theme_fonts=&#8221;yes&#8221;][vc_column_text]\n<ul>\n<li><a href=\"https:\/\/mpc.gouvernement.lu\/fr.html\">Minist\u00e8re de la Protection des consommateurs<\/a><\/li>\n<li><a href=\"http:\/\/www.concurrence.public.lu\/\" target=\"_blank\" rel=\"noopener noreferrer\">Conseil de la concurrence<\/a><\/li>\n<li><a href=\"http:\/\/www.eco.public.lu\/attributions\/dg2\/d_consommation\/protection_consomateurs\/index.html\" target=\"_blank\" rel=\"noopener noreferrer\">Minist\u00e8re de l&#8217;Economie<\/a><\/li>\n<\/ul>\n[\/vc_column_text][\/vc_column][\/vc_row]\n","protected":false},"excerpt":{"rendered":"<p>[vc_row type=&#8221;full_width_background&#8221; full_screen_row_position=&#8221;middle&#8221; column_margin=&#8221;default&#8221; column_direction=&#8221;default&#8221; column_direction_tablet=&#8221;default&#8221; column_direction_phone=&#8221;default&#8221; bg_image=&#8221;3026&#8243; bg_position=&#8221;center center&#8221; background_image_loading=&#8221;default&#8221; bg_repeat=&#8221;no-repeat&#8221; scene_position=&#8221;center&#8221; top_padding=&#8221;5%&#8221; bottom_padding=&#8221;7%&#8221; text_color=&#8221;light&#8221; text_align=&#8221;left&#8221; row_border_radius=&#8221;none&#8221; row_border_radius_applies=&#8221;bg&#8221; overflow=&#8221;visible&#8221; enable_gradient=&#8221;true&#8221; color_overlay=&#8221;#000000&#8243; color_overlay_2=&#8221;#444444&#8243; advanced_gradient_angle=&#8221;0&#8243; overlay_strength=&#8221;0.8&#8243; gradient_direction=&#8221;top_to_bottom&#8221; shape_divider_position=&#8221;bottom&#8221; bg_image_animation=&#8221;none&#8221; shape_type=&#8221;&#8221; gradient_type=&#8221;default&#8221;][vc_column&#8230;<\/p>\n","protected":false},"author":7,"featured_media":0,"parent":0,"menu_order":0,"comment_status":"closed","ping_status":"closed","template":"","meta":{"_acf_changed":false,"inline_featured_image":false,"footnotes":""},"class_list":["post-3525","page","type-page","status-publish"],"acf":[],"yoast_head":"<!-- This site is optimized with the Yoast SEO plugin v26.8 - https:\/\/yoast.com\/product\/yoast-seo-wordpress\/ -->\n<title>Competition &amp; Consumers - UEL<\/title>\n<meta name=\"robots\" content=\"index, follow, max-snippet:-1, max-image-preview:large, max-video-preview:-1\" \/>\n<link rel=\"canonical\" href=\"https:\/\/uel.lu\/en\/competition-consumers\/\" \/>\n<meta property=\"og:locale\" content=\"en_US\" \/>\n<meta property=\"og:type\" content=\"article\" \/>\n<meta property=\"og:title\" content=\"Competition &amp; Consumers - UEL\" \/>\n<meta property=\"og:description\" content=\"[vc_row type=&#8221;full_width_background&#8221; full_screen_row_position=&#8221;middle&#8221; column_margin=&#8221;default&#8221; column_direction=&#8221;default&#8221; column_direction_tablet=&#8221;default&#8221; column_direction_phone=&#8221;default&#8221; bg_image=&#8221;3026&#8243; bg_position=&#8221;center center&#8221; background_image_loading=&#8221;default&#8221; bg_repeat=&#8221;no-repeat&#8221; scene_position=&#8221;center&#8221; top_padding=&#8221;5%&#8221; bottom_padding=&#8221;7%&#8221; text_color=&#8221;light&#8221; text_align=&#8221;left&#8221; row_border_radius=&#8221;none&#8221; row_border_radius_applies=&#8221;bg&#8221; overflow=&#8221;visible&#8221; enable_gradient=&#8221;true&#8221; color_overlay=&#8221;#000000&#8243; color_overlay_2=&#8221;#444444&#8243; advanced_gradient_angle=&#8221;0&#8243; overlay_strength=&#8221;0.8&#8243; gradient_direction=&#8221;top_to_bottom&#8221; shape_divider_position=&#8221;bottom&#8221; bg_image_animation=&#8221;none&#8221; shape_type=&#8221;&#8221; gradient_type=&#8221;default&#8221;][vc_column...\" \/>\n<meta property=\"og:url\" content=\"https:\/\/uel.lu\/en\/competition-consumers\/\" \/>\n<meta property=\"og:site_name\" content=\"UEL\" \/>\n<meta property=\"article:modified_time\" content=\"2022-05-13T13:28:02+00:00\" \/>\n<meta name=\"twitter:card\" content=\"summary_large_image\" \/>\n<meta name=\"twitter:site\" content=\"@uel_lu\" \/>\n<meta name=\"twitter:label1\" content=\"Est. reading time\" \/>\n\t<meta name=\"twitter:data1\" content=\"4 minutes\" \/>\n<script type=\"application\/ld+json\" class=\"yoast-schema-graph\">{\"@context\":\"https:\/\/schema.org\",\"@graph\":[{\"@type\":\"WebPage\",\"@id\":\"https:\/\/uel.lu\/en\/competition-consumers\/\",\"url\":\"https:\/\/uel.lu\/en\/competition-consumers\/\",\"name\":\"Competition & Consumers - UEL\",\"isPartOf\":{\"@id\":\"https:\/\/uel.lu\/en\/#website\"},\"datePublished\":\"2019-07-04T09:39:43+00:00\",\"dateModified\":\"2022-05-13T13:28:02+00:00\",\"breadcrumb\":{\"@id\":\"https:\/\/uel.lu\/en\/competition-consumers\/#breadcrumb\"},\"inLanguage\":\"en-US\",\"potentialAction\":[{\"@type\":\"ReadAction\",\"target\":[\"https:\/\/uel.lu\/en\/competition-consumers\/\"]}]},{\"@type\":\"BreadcrumbList\",\"@id\":\"https:\/\/uel.lu\/en\/competition-consumers\/#breadcrumb\",\"itemListElement\":[{\"@type\":\"ListItem\",\"position\":1,\"name\":\"Startseite\",\"item\":\"https:\/\/uel.lu\/en\/\"},{\"@type\":\"ListItem\",\"position\":2,\"name\":\"Competition &#038; Consumers\"}]},{\"@type\":\"WebSite\",\"@id\":\"https:\/\/uel.lu\/en\/#website\",\"url\":\"https:\/\/uel.lu\/en\/\",\"name\":\"Union des Entreprises Luxembourgeoises\",\"description\":\"Union des Entreprises Luxembourgeoises\",\"publisher\":{\"@id\":\"https:\/\/uel.lu\/en\/#organization\"},\"alternateName\":\"UEL\",\"potentialAction\":[{\"@type\":\"SearchAction\",\"target\":{\"@type\":\"EntryPoint\",\"urlTemplate\":\"https:\/\/uel.lu\/en\/?s={search_term_string}\"},\"query-input\":{\"@type\":\"PropertyValueSpecification\",\"valueRequired\":true,\"valueName\":\"search_term_string\"}}],\"inLanguage\":\"en-US\"},{\"@type\":\"Organization\",\"@id\":\"https:\/\/uel.lu\/en\/#organization\",\"name\":\"Union des Entreprises Luxembourgeoises\",\"alternateName\":\"UEL\",\"url\":\"https:\/\/uel.lu\/en\/\",\"logo\":{\"@type\":\"ImageObject\",\"inLanguage\":\"en-US\",\"@id\":\"https:\/\/uel.lu\/en\/#\/schema\/logo\/image\/\",\"url\":\"https:\/\/www.uel.lu\/wp-content\/uploads\/2019\/07\/uel_logo_.png\",\"contentUrl\":\"https:\/\/www.uel.lu\/wp-content\/uploads\/2019\/07\/uel_logo_.png\",\"width\":150,\"height\":118,\"caption\":\"Union des Entreprises Luxembourgeoises\"},\"image\":{\"@id\":\"https:\/\/uel.lu\/en\/#\/schema\/logo\/image\/\"},\"sameAs\":[\"https:\/\/x.com\/uel_lu\",\"https:\/\/www.linkedin.com\/company\/union-des-entreprises-luxembourgeoises---uel\/\"]}]}<\/script>\n<!-- \/ Yoast SEO plugin. -->","yoast_head_json":{"title":"Competition & Consumers - UEL","robots":{"index":"index","follow":"follow","max-snippet":"max-snippet:-1","max-image-preview":"max-image-preview:large","max-video-preview":"max-video-preview:-1"},"canonical":"https:\/\/uel.lu\/en\/competition-consumers\/","og_locale":"en_US","og_type":"article","og_title":"Competition & Consumers - UEL","og_description":"[vc_row type=&#8221;full_width_background&#8221; full_screen_row_position=&#8221;middle&#8221; column_margin=&#8221;default&#8221; column_direction=&#8221;default&#8221; column_direction_tablet=&#8221;default&#8221; column_direction_phone=&#8221;default&#8221; bg_image=&#8221;3026&#8243; bg_position=&#8221;center center&#8221; background_image_loading=&#8221;default&#8221; bg_repeat=&#8221;no-repeat&#8221; scene_position=&#8221;center&#8221; top_padding=&#8221;5%&#8221; bottom_padding=&#8221;7%&#8221; text_color=&#8221;light&#8221; text_align=&#8221;left&#8221; row_border_radius=&#8221;none&#8221; row_border_radius_applies=&#8221;bg&#8221; overflow=&#8221;visible&#8221; enable_gradient=&#8221;true&#8221; color_overlay=&#8221;#000000&#8243; color_overlay_2=&#8221;#444444&#8243; advanced_gradient_angle=&#8221;0&#8243; overlay_strength=&#8221;0.8&#8243; gradient_direction=&#8221;top_to_bottom&#8221; shape_divider_position=&#8221;bottom&#8221; bg_image_animation=&#8221;none&#8221; shape_type=&#8221;&#8221; gradient_type=&#8221;default&#8221;][vc_column...","og_url":"https:\/\/uel.lu\/en\/competition-consumers\/","og_site_name":"UEL","article_modified_time":"2022-05-13T13:28:02+00:00","twitter_card":"summary_large_image","twitter_site":"@uel_lu","twitter_misc":{"Est. reading time":"4 minutes"},"schema":{"@context":"https:\/\/schema.org","@graph":[{"@type":"WebPage","@id":"https:\/\/uel.lu\/en\/competition-consumers\/","url":"https:\/\/uel.lu\/en\/competition-consumers\/","name":"Competition & Consumers - UEL","isPartOf":{"@id":"https:\/\/uel.lu\/en\/#website"},"datePublished":"2019-07-04T09:39:43+00:00","dateModified":"2022-05-13T13:28:02+00:00","breadcrumb":{"@id":"https:\/\/uel.lu\/en\/competition-consumers\/#breadcrumb"},"inLanguage":"en-US","potentialAction":[{"@type":"ReadAction","target":["https:\/\/uel.lu\/en\/competition-consumers\/"]}]},{"@type":"BreadcrumbList","@id":"https:\/\/uel.lu\/en\/competition-consumers\/#breadcrumb","itemListElement":[{"@type":"ListItem","position":1,"name":"Startseite","item":"https:\/\/uel.lu\/en\/"},{"@type":"ListItem","position":2,"name":"Competition &#038; Consumers"}]},{"@type":"WebSite","@id":"https:\/\/uel.lu\/en\/#website","url":"https:\/\/uel.lu\/en\/","name":"Union des Entreprises Luxembourgeoises","description":"Union des Entreprises Luxembourgeoises","publisher":{"@id":"https:\/\/uel.lu\/en\/#organization"},"alternateName":"UEL","potentialAction":[{"@type":"SearchAction","target":{"@type":"EntryPoint","urlTemplate":"https:\/\/uel.lu\/en\/?s={search_term_string}"},"query-input":{"@type":"PropertyValueSpecification","valueRequired":true,"valueName":"search_term_string"}}],"inLanguage":"en-US"},{"@type":"Organization","@id":"https:\/\/uel.lu\/en\/#organization","name":"Union des Entreprises Luxembourgeoises","alternateName":"UEL","url":"https:\/\/uel.lu\/en\/","logo":{"@type":"ImageObject","inLanguage":"en-US","@id":"https:\/\/uel.lu\/en\/#\/schema\/logo\/image\/","url":"https:\/\/www.uel.lu\/wp-content\/uploads\/2019\/07\/uel_logo_.png","contentUrl":"https:\/\/www.uel.lu\/wp-content\/uploads\/2019\/07\/uel_logo_.png","width":150,"height":118,"caption":"Union des Entreprises Luxembourgeoises"},"image":{"@id":"https:\/\/uel.lu\/en\/#\/schema\/logo\/image\/"},"sameAs":["https:\/\/x.com\/uel_lu","https:\/\/www.linkedin.com\/company\/union-des-entreprises-luxembourgeoises---uel\/"]}]}},"_links":{"self":[{"href":"https:\/\/uel.lu\/en\/wp-json\/wp\/v2\/pages\/3525","targetHints":{"allow":["GET"]}}],"collection":[{"href":"https:\/\/uel.lu\/en\/wp-json\/wp\/v2\/pages"}],"about":[{"href":"https:\/\/uel.lu\/en\/wp-json\/wp\/v2\/types\/page"}],"author":[{"embeddable":true,"href":"https:\/\/uel.lu\/en\/wp-json\/wp\/v2\/users\/7"}],"replies":[{"embeddable":true,"href":"https:\/\/uel.lu\/en\/wp-json\/wp\/v2\/comments?post=3525"}],"version-history":[{"count":6,"href":"https:\/\/uel.lu\/en\/wp-json\/wp\/v2\/pages\/3525\/revisions"}],"predecessor-version":[{"id":12403,"href":"https:\/\/uel.lu\/en\/wp-json\/wp\/v2\/pages\/3525\/revisions\/12403"}],"wp:attachment":[{"href":"https:\/\/uel.lu\/en\/wp-json\/wp\/v2\/media?parent=3525"}],"curies":[{"name":"wp","href":"https:\/\/api.w.org\/{rel}","templated":true}]}}