{"id":4056,"date":"2019-07-08T23:53:16","date_gmt":"2019-07-08T23:53:16","guid":{"rendered":"http:\/\/uel.lu\/datenschutzerklarung\/"},"modified":"2022-05-18T14:30:55","modified_gmt":"2022-05-18T12:30:55","slug":"datenschutz","status":"publish","type":"page","link":"https:\/\/uel.lu\/de\/datenschutz\/","title":{"rendered":"Datenschutzerkl\u00e4rung"},"content":{"rendered":"[vc_row type=&#8220;full_width_background&#8220; full_screen_row_position=&#8220;middle&#8220; column_margin=&#8220;default&#8220; column_direction=&#8220;default&#8220; column_direction_tablet=&#8220;default&#8220; column_direction_phone=&#8220;default&#8220; bg_image=&#8220;943&#8243; bg_position=&#8220;center bottom&#8220; background_image_loading=&#8220;default&#8220; bg_repeat=&#8220;no-repeat&#8220; scene_position=&#8220;center&#8220; top_padding=&#8220;7%&#8220; bottom_padding=&#8220;5%&#8220; text_color=&#8220;light&#8220; text_align=&#8220;left&#8220; row_border_radius=&#8220;none&#8220; row_border_radius_applies=&#8220;bg&#8220; overflow=&#8220;visible&#8220; enable_gradient=&#8220;true&#8220; color_overlay=&#8220;#000000&#8243; advanced_gradient_angle=&#8220;0&#8243; overlay_strength=&#8220;0.8&#8243; gradient_direction=&#8220;top_to_bottom&#8220; shape_divider_position=&#8220;bottom&#8220; bg_image_animation=&#8220;none&#8220; shape_type=&#8220;&#8220; gradient_type=&#8220;default&#8220;][vc_column column_padding=&#8220;no-extra-padding&#8220; column_padding_tablet=&#8220;inherit&#8220; column_padding_phone=&#8220;inherit&#8220; column_padding_position=&#8220;all&#8220; column_element_spacing=&#8220;default&#8220; background_color_opacity=&#8220;1&#8243; background_hover_color_opacity=&#8220;1&#8243; column_shadow=&#8220;none&#8220; column_border_radius=&#8220;none&#8220; column_link_target=&#8220;_self&#8220; column_position=&#8220;default&#8220; gradient_direction=&#8220;left_to_right&#8220; overlay_strength=&#8220;0.3&#8243; width=&#8220;2\/3&#8243; tablet_width_inherit=&#8220;default&#8220; tablet_text_alignment=&#8220;default&#8220; phone_text_alignment=&#8220;default&#8220; animation_type=&#8220;default&#8220; bg_image_animation=&#8220;none&#8220; border_type=&#8220;simple&#8220; column_border_width=&#8220;none&#8220; column_border_style=&#8220;solid&#8220;][vc_custom_heading text=&#8220;Datenschutzerkl\u00e4rung&#8220; use_theme_fonts=&#8220;yes&#8220;][divider line_type=&#8220;No Line&#8220; custom_height=&#8220;20&#8243;][\/vc_column][vc_column column_padding=&#8220;no-extra-padding&#8220; column_padding_tablet=&#8220;inherit&#8220; column_padding_phone=&#8220;inherit&#8220; column_padding_position=&#8220;all&#8220; column_element_spacing=&#8220;default&#8220; background_color_opacity=&#8220;1&#8243; background_hover_color_opacity=&#8220;1&#8243; column_shadow=&#8220;none&#8220; column_border_radius=&#8220;none&#8220; column_link_target=&#8220;_self&#8220; column_position=&#8220;default&#8220; gradient_direction=&#8220;left_to_right&#8220; overlay_strength=&#8220;0.3&#8243; width=&#8220;1\/3&#8243; tablet_width_inherit=&#8220;default&#8220; tablet_text_alignment=&#8220;default&#8220; phone_text_alignment=&#8220;default&#8220; animation_type=&#8220;default&#8220; bg_image_animation=&#8220;none&#8220; border_type=&#8220;simple&#8220; column_border_width=&#8220;none&#8220; column_border_style=&#8220;solid&#8220;][\/vc_column][\/vc_row][vc_row type=&#8220;in_container&#8220; full_screen_row_position=&#8220;middle&#8220; column_margin=&#8220;default&#8220; column_direction=&#8220;default&#8220; column_direction_tablet=&#8220;default&#8220; column_direction_phone=&#8220;default&#8220; scene_position=&#8220;center&#8220; text_color=&#8220;dark&#8220; text_align=&#8220;left&#8220; row_border_radius=&#8220;none&#8220; row_border_radius_applies=&#8220;bg&#8220; overflow=&#8220;visible&#8220; overlay_strength=&#8220;0.3&#8243; gradient_direction=&#8220;left_to_right&#8220; shape_divider_position=&#8220;bottom&#8220; bg_image_animation=&#8220;none&#8220;][vc_column column_padding=&#8220;padding-5-percent&#8220; column_padding_tablet=&#8220;inherit&#8220; column_padding_phone=&#8220;inherit&#8220; column_padding_position=&#8220;top&#8220; column_element_spacing=&#8220;default&#8220; background_color_opacity=&#8220;1&#8243; background_hover_color_opacity=&#8220;1&#8243; column_shadow=&#8220;none&#8220; column_border_radius=&#8220;none&#8220; column_link_target=&#8220;_self&#8220; column_position=&#8220;default&#8220; gradient_direction=&#8220;left_to_right&#8220; overlay_strength=&#8220;0.3&#8243; width=&#8220;1\/1&#8243; tablet_width_inherit=&#8220;default&#8220; tablet_text_alignment=&#8220;default&#8220; phone_text_alignment=&#8220;default&#8220; animation_type=&#8220;default&#8220; bg_image_animation=&#8220;none&#8220; border_type=&#8220;simple&#8220; column_border_width=&#8220;none&#8220; column_border_style=&#8220;solid&#8220;][vc_column_text]\n<div class=\"container-wrap\">\n<div class=\"container main-content\">\n<div class=\"row\">\n<div id=\"fws_5d372b40f3ab5\" class=\"wpb_row vc_row-fluid vc_row standard_section \" data-midnight=\"dark\" data-bg-mobile-hidden=\"\">\n<div class=\"col span_12 dark left\">\n<div class=\"vc_col-sm-12 wpb_column column_container vc_column_container col padding-5-percent instance-2\" data-t-w-inherits=\"default\" data-border-radius=\"none\" data-shadow=\"none\" data-border-animation=\"\" data-border-animation-delay=\"\" data-border-width=\"none\" data-border-style=\"solid\" data-border-color=\"\" data-bg-cover=\"\" data-padding-pos=\"top\" data-has-bg-color=\"false\" data-bg-color=\"\" data-bg-opacity=\"1\" data-hover-bg=\"\" data-hover-bg-opacity=\"1\" data-animation=\"\" data-delay=\"0\">\n<div class=\"vc_column-inner\">\n<div class=\"wpb_wrapper\">\n<div class=\"wpb_text_column wpb_content_element \">\n<div class=\"wpb_wrapper\">\n<p><strong>DATENSCHUTZ \u2013 DSGVO \u2013 Informationsmitteilung (Juli 2019)<\/strong><\/p>\n<p><strong>Informationen f\u00fcr Nutzer der Websites und Online-Accounts der UEL und Abonnenten der UEL-Newsletter<br \/>\n<\/strong><\/p>\n<p>Der Zweck der vorliegenden Mitteilung besteht in der Festlegung der Bedingungen, gem\u00e4\u00df denen die personenbezogenen Daten verarbeitet und erhoben werden, dies in \u00dcbereinstimmung mit der Verordnung (EU) 2016\/679 vom 27. April 2016 zum Schutz nat\u00fcrlicher Personen bei der Verarbeitung personenbezogener Daten und zum freien Datenverkehr (\u201eDSGVO\u201c)<\/p>\n<p><strong>Welche personenbezogene Daten werden verarbeitet?<\/strong><\/p>\n<p>Pers\u00f6nliche oder personenbezogene Daten sind Informationen, die sich auf eine identifizierte oder identifizierbare nat\u00fcrliche Person (als \u201ebetroffene Person\u201c bezeichnet) beziehen.<\/p>\n<p>Die von der UEL durchgef\u00fchrte Datenverarbeitung umfasst gegenw\u00e4rtig folgende Daten:<\/p>\n<ul>\n<li>Nachname, Vorname, Geschlecht, Institution oder Unternehmen, Dienststellung, Postanschrift, E-Mail-Adresse, Telefonnummer, Beitrittsdatum;<\/li>\n<li>Informationen \u00fcber die Verbindungen zu den Websites und Accounts der sozialen Medien der UEL (<em>Google Analytics und damit verbundene Cookies, MailChimp etc.<\/em>) sowie die aufgerufenen Seiten, das Datum und die Uhrzeit des Aufrufens, die IP-Adresse, die Quellseiten, die Zugang zu den Websites und Online-Accounts der UEL haben, das geografische Gebiet und die genutzte Computer-Hardware.<\/li>\n<\/ul>\n<p>Diese Informationen werden haupts\u00e4chlich durch die betroffene Person direkt \u00fcbermittelt, insbesondere durch eine Kontaktaufnahme mit einem Vertreter oder Mitarbeiter der UEL oder \u00fcber die Websites und Online-Accounts der UEL. In Ausnahmef\u00e4llen k\u00f6nnen Nachname, Vorname, Geschlecht, Institution oder Unternehmen, Dienststellung, Postanschrift, E-Mail-Adresse und Telefonnummer \u00fcber \u00f6ffentlich zug\u00e4ngliche Informationen, wie Telefonb\u00fccher, Websites, Bekanntmachungen oder Pressemitteilungen in Erfahrung gebracht werden.<\/p>\n<p><strong>Zu welchem Zweck und nach welcher Rechtsgrundlage erfolgt die Datenverarbeitung?<\/strong><\/p>\n<p>Die personenbezogenen Daten werden im Rahmen der globalen Verwaltung der Gesch\u00e4ftst\u00e4tigkeit der UEL verarbeitet, d. h.<\/p>\n<ul>\n<li>aus Gr\u00fcnden der Benutzerfreundlichkeit und der Optimierung der Websites und Online-Konten<\/li>\n<li>zum Versand der Newsletters<\/li>\n<li>zu Zwecken der administrativen Verwaltung,<\/li>\n<li>zu statistischen Zwecken.<\/li>\n<\/ul>\n<p>Wenn die UEL keinen Vertrag mit der betroffenen Person dahingehend geschlossen hat, dass die Datenverarbeitung nicht auf die Einwilligung der betroffenen Person oder auf eine gesetzliche Verpflichtung basiert, verarbeitet die UEL die personenbezogenen Daten auf der Grundlage eines legitimen Interesses in Erf\u00fcllung ihrer Aufgaben (siehe Abschnitt \u201e\u00dcber die UEL\u201c), sofern das Interesse oder die Grundrechte und Grundfreiheiten der betroffenen Person nicht \u00fcberwiegen.<\/p>\n<p><strong>An wen werden die personenbezogenen Daten \u00fcbermittelt? Wie lange werden sie gespeichert?<\/strong><\/p>\n<p>Die Datenverarbeitung dient der internen Nutzung und verfolgt keinen kommerziellen Zweck. Lediglich zu Informationszwecken werden die personenbezogenen Daten m\u00f6glicherweise an Dienstleister in Europa und in solche Drittl\u00e4nder \u00fcbermittelt, die ausreichende Garantien hinsichtlich der DSGVO bieten k\u00f6nnen, um die Ausf\u00fchrung des Vertrags zwischen der UEL und ihren Mitgliedern im Rahmen der Erf\u00fcllung ihrer Aufgaben (siehe Abschnitt \u201e\u00dcber die UEL\u201c) zu gew\u00e4hrleisten oder um sonstigen gesetzlichen Anforderungen nachzukommen.<\/p>\n<p>Die UEL weist darauf hin, dass die Informationen \u00fcber die Verbindungen zu den Websites und Online-Accounts der UEL sowie die IP-Adresse durch Internetanbieter, wie <em>Google<\/em>, erfasst und verarbeitet werden k\u00f6nnen, um die Nutzung der Website auszuwerten und sonstige Serviceleistungen in Zusammenhang mit der Internetnutzung bereitzustellen. Es obliegt der betroffenen Person, die Cookies \u00fcber die Optionen des Browsers, den sie in Anspruch nimmt, zuzulassen oder zu deaktivieren.<\/p>\n<p>Die personenbezogenen Daten k\u00f6nnen von der UEL so lange gespeichert, auf Backup-Servern bzw. -Systemen kopiert oder archiviert werden, wie dies zur Erf\u00fcllung der oben genannten Zwecke oder sonstiger einschl\u00e4giger rechtlicher Anforderungen erforderlich ist, beziehungsweise so lange wie die betreffende Person nicht die Abmeldung aus der Verteilerliste der Newsletters verlangt.<\/p>\n<p><strong>Welche Rechte haben Sie?<\/strong><\/p>\n<p>Die UEL ergreift alle angemessenen m\u00f6glichen Ma\u00dfnahmen auf technischer und organisatorischer Ebene, um den Schutz der personenbezogenen Daten vor Verlust, Missbrauch, unbefugtem Zugang, Ver\u00f6ffentlichung, Ver\u00e4nderung und Zerst\u00f6rung zu sch\u00fctzen.<\/p>\n<p>Gem\u00e4\u00df den Bestimmungen der DSGVO sind Sie berechtigt, die Sie betreffenden Daten einzusehen und eine Kopie hiervon zu erhalten (Artikel 15), die Berichtigung falscher oder unvollst\u00e4ndiger Daten zu erwirken (Artikel 16), der Verarbeitung Ihrer Daten zu widersprechen (Artikel 21) oder die L\u00f6schung dieser zu erwirken (Artikel 17) und haben ferner ein Recht auf Daten\u00fcbertragbarkeit (Artikel 20) sowie auf die Einschr\u00e4nkung der Datenverarbeitung (Artikel 18).<\/p>\n<p>Wenn die Einwilligung die Rechtsgrundlage f\u00fcr die Verarbeitung der personenbezogenen Daten ist, k\u00f6nnen Sie Ihre Einwilligung jederzeit widerrufen, indem Sie sich an die UEL wenden, ohne dass die Rechtm\u00e4\u00dfigkeit der aufgrund der Einwilligung bis zum Widerruf erfolgten Verarbeitung ber\u00fchrt wird.<\/p>\n<p>Die UEL verarbeitet die personenbezogenen Daten zu gesch\u00e4ftlichen Zwecken. Wenn sie informiert wird, dass verarbeitete Daten ein Kind betreffen, verpflichtet sie sich, diese so schnell wie m\u00f6glich aus ihren Systemen zu entfernen.<\/p>\n<p>Nachstehend finden Sie die Kontaktdaten, unter denen Sie Ausk\u00fcnfte erhalten, Ihre Rechte geltend machen oder eine Beschwerde einreichen k\u00f6nnen:<\/p>\n<p>Union des Entreprises Luxembourgeoises (Datenschutz)<\/p>\n<p>7, rue Alcide de Gasperi, B.P. 3024 L-1030 Luxemburg-Kirchberg<\/p>\n<p>Tel.: +352 26009-1<\/p>\n<p>E-Mail\u00a0: <a href=\"mailto:data.protection@uel.lu\">data.protection@uel.lu<\/a><\/p>\n<p>Website\u00a0: <a href=\"http:\/\/www.uel.lu\">www.uel.lu<\/a><\/p>\n<p>&nbsp;<\/p>\n<p>Wenn Sie der Ansicht sind, dass die von der UEL ausgef\u00fchrte Verarbeitung Ihrer personenbezogenen Daten gegen die DSGVO verst\u00f6\u00dft, k\u00f6nnen Sie \u00fcberdies eine Beschwerde bei der nationalen Datenschutzkommission CNPD (<a href=\"http:\/\/www.cnpd.lu\">www.cnpd.lu<\/a>) einreichen.<\/p>\n<p>&nbsp;<\/p>\n<p><strong><em>Disclaimer<\/em><\/strong><\/p>\n<p>Die UEL bem\u00fcht sich sicherzustellen, dass die auf ihren Websites und Online-Accounts verf\u00fcgbaren Informationen und Angaben korrekt und auf dem neuesten Stand sind. Diese Informationen und Angaben wurden aus Quellen gewonnen und zusammengetragen, die, nach bestem Wissen der UEL, zuverl\u00e4ssig sind. Dennoch haftet die UEL nicht f\u00fcr Fehler, Auslassungen, \u00c4nderungen oder Verz\u00f6gerungen in der Aktualisierung dieser Informationen und Angaben. Die Nutzer der Websites und Online-Accounts der UEL sind demnach gebeten, ihre Entscheidung nicht auf diese Informationen und Angaben zu st\u00fctzen, ohne deren Richtigkeit vorher \u00fcberpr\u00fcft zu haben. Sie erkennen an, diese Informationen und Angaben auf eigenes Risiko zu nutzen.<\/p>\n<p>Die in den Websites und Online-Accounts der UEL enthaltenen Links zu Websites Dritter dienen lediglich als Anhaltspunkt. Die UEL \u00fcbernimmt keinerlei Verantwortung f\u00fcr die Verwaltung, den Inhalt und das Datenschutzniveau dieser Websites . Die Nutzer der Websites und Online-Accounts der UEL erkennen an, dass der Zugang zu diesen Websites Dritter auf eigenes Risiko erfolgt.<\/p>\n<p><strong>\u00c4nderung der Mitteilung<\/strong><\/p>\n<p>Die UEL beh\u00e4lt sich das Recht vor, die vorliegende Mitteilung jederzeit und ohne Vorank\u00fcndigung zu \u00e4ndern. Es obliegt der betroffenen Person sicherzustellen, dass sie \u00fcber die jeweils g\u00fcltige Fassung der Mitteilung verf\u00fcgt.<\/p>\n<p>DSGVO \u2013 Informationsmitteilung Juli 2019 \u2013 die franz\u00f6sische Version ist ma\u00dfgebend.<\/p>\n<\/div>\n<\/div>\n<\/div>\n<\/div>\n<\/div>\n<\/div>\n<\/div>\n<\/div>\n<\/div>\n<\/div>\n[\/vc_column_text][\/vc_column][\/vc_row]\n","protected":false},"excerpt":{"rendered":"<p>[vc_row type=&#8220;full_width_background&#8220; full_screen_row_position=&#8220;middle&#8220; column_margin=&#8220;default&#8220; column_direction=&#8220;default&#8220; column_direction_tablet=&#8220;default&#8220; column_direction_phone=&#8220;default&#8220; bg_image=&#8220;943&#8243; bg_position=&#8220;center bottom&#8220; background_image_loading=&#8220;default&#8220; bg_repeat=&#8220;no-repeat&#8220; scene_position=&#8220;center&#8220; top_padding=&#8220;7%&#8220; bottom_padding=&#8220;5%&#8220; text_color=&#8220;light&#8220; text_align=&#8220;left&#8220; row_border_radius=&#8220;none&#8220; row_border_radius_applies=&#8220;bg&#8220; overflow=&#8220;visible&#8220; enable_gradient=&#8220;true&#8220; color_overlay=&#8220;#000000&#8243; advanced_gradient_angle=&#8220;0&#8243; overlay_strength=&#8220;0.8&#8243; gradient_direction=&#8220;top_to_bottom&#8220; shape_divider_position=&#8220;bottom&#8220; bg_image_animation=&#8220;none&#8220; shape_type=&#8220;&#8220; gradient_type=&#8220;default&#8220;][vc_column column_padding=&#8220;no-extra-padding&#8220;&#8230;<\/p>\n","protected":false},"author":7,"featured_media":0,"parent":0,"menu_order":0,"comment_status":"closed","ping_status":"closed","template":"","meta":{"_acf_changed":false,"inline_featured_image":false,"footnotes":""},"class_list":["post-4056","page","type-page","status-publish"],"acf":[],"yoast_head":"<!-- This site is optimized with the Yoast SEO plugin v26.8 - https:\/\/yoast.com\/product\/yoast-seo-wordpress\/ -->\n<title>Datenschutzerkl\u00e4rung - UEL<\/title>\n<meta name=\"robots\" content=\"index, follow, max-snippet:-1, max-image-preview:large, max-video-preview:-1\" \/>\n<link rel=\"canonical\" href=\"https:\/\/uel.lu\/de\/datenschutz\/\" \/>\n<meta property=\"og:locale\" content=\"de_DE\" \/>\n<meta property=\"og:type\" content=\"article\" \/>\n<meta property=\"og:title\" content=\"Datenschutzerkl\u00e4rung - UEL\" \/>\n<meta property=\"og:description\" content=\"[vc_row type=&#8220;full_width_background&#8220; full_screen_row_position=&#8220;middle&#8220; column_margin=&#8220;default&#8220; column_direction=&#8220;default&#8220; column_direction_tablet=&#8220;default&#8220; column_direction_phone=&#8220;default&#8220; bg_image=&#8220;943&#8243; bg_position=&#8220;center bottom&#8220; background_image_loading=&#8220;default&#8220; bg_repeat=&#8220;no-repeat&#8220; scene_position=&#8220;center&#8220; top_padding=&#8220;7%&#8220; bottom_padding=&#8220;5%&#8220; text_color=&#8220;light&#8220; text_align=&#8220;left&#8220; row_border_radius=&#8220;none&#8220; row_border_radius_applies=&#8220;bg&#8220; overflow=&#8220;visible&#8220; enable_gradient=&#8220;true&#8220; color_overlay=&#8220;#000000&#8243; advanced_gradient_angle=&#8220;0&#8243; overlay_strength=&#8220;0.8&#8243; gradient_direction=&#8220;top_to_bottom&#8220; shape_divider_position=&#8220;bottom&#8220; bg_image_animation=&#8220;none&#8220; shape_type=&#8220;&#8220; gradient_type=&#8220;default&#8220;][vc_column column_padding=&#8220;no-extra-padding&#8220;...\" \/>\n<meta property=\"og:url\" content=\"https:\/\/uel.lu\/de\/datenschutz\/\" \/>\n<meta property=\"og:site_name\" content=\"UEL\" \/>\n<meta property=\"article:modified_time\" content=\"2022-05-18T12:30:55+00:00\" \/>\n<meta name=\"twitter:card\" content=\"summary_large_image\" \/>\n<meta name=\"twitter:site\" content=\"@uel_lu\" \/>\n<meta name=\"twitter:label1\" content=\"Gesch\u00e4tzte Lesezeit\" \/>\n\t<meta name=\"twitter:data1\" content=\"7\u00a0Minuten\" \/>\n<script type=\"application\/ld+json\" class=\"yoast-schema-graph\">{\"@context\":\"https:\/\/schema.org\",\"@graph\":[{\"@type\":\"WebPage\",\"@id\":\"https:\/\/uel.lu\/de\/datenschutz\/\",\"url\":\"https:\/\/uel.lu\/de\/datenschutz\/\",\"name\":\"Datenschutzerkl\u00e4rung - UEL\",\"isPartOf\":{\"@id\":\"https:\/\/uel.lu\/de\/#website\"},\"datePublished\":\"2019-07-08T23:53:16+00:00\",\"dateModified\":\"2022-05-18T12:30:55+00:00\",\"breadcrumb\":{\"@id\":\"https:\/\/uel.lu\/de\/datenschutz\/#breadcrumb\"},\"inLanguage\":\"de\",\"potentialAction\":[{\"@type\":\"ReadAction\",\"target\":[\"https:\/\/uel.lu\/de\/datenschutz\/\"]}]},{\"@type\":\"BreadcrumbList\",\"@id\":\"https:\/\/uel.lu\/de\/datenschutz\/#breadcrumb\",\"itemListElement\":[{\"@type\":\"ListItem\",\"position\":1,\"name\":\"Startseite\",\"item\":\"https:\/\/uel.lu\/de\/\"},{\"@type\":\"ListItem\",\"position\":2,\"name\":\"Datenschutzerkl\u00e4rung\"}]},{\"@type\":\"WebSite\",\"@id\":\"https:\/\/uel.lu\/de\/#website\",\"url\":\"https:\/\/uel.lu\/de\/\",\"name\":\"Union des Entreprises Luxembourgeoises\",\"description\":\"Union des Entreprises Luxembourgeoises\",\"publisher\":{\"@id\":\"https:\/\/uel.lu\/de\/#organization\"},\"alternateName\":\"UEL\",\"potentialAction\":[{\"@type\":\"SearchAction\",\"target\":{\"@type\":\"EntryPoint\",\"urlTemplate\":\"https:\/\/uel.lu\/de\/?s={search_term_string}\"},\"query-input\":{\"@type\":\"PropertyValueSpecification\",\"valueRequired\":true,\"valueName\":\"search_term_string\"}}],\"inLanguage\":\"de\"},{\"@type\":\"Organization\",\"@id\":\"https:\/\/uel.lu\/de\/#organization\",\"name\":\"Union des Entreprises Luxembourgeoises\",\"alternateName\":\"UEL\",\"url\":\"https:\/\/uel.lu\/de\/\",\"logo\":{\"@type\":\"ImageObject\",\"inLanguage\":\"de\",\"@id\":\"https:\/\/uel.lu\/de\/#\/schema\/logo\/image\/\",\"url\":\"https:\/\/www.uel.lu\/wp-content\/uploads\/2019\/07\/uel_logo_.png\",\"contentUrl\":\"https:\/\/www.uel.lu\/wp-content\/uploads\/2019\/07\/uel_logo_.png\",\"width\":150,\"height\":118,\"caption\":\"Union des Entreprises Luxembourgeoises\"},\"image\":{\"@id\":\"https:\/\/uel.lu\/de\/#\/schema\/logo\/image\/\"},\"sameAs\":[\"https:\/\/x.com\/uel_lu\",\"https:\/\/www.linkedin.com\/company\/union-des-entreprises-luxembourgeoises---uel\/\"]}]}<\/script>\n<!-- \/ Yoast SEO plugin. -->","yoast_head_json":{"title":"Datenschutzerkl\u00e4rung - UEL","robots":{"index":"index","follow":"follow","max-snippet":"max-snippet:-1","max-image-preview":"max-image-preview:large","max-video-preview":"max-video-preview:-1"},"canonical":"https:\/\/uel.lu\/de\/datenschutz\/","og_locale":"de_DE","og_type":"article","og_title":"Datenschutzerkl\u00e4rung - UEL","og_description":"[vc_row type=&#8220;full_width_background&#8220; full_screen_row_position=&#8220;middle&#8220; column_margin=&#8220;default&#8220; column_direction=&#8220;default&#8220; column_direction_tablet=&#8220;default&#8220; column_direction_phone=&#8220;default&#8220; bg_image=&#8220;943&#8243; bg_position=&#8220;center bottom&#8220; background_image_loading=&#8220;default&#8220; bg_repeat=&#8220;no-repeat&#8220; scene_position=&#8220;center&#8220; top_padding=&#8220;7%&#8220; bottom_padding=&#8220;5%&#8220; text_color=&#8220;light&#8220; text_align=&#8220;left&#8220; row_border_radius=&#8220;none&#8220; row_border_radius_applies=&#8220;bg&#8220; overflow=&#8220;visible&#8220; enable_gradient=&#8220;true&#8220; color_overlay=&#8220;#000000&#8243; advanced_gradient_angle=&#8220;0&#8243; overlay_strength=&#8220;0.8&#8243; gradient_direction=&#8220;top_to_bottom&#8220; shape_divider_position=&#8220;bottom&#8220; bg_image_animation=&#8220;none&#8220; shape_type=&#8220;&#8220; gradient_type=&#8220;default&#8220;][vc_column column_padding=&#8220;no-extra-padding&#8220;...","og_url":"https:\/\/uel.lu\/de\/datenschutz\/","og_site_name":"UEL","article_modified_time":"2022-05-18T12:30:55+00:00","twitter_card":"summary_large_image","twitter_site":"@uel_lu","twitter_misc":{"Gesch\u00e4tzte Lesezeit":"7\u00a0Minuten"},"schema":{"@context":"https:\/\/schema.org","@graph":[{"@type":"WebPage","@id":"https:\/\/uel.lu\/de\/datenschutz\/","url":"https:\/\/uel.lu\/de\/datenschutz\/","name":"Datenschutzerkl\u00e4rung - UEL","isPartOf":{"@id":"https:\/\/uel.lu\/de\/#website"},"datePublished":"2019-07-08T23:53:16+00:00","dateModified":"2022-05-18T12:30:55+00:00","breadcrumb":{"@id":"https:\/\/uel.lu\/de\/datenschutz\/#breadcrumb"},"inLanguage":"de","potentialAction":[{"@type":"ReadAction","target":["https:\/\/uel.lu\/de\/datenschutz\/"]}]},{"@type":"BreadcrumbList","@id":"https:\/\/uel.lu\/de\/datenschutz\/#breadcrumb","itemListElement":[{"@type":"ListItem","position":1,"name":"Startseite","item":"https:\/\/uel.lu\/de\/"},{"@type":"ListItem","position":2,"name":"Datenschutzerkl\u00e4rung"}]},{"@type":"WebSite","@id":"https:\/\/uel.lu\/de\/#website","url":"https:\/\/uel.lu\/de\/","name":"Union des Entreprises Luxembourgeoises","description":"Union des Entreprises Luxembourgeoises","publisher":{"@id":"https:\/\/uel.lu\/de\/#organization"},"alternateName":"UEL","potentialAction":[{"@type":"SearchAction","target":{"@type":"EntryPoint","urlTemplate":"https:\/\/uel.lu\/de\/?s={search_term_string}"},"query-input":{"@type":"PropertyValueSpecification","valueRequired":true,"valueName":"search_term_string"}}],"inLanguage":"de"},{"@type":"Organization","@id":"https:\/\/uel.lu\/de\/#organization","name":"Union des Entreprises Luxembourgeoises","alternateName":"UEL","url":"https:\/\/uel.lu\/de\/","logo":{"@type":"ImageObject","inLanguage":"de","@id":"https:\/\/uel.lu\/de\/#\/schema\/logo\/image\/","url":"https:\/\/www.uel.lu\/wp-content\/uploads\/2019\/07\/uel_logo_.png","contentUrl":"https:\/\/www.uel.lu\/wp-content\/uploads\/2019\/07\/uel_logo_.png","width":150,"height":118,"caption":"Union des Entreprises Luxembourgeoises"},"image":{"@id":"https:\/\/uel.lu\/de\/#\/schema\/logo\/image\/"},"sameAs":["https:\/\/x.com\/uel_lu","https:\/\/www.linkedin.com\/company\/union-des-entreprises-luxembourgeoises---uel\/"]}]}},"_links":{"self":[{"href":"https:\/\/uel.lu\/de\/wp-json\/wp\/v2\/pages\/4056","targetHints":{"allow":["GET"]}}],"collection":[{"href":"https:\/\/uel.lu\/de\/wp-json\/wp\/v2\/pages"}],"about":[{"href":"https:\/\/uel.lu\/de\/wp-json\/wp\/v2\/types\/page"}],"author":[{"embeddable":true,"href":"https:\/\/uel.lu\/de\/wp-json\/wp\/v2\/users\/7"}],"replies":[{"embeddable":true,"href":"https:\/\/uel.lu\/de\/wp-json\/wp\/v2\/comments?post=4056"}],"version-history":[{"count":15,"href":"https:\/\/uel.lu\/de\/wp-json\/wp\/v2\/pages\/4056\/revisions"}],"predecessor-version":[{"id":12464,"href":"https:\/\/uel.lu\/de\/wp-json\/wp\/v2\/pages\/4056\/revisions\/12464"}],"wp:attachment":[{"href":"https:\/\/uel.lu\/de\/wp-json\/wp\/v2\/media?parent=4056"}],"curies":[{"name":"wp","href":"https:\/\/api.w.org\/{rel}","templated":true}]}}