{"id":3589,"date":"2019-07-04T09:57:58","date_gmt":"2019-07-04T09:57:58","guid":{"rendered":"http:\/\/uel.lu\/unfallversicherung\/"},"modified":"2022-08-09T08:40:38","modified_gmt":"2022-08-09T06:40:38","slug":"unfallversicherung","status":"publish","type":"page","link":"https:\/\/uel.lu\/de\/unfallversicherung\/","title":{"rendered":"Unfallversicherung"},"content":{"rendered":"[vc_row type=&#8220;full_width_background&#8220; full_screen_row_position=&#8220;middle&#8220; column_margin=&#8220;default&#8220; column_direction=&#8220;default&#8220; column_direction_tablet=&#8220;default&#8220; column_direction_phone=&#8220;default&#8220; bg_image=&#8220;3124&#8243; bg_position=&#8220;center center&#8220; background_image_loading=&#8220;default&#8220; bg_repeat=&#8220;no-repeat&#8220; scene_position=&#8220;center&#8220; top_padding=&#8220;5%&#8220; bottom_padding=&#8220;7%&#8220; text_color=&#8220;light&#8220; text_align=&#8220;right&#8220; row_border_radius=&#8220;none&#8220; row_border_radius_applies=&#8220;bg&#8220; overflow=&#8220;visible&#8220; class=&#8220;row-bg-overlay&#8220; enable_gradient=&#8220;true&#8220; color_overlay=&#8220;#000000&#8243; color_overlay_2=&#8220;#444444&#8243; advanced_gradient_angle=&#8220;0&#8243; overlay_strength=&#8220;0.8&#8243; gradient_direction=&#8220;top_to_bottom&#8220; shape_divider_position=&#8220;bottom&#8220; bg_image_animation=&#8220;none&#8220; shape_type=&#8220;&#8220; gradient_type=&#8220;default&#8220;][vc_column column_padding=&#8220;no-extra-padding&#8220; column_padding_tablet=&#8220;inherit&#8220; column_padding_phone=&#8220;inherit&#8220; column_padding_position=&#8220;all&#8220; column_element_spacing=&#8220;default&#8220; background_color_opacity=&#8220;1&#8243; background_hover_color_opacity=&#8220;1&#8243; column_shadow=&#8220;none&#8220; column_border_radius=&#8220;none&#8220; column_link_target=&#8220;_self&#8220; column_position=&#8220;default&#8220; gradient_direction=&#8220;left_to_right&#8220; overlay_strength=&#8220;0.3&#8243; width=&#8220;1\/1&#8243; tablet_width_inherit=&#8220;default&#8220; tablet_text_alignment=&#8220;default&#8220; phone_text_alignment=&#8220;default&#8220; animation_type=&#8220;default&#8220; bg_image_animation=&#8220;none&#8220; border_type=&#8220;simple&#8220; column_border_width=&#8220;none&#8220; column_border_style=&#8220;solid&#8220;][vc_custom_heading text=&#8220;Unfallversicherungsanstalt&#8220; use_theme_fonts=&#8220;yes&#8220;][divider line_type=&#8220;No Line&#8220; custom_height=&#8220;20&#8243;][vc_column_text]\n<p style=\"text-align: left;\">Die Unfallversicherungsanstalt (AAA) ist eine f\u00fcr die Pr\u00e4vention und Entsch\u00e4digung von Arbeitsunf\u00e4llen und Berufskrankheiten zust\u00e4ndige \u00f6ffentlich-rechtliche Anstalt. Sie wurde 1901 vom Gesetzgeber gegr\u00fcndet, untersteht dem Ministerium f\u00fcr Sozialversicherungswesen und wird durch folgenden Vorstand geleitet.<\/p>\n[\/vc_column_text][\/vc_column][\/vc_row][vc_row type=&#8220;in_container&#8220; full_screen_row_position=&#8220;middle&#8220; column_margin=&#8220;default&#8220; column_direction=&#8220;default&#8220; column_direction_tablet=&#8220;default&#8220; column_direction_phone=&#8220;default&#8220; scene_position=&#8220;center&#8220; top_padding=&#8220;5%&#8220; bottom_padding=&#8220;5%&#8220; text_color=&#8220;dark&#8220; text_align=&#8220;left&#8220; row_border_radius=&#8220;none&#8220; row_border_radius_applies=&#8220;bg&#8220; overflow=&#8220;visible&#8220; overlay_strength=&#8220;0.3&#8243; gradient_direction=&#8220;left_to_right&#8220; shape_divider_position=&#8220;bottom&#8220; bg_image_animation=&#8220;none&#8220; shape_type=&#8220;&#8220;][vc_column column_padding=&#8220;no-extra-padding&#8220; column_padding_tablet=&#8220;inherit&#8220; column_padding_phone=&#8220;inherit&#8220; column_padding_position=&#8220;all&#8220; column_element_spacing=&#8220;default&#8220; background_color_opacity=&#8220;1&#8243; background_hover_color_opacity=&#8220;1&#8243; column_shadow=&#8220;none&#8220; column_border_radius=&#8220;none&#8220; column_link_target=&#8220;_self&#8220; column_position=&#8220;default&#8220; gradient_direction=&#8220;left_to_right&#8220; overlay_strength=&#8220;0.3&#8243; width=&#8220;1\/1&#8243; tablet_width_inherit=&#8220;default&#8220; tablet_text_alignment=&#8220;default&#8220; phone_text_alignment=&#8220;default&#8220; animation_type=&#8220;default&#8220; bg_image_animation=&#8220;none&#8220; border_type=&#8220;simple&#8220; column_border_width=&#8220;none&#8220; column_border_style=&#8220;solid&#8220;][vc_column_text]Die Verwaltung der Unfallversicherung obliegt der Association d&#8217;assurance accident, die dem Verwaltungsrat untersteht und sich neben dem Vorsitzenden, einem Staatsbeamten, aus folgenden Mitgliedern zusammensetzt,<\/p>\n<ul>\n<li>sieben Arbeitgebervertretern, die von der Handelskammer und der Handwerkskammer ernannt werden,<\/li>\n<li>einem von der Landwirtschaftskammer ernannten Delegierten der Selbstst\u00e4ndigen,<\/li>\n<li>sieben Delegierten der Arbeitnehmer, die von der Arbeitnehmerkammer ernannt werden,<\/li>\n<li>einem Delegierten der Arbeitnehmer, der von der Kammer der Beamten und \u00f6ffentlichen Angestellten ernannt wird.<\/li>\n<\/ul>\n<p>&nbsp;<\/p>\n<p>Die wichtigsten Verwaltungsabteilungen der AAA, die die Beziehungen zu den Arbeitgebern und den Versicherten sicherstellen, sind:<\/p>\n<ul>\n<li><a href=\"https:\/\/aaa.public.lu\/fr\/securite-sante-travail\/recommandations-de-prevention.html\" target=\"_blank\" rel=\"noopener noreferrer\">die Abteilung f\u00fcr Unfallverh\u00fctung,<\/a><\/li>\n<li><a href=\"https:\/\/aaa.public.lu\/fr\/prestations-cotisations.html\" target=\"_blank\" rel=\"noopener noreferrer\">die Abteilung f\u00fcr Leistungen.<\/a><\/li>\n<\/ul>\n<h3><\/h3>\n<h3><\/h3>\n<p>&nbsp;<\/p>\n<h3><b class=\"b2\">Beitragss\u00e4tze f\u00fcr<\/b><b class=\"b3\"> die<\/b><b class=\"b4\"> Unfallversicherung<\/b><\/h3>\n<p>Die Ausgaben der Pflichtversicherung werden durch Beitr\u00e4ge finanziert, die von Arbeitgebern oder selbstst\u00e4ndig t\u00e4tigen Versicherten zu zahlen sind. W\u00e4hrend bis 2010 die Beitragszahler je nach Art der versicherten T\u00e4tigkeit in 21 Klassen eingeteilt wurden, wird das allgemeine System ab 2011 solidarisch von den Beitragszahlern finanziert, unabh\u00e4ngig von dem Unfallrisiko, das der von ihnen ausge\u00fcbten T\u00e4tigkeit innewohnt. Mit der Reform von 2010 wurde ein <a href=\"https:\/\/aaa.public.lu\/fr\/prestations-cotisations\/cotisations\/bonusmalus.html\" target=\"_blank\" rel=\"noopener\">Bonus-Malus-System<\/a> eingef\u00fchrt, nach dem der individuelle Beitragssatz jedes Beitragszahlers \u00fcber einen individuellen Multiplikationsfaktor, den sogenannten Bonus-Malus-Faktor, gesenkt oder erh\u00f6ht werden kann. Zur Berechnung dieses Bonus-Malus-Faktors werden die Beitragszahler in Risikoklassen eingeteilt und mit anderen Beitragszahlern in derselben Klasse verglichen, wobei der Vergleich auf den Unfallkosten basiert. Der Verwaltungsrat der AAA legt jedes Jahr einen <a href=\"http:\/\/www.ccss.lu\/cotisations\/parametres-sociaux\" target=\"_blank\" rel=\"noopener\">einheitlichen Beitragssatz<\/a> f\u00fcr das kommende Gesch\u00e4ftsjahr fest.<\/p>\n<p>&nbsp;<\/p>\n<h3>Dokumente (auf Franz\u00f6sisch)<\/h3>\n<ul>\n<li><a href=\"http:\/\/uel.lu\/wp-content\/uploads\/2019\/05\/Reforme_partie_II-autres_06-09-28.pdf\" target=\"_blank\" rel=\"noopener noreferrer\">R\u00e9forme de l\u2019Association d\u2019Assurance contre les Accidents &#8211; Les aspects non li\u00e9s \u00e0 l\u2019indemnisation<\/a> <em>&#8211; 28. September 2006<\/em><\/li>\n<li><a href=\"http:\/\/uel.lu\/wp-content\/uploads\/2019\/05\/Reforme_partie_I-indemnisation-06-07-21.pdf\" target=\"_blank\" rel=\"noopener noreferrer\">R\u00e9forme de l\u2019Association d\u2019Assurance contre les Accidents &#8211; Le syst\u00e8me d\u2019indemnisation<\/a> <em>&#8211; 21. Juli 2006<\/em><\/li>\n<\/ul>\n<h3>Weitere Informationen<\/h3>\n<ul>\n<li><a href=\"http:\/\/www.aaa.lu\/\" target=\"_blank\" rel=\"noopener noreferrer\">Association d&#8217;assurance accident<\/a><\/li>\n<li><a href=\"http:\/\/www.secu.lu\/\" target=\"_blank\" rel=\"noopener noreferrer\">Institutions de s\u00e9curit\u00e9 sociale<\/a><\/li>\n<li><a href=\"http:\/\/sante.public.lu\/fr\/publications\/a\/assurance-accident-guide-assure-fr-de\/assurance-accident-guide-assure-de.pdf\" target=\"_blank\" rel=\"noopener noreferrer\">Die Unfallversicherung: Leitfaden f\u00fcr den Versicherten<\/a><\/li>\n<\/ul>\n[\/vc_column_text][\/vc_column][\/vc_row]\n","protected":false},"excerpt":{"rendered":"<p>[vc_row type=&#8220;full_width_background&#8220; full_screen_row_position=&#8220;middle&#8220; column_margin=&#8220;default&#8220; column_direction=&#8220;default&#8220; column_direction_tablet=&#8220;default&#8220; column_direction_phone=&#8220;default&#8220; bg_image=&#8220;3124&#8243; bg_position=&#8220;center center&#8220; background_image_loading=&#8220;default&#8220; bg_repeat=&#8220;no-repeat&#8220; scene_position=&#8220;center&#8220; top_padding=&#8220;5%&#8220; bottom_padding=&#8220;7%&#8220; text_color=&#8220;light&#8220; text_align=&#8220;right&#8220; row_border_radius=&#8220;none&#8220; row_border_radius_applies=&#8220;bg&#8220; overflow=&#8220;visible&#8220; class=&#8220;row-bg-overlay&#8220; enable_gradient=&#8220;true&#8220; color_overlay=&#8220;#000000&#8243; color_overlay_2=&#8220;#444444&#8243; advanced_gradient_angle=&#8220;0&#8243; overlay_strength=&#8220;0.8&#8243; gradient_direction=&#8220;top_to_bottom&#8220; shape_divider_position=&#8220;bottom&#8220; bg_image_animation=&#8220;none&#8220; shape_type=&#8220;&#8220;&#8230;<\/p>\n","protected":false},"author":7,"featured_media":0,"parent":0,"menu_order":0,"comment_status":"closed","ping_status":"closed","template":"","meta":{"_acf_changed":false,"inline_featured_image":false,"footnotes":""},"class_list":["post-3589","page","type-page","status-publish"],"acf":[],"yoast_head":"<!-- This site is optimized with the Yoast SEO plugin v26.8 - https:\/\/yoast.com\/product\/yoast-seo-wordpress\/ -->\n<title>Unfallversicherung - UEL<\/title>\n<meta name=\"robots\" content=\"index, follow, max-snippet:-1, max-image-preview:large, max-video-preview:-1\" \/>\n<link rel=\"canonical\" href=\"https:\/\/uel.lu\/de\/unfallversicherung\/\" \/>\n<meta property=\"og:locale\" content=\"de_DE\" \/>\n<meta property=\"og:type\" content=\"article\" \/>\n<meta property=\"og:title\" content=\"Unfallversicherung - UEL\" \/>\n<meta property=\"og:description\" content=\"[vc_row type=&#8220;full_width_background&#8220; full_screen_row_position=&#8220;middle&#8220; column_margin=&#8220;default&#8220; column_direction=&#8220;default&#8220; column_direction_tablet=&#8220;default&#8220; column_direction_phone=&#8220;default&#8220; bg_image=&#8220;3124&#8243; bg_position=&#8220;center center&#8220; background_image_loading=&#8220;default&#8220; bg_repeat=&#8220;no-repeat&#8220; scene_position=&#8220;center&#8220; top_padding=&#8220;5%&#8220; bottom_padding=&#8220;7%&#8220; text_color=&#8220;light&#8220; text_align=&#8220;right&#8220; row_border_radius=&#8220;none&#8220; row_border_radius_applies=&#8220;bg&#8220; overflow=&#8220;visible&#8220; class=&#8220;row-bg-overlay&#8220; enable_gradient=&#8220;true&#8220; color_overlay=&#8220;#000000&#8243; color_overlay_2=&#8220;#444444&#8243; advanced_gradient_angle=&#8220;0&#8243; overlay_strength=&#8220;0.8&#8243; gradient_direction=&#8220;top_to_bottom&#8220; shape_divider_position=&#8220;bottom&#8220; bg_image_animation=&#8220;none&#8220; shape_type=&#8220;&#8220;...\" \/>\n<meta property=\"og:url\" content=\"https:\/\/uel.lu\/de\/unfallversicherung\/\" \/>\n<meta property=\"og:site_name\" content=\"UEL\" \/>\n<meta property=\"article:modified_time\" content=\"2022-08-09T06:40:38+00:00\" \/>\n<meta name=\"twitter:card\" content=\"summary_large_image\" \/>\n<meta name=\"twitter:site\" content=\"@uel_lu\" \/>\n<meta name=\"twitter:label1\" content=\"Gesch\u00e4tzte Lesezeit\" \/>\n\t<meta name=\"twitter:data1\" content=\"3\u00a0Minuten\" \/>\n<script type=\"application\/ld+json\" class=\"yoast-schema-graph\">{\"@context\":\"https:\/\/schema.org\",\"@graph\":[{\"@type\":\"WebPage\",\"@id\":\"https:\/\/uel.lu\/de\/unfallversicherung\/\",\"url\":\"https:\/\/uel.lu\/de\/unfallversicherung\/\",\"name\":\"Unfallversicherung - UEL\",\"isPartOf\":{\"@id\":\"https:\/\/uel.lu\/de\/#website\"},\"datePublished\":\"2019-07-04T09:57:58+00:00\",\"dateModified\":\"2022-08-09T06:40:38+00:00\",\"breadcrumb\":{\"@id\":\"https:\/\/uel.lu\/de\/unfallversicherung\/#breadcrumb\"},\"inLanguage\":\"de\",\"potentialAction\":[{\"@type\":\"ReadAction\",\"target\":[\"https:\/\/uel.lu\/de\/unfallversicherung\/\"]}]},{\"@type\":\"BreadcrumbList\",\"@id\":\"https:\/\/uel.lu\/de\/unfallversicherung\/#breadcrumb\",\"itemListElement\":[{\"@type\":\"ListItem\",\"position\":1,\"name\":\"Startseite\",\"item\":\"https:\/\/uel.lu\/de\/\"},{\"@type\":\"ListItem\",\"position\":2,\"name\":\"Unfallversicherung\"}]},{\"@type\":\"WebSite\",\"@id\":\"https:\/\/uel.lu\/de\/#website\",\"url\":\"https:\/\/uel.lu\/de\/\",\"name\":\"Union des Entreprises Luxembourgeoises\",\"description\":\"Union des Entreprises Luxembourgeoises\",\"publisher\":{\"@id\":\"https:\/\/uel.lu\/de\/#organization\"},\"alternateName\":\"UEL\",\"potentialAction\":[{\"@type\":\"SearchAction\",\"target\":{\"@type\":\"EntryPoint\",\"urlTemplate\":\"https:\/\/uel.lu\/de\/?s={search_term_string}\"},\"query-input\":{\"@type\":\"PropertyValueSpecification\",\"valueRequired\":true,\"valueName\":\"search_term_string\"}}],\"inLanguage\":\"de\"},{\"@type\":\"Organization\",\"@id\":\"https:\/\/uel.lu\/de\/#organization\",\"name\":\"Union des Entreprises Luxembourgeoises\",\"alternateName\":\"UEL\",\"url\":\"https:\/\/uel.lu\/de\/\",\"logo\":{\"@type\":\"ImageObject\",\"inLanguage\":\"de\",\"@id\":\"https:\/\/uel.lu\/de\/#\/schema\/logo\/image\/\",\"url\":\"https:\/\/www.uel.lu\/wp-content\/uploads\/2019\/07\/uel_logo_.png\",\"contentUrl\":\"https:\/\/www.uel.lu\/wp-content\/uploads\/2019\/07\/uel_logo_.png\",\"width\":150,\"height\":118,\"caption\":\"Union des Entreprises Luxembourgeoises\"},\"image\":{\"@id\":\"https:\/\/uel.lu\/de\/#\/schema\/logo\/image\/\"},\"sameAs\":[\"https:\/\/x.com\/uel_lu\",\"https:\/\/www.linkedin.com\/company\/union-des-entreprises-luxembourgeoises---uel\/\"]}]}<\/script>\n<!-- \/ Yoast SEO plugin. -->","yoast_head_json":{"title":"Unfallversicherung - UEL","robots":{"index":"index","follow":"follow","max-snippet":"max-snippet:-1","max-image-preview":"max-image-preview:large","max-video-preview":"max-video-preview:-1"},"canonical":"https:\/\/uel.lu\/de\/unfallversicherung\/","og_locale":"de_DE","og_type":"article","og_title":"Unfallversicherung - UEL","og_description":"[vc_row type=&#8220;full_width_background&#8220; full_screen_row_position=&#8220;middle&#8220; column_margin=&#8220;default&#8220; column_direction=&#8220;default&#8220; column_direction_tablet=&#8220;default&#8220; column_direction_phone=&#8220;default&#8220; bg_image=&#8220;3124&#8243; bg_position=&#8220;center center&#8220; background_image_loading=&#8220;default&#8220; bg_repeat=&#8220;no-repeat&#8220; scene_position=&#8220;center&#8220; top_padding=&#8220;5%&#8220; bottom_padding=&#8220;7%&#8220; text_color=&#8220;light&#8220; text_align=&#8220;right&#8220; row_border_radius=&#8220;none&#8220; row_border_radius_applies=&#8220;bg&#8220; overflow=&#8220;visible&#8220; class=&#8220;row-bg-overlay&#8220; enable_gradient=&#8220;true&#8220; color_overlay=&#8220;#000000&#8243; color_overlay_2=&#8220;#444444&#8243; advanced_gradient_angle=&#8220;0&#8243; overlay_strength=&#8220;0.8&#8243; gradient_direction=&#8220;top_to_bottom&#8220; shape_divider_position=&#8220;bottom&#8220; bg_image_animation=&#8220;none&#8220; shape_type=&#8220;&#8220;...","og_url":"https:\/\/uel.lu\/de\/unfallversicherung\/","og_site_name":"UEL","article_modified_time":"2022-08-09T06:40:38+00:00","twitter_card":"summary_large_image","twitter_site":"@uel_lu","twitter_misc":{"Gesch\u00e4tzte Lesezeit":"3\u00a0Minuten"},"schema":{"@context":"https:\/\/schema.org","@graph":[{"@type":"WebPage","@id":"https:\/\/uel.lu\/de\/unfallversicherung\/","url":"https:\/\/uel.lu\/de\/unfallversicherung\/","name":"Unfallversicherung - UEL","isPartOf":{"@id":"https:\/\/uel.lu\/de\/#website"},"datePublished":"2019-07-04T09:57:58+00:00","dateModified":"2022-08-09T06:40:38+00:00","breadcrumb":{"@id":"https:\/\/uel.lu\/de\/unfallversicherung\/#breadcrumb"},"inLanguage":"de","potentialAction":[{"@type":"ReadAction","target":["https:\/\/uel.lu\/de\/unfallversicherung\/"]}]},{"@type":"BreadcrumbList","@id":"https:\/\/uel.lu\/de\/unfallversicherung\/#breadcrumb","itemListElement":[{"@type":"ListItem","position":1,"name":"Startseite","item":"https:\/\/uel.lu\/de\/"},{"@type":"ListItem","position":2,"name":"Unfallversicherung"}]},{"@type":"WebSite","@id":"https:\/\/uel.lu\/de\/#website","url":"https:\/\/uel.lu\/de\/","name":"Union des Entreprises Luxembourgeoises","description":"Union des Entreprises Luxembourgeoises","publisher":{"@id":"https:\/\/uel.lu\/de\/#organization"},"alternateName":"UEL","potentialAction":[{"@type":"SearchAction","target":{"@type":"EntryPoint","urlTemplate":"https:\/\/uel.lu\/de\/?s={search_term_string}"},"query-input":{"@type":"PropertyValueSpecification","valueRequired":true,"valueName":"search_term_string"}}],"inLanguage":"de"},{"@type":"Organization","@id":"https:\/\/uel.lu\/de\/#organization","name":"Union des Entreprises Luxembourgeoises","alternateName":"UEL","url":"https:\/\/uel.lu\/de\/","logo":{"@type":"ImageObject","inLanguage":"de","@id":"https:\/\/uel.lu\/de\/#\/schema\/logo\/image\/","url":"https:\/\/www.uel.lu\/wp-content\/uploads\/2019\/07\/uel_logo_.png","contentUrl":"https:\/\/www.uel.lu\/wp-content\/uploads\/2019\/07\/uel_logo_.png","width":150,"height":118,"caption":"Union des Entreprises Luxembourgeoises"},"image":{"@id":"https:\/\/uel.lu\/de\/#\/schema\/logo\/image\/"},"sameAs":["https:\/\/x.com\/uel_lu","https:\/\/www.linkedin.com\/company\/union-des-entreprises-luxembourgeoises---uel\/"]}]}},"_links":{"self":[{"href":"https:\/\/uel.lu\/de\/wp-json\/wp\/v2\/pages\/3589","targetHints":{"allow":["GET"]}}],"collection":[{"href":"https:\/\/uel.lu\/de\/wp-json\/wp\/v2\/pages"}],"about":[{"href":"https:\/\/uel.lu\/de\/wp-json\/wp\/v2\/types\/page"}],"author":[{"embeddable":true,"href":"https:\/\/uel.lu\/de\/wp-json\/wp\/v2\/users\/7"}],"replies":[{"embeddable":true,"href":"https:\/\/uel.lu\/de\/wp-json\/wp\/v2\/comments?post=3589"}],"version-history":[{"count":12,"href":"https:\/\/uel.lu\/de\/wp-json\/wp\/v2\/pages\/3589\/revisions"}],"predecessor-version":[{"id":13539,"href":"https:\/\/uel.lu\/de\/wp-json\/wp\/v2\/pages\/3589\/revisions\/13539"}],"wp:attachment":[{"href":"https:\/\/uel.lu\/de\/wp-json\/wp\/v2\/media?parent=3589"}],"curies":[{"name":"wp","href":"https:\/\/api.w.org\/{rel}","templated":true}]}}