{"id":3583,"date":"2019-07-04T09:56:58","date_gmt":"2019-07-04T09:56:58","guid":{"rendered":"http:\/\/uel.lu\/krankenversicherung\/"},"modified":"2022-08-09T08:44:32","modified_gmt":"2022-08-09T06:44:32","slug":"krankenversicherung","status":"publish","type":"page","link":"https:\/\/uel.lu\/de\/krankenversicherung\/","title":{"rendered":"Kranken- und Mutterschaftsversicherung"},"content":{"rendered":"[vc_row type=&#8220;full_width_background&#8220; full_screen_row_position=&#8220;middle&#8220; column_margin=&#8220;default&#8220; column_direction=&#8220;default&#8220; column_direction_tablet=&#8220;default&#8220; column_direction_phone=&#8220;default&#8220; bg_image=&#8220;2987&#8243; bg_position=&#8220;center center&#8220; background_image_loading=&#8220;default&#8220; bg_repeat=&#8220;no-repeat&#8220; scene_position=&#8220;center&#8220; top_padding=&#8220;5%&#8220; bottom_padding=&#8220;7%&#8220; text_color=&#8220;light&#8220; text_align=&#8220;right&#8220; row_border_radius=&#8220;none&#8220; row_border_radius_applies=&#8220;bg&#8220; overflow=&#8220;visible&#8220; class=&#8220;row-bg-overlay&#8220; enable_gradient=&#8220;true&#8220; color_overlay=&#8220;#000000&#8243; color_overlay_2=&#8220;#444444&#8243; advanced_gradient_angle=&#8220;0&#8243; overlay_strength=&#8220;0.8&#8243; gradient_direction=&#8220;top_to_bottom&#8220; shape_divider_position=&#8220;bottom&#8220; bg_image_animation=&#8220;none&#8220; shape_type=&#8220;&#8220; gradient_type=&#8220;default&#8220;][vc_column column_padding=&#8220;no-extra-padding&#8220; column_padding_tablet=&#8220;inherit&#8220; column_padding_phone=&#8220;inherit&#8220; column_padding_position=&#8220;all&#8220; column_element_spacing=&#8220;default&#8220; background_color_opacity=&#8220;1&#8243; background_hover_color_opacity=&#8220;1&#8243; column_shadow=&#8220;none&#8220; column_border_radius=&#8220;none&#8220; column_link_target=&#8220;_self&#8220; column_position=&#8220;default&#8220; gradient_direction=&#8220;left_to_right&#8220; overlay_strength=&#8220;0.3&#8243; width=&#8220;1\/1&#8243; tablet_width_inherit=&#8220;default&#8220; tablet_text_alignment=&#8220;default&#8220; phone_text_alignment=&#8220;default&#8220; animation_type=&#8220;default&#8220; bg_image_animation=&#8220;none&#8220; border_type=&#8220;simple&#8220; column_border_width=&#8220;none&#8220; column_border_style=&#8220;solid&#8220;][vc_custom_heading text=&#8220;Kranken- und Mutterschaftsversicherung&#8220; use_theme_fonts=&#8220;yes&#8220;][divider line_type=&#8220;No Line&#8220; custom_height=&#8220;20&#8243;][vc_column_text]\n<p style=\"text-align: left;\">Das Grossherzogtum Luxemburg verf\u00fcgt \u00fcber ein Versicherungssystem zur Krankheit und Mutterschaft\u00a0 auf das praktisch die ganze versicherte ans\u00e4ssige und ausl\u00e4ndische Bev\u00f6lkerung Zugang hat. Die Mittel zur Finanzierung der Ausgaben der Kranken- und Mutterschaftsversicherung bestehen \u00fcberwiegend aus Beitr\u00e4gen der Versicherten, der Arbeitgeber und des Staates. Die Ausgaben betreffen haupts\u00e4chlich Sach- und Geldleistungen.<\/p>\n[\/vc_column_text][\/vc_column][\/vc_row][vc_row type=&#8220;in_container&#8220; full_screen_row_position=&#8220;middle&#8220; column_margin=&#8220;default&#8220; column_direction=&#8220;default&#8220; column_direction_tablet=&#8220;default&#8220; column_direction_phone=&#8220;default&#8220; scene_position=&#8220;center&#8220; top_padding=&#8220;5%&#8220; bottom_padding=&#8220;5%&#8220; text_color=&#8220;dark&#8220; text_align=&#8220;left&#8220; row_border_radius=&#8220;none&#8220; row_border_radius_applies=&#8220;bg&#8220; overflow=&#8220;visible&#8220; overlay_strength=&#8220;0.3&#8243; gradient_direction=&#8220;left_to_right&#8220; shape_divider_position=&#8220;bottom&#8220; bg_image_animation=&#8220;none&#8220; shape_type=&#8220;&#8220;][vc_column column_padding=&#8220;no-extra-padding&#8220; column_padding_tablet=&#8220;inherit&#8220; column_padding_phone=&#8220;inherit&#8220; column_padding_position=&#8220;all&#8220; column_element_spacing=&#8220;default&#8220; background_color_opacity=&#8220;1&#8243; background_hover_color_opacity=&#8220;1&#8243; column_shadow=&#8220;none&#8220; column_border_radius=&#8220;none&#8220; column_link_target=&#8220;_self&#8220; column_position=&#8220;default&#8220; gradient_direction=&#8220;left_to_right&#8220; overlay_strength=&#8220;0.3&#8243; width=&#8220;1\/1&#8243; tablet_width_inherit=&#8220;default&#8220; tablet_text_alignment=&#8220;default&#8220; phone_text_alignment=&#8220;default&#8220; animation_type=&#8220;default&#8220; bg_image_animation=&#8220;none&#8220; border_type=&#8220;simple&#8220; column_border_width=&#8220;none&#8220; column_border_style=&#8220;solid&#8220;][vc_column_text]Die Verwaltung der Kranken- und Mutterschaftsversicherung obliegt der Nationalen Gesundheitskasse (CNS), die dem Verwaltungsrat untersteht, der sich neben dem Pr\u00e4sidenten, der den Staat vertritt, aus weiteren Mitgliedern zusammensetzt,<\/p>\n<ul>\n<li>aus f\u00fcnf Delegierten der Arbeitnehmer des Privatsektors, die von der Arbeitnehmerkammer ernannt werden<\/li>\n<li>aus drei Delegierten des \u00f6ffentlichen Sektors,<\/li>\n<li>einem Delegierten der Selbstst\u00e4ndigen, der von der Handelskammer ernannt wird,<\/li>\n<li>einem von der Handwerkskammer ernannten Delegierten der Selbstst\u00e4ndigen,<\/li>\n<li>einem von der Landwirtschaftskammer ernannten Delegierten der Selbstst\u00e4ndigen,<\/li>\n<li>f\u00fcnf Arbeitgeberdelegierten, die von der Handelskammer und der Handwerkskammer ernannt werden.<\/li>\n<\/ul>\n<p>&nbsp;<\/p>\n<h3>Dokumente (auf Franz\u00f6sisch)<\/h3>\n<ul>\n<li><a href=\"https:\/\/www.uel.lu\/wp-content\/uploads\/2019\/08\/Re\u0301forme-de-la-CNS_Note.pdf\" target=\"_blank\" rel=\"noopener noreferrer\">Re\u0301forme de la CNS<\/a> \u2013 <em>Februar 2016<\/em><\/li>\n<li><a href=\"http:\/\/uel.lu\/wp-content\/uploads\/2019\/06\/CNS_Gouvernance_Analyse_2011-2-17.pdf\" target=\"_blank\" rel=\"noopener noreferrer\">R\u00e9forme de la gouvernance de la Caisse nationale de sant\u00e9<\/a> &#8211; <em>17. Februar 2011<\/em><\/li>\n<li><a href=\"http:\/\/uel.lu\/wp-content\/uploads\/2019\/06\/Soigner_mieux-depenser_moins_2010-10-12.pdf\" target=\"_blank\" rel=\"noopener noreferrer\">Feuille de route \u00ab Soigner mieux en d\u00e9pensant moins \u00bb<\/a><em> &#8211; 15. Oktober 2010<\/em><\/li>\n<\/ul>\n<h3><\/h3>\n<p>&nbsp;<\/p>\n<h3>Weitere Informationen<\/h3>\n<ul>\n<li><span lang=\"FR\"><a href=\"http:\/\/www.secu.lu\/\" target=\"_blank\" rel=\"noopener noreferrer\">Institutions de s\u00e9curit\u00e9 sociale<\/a><\/span><\/li>\n<\/ul>\n[\/vc_column_text][\/vc_column][\/vc_row]\n","protected":false},"excerpt":{"rendered":"<p>[vc_row type=&#8220;full_width_background&#8220; full_screen_row_position=&#8220;middle&#8220; column_margin=&#8220;default&#8220; column_direction=&#8220;default&#8220; column_direction_tablet=&#8220;default&#8220; column_direction_phone=&#8220;default&#8220; bg_image=&#8220;2987&#8243; bg_position=&#8220;center center&#8220; background_image_loading=&#8220;default&#8220; bg_repeat=&#8220;no-repeat&#8220; scene_position=&#8220;center&#8220; top_padding=&#8220;5%&#8220; bottom_padding=&#8220;7%&#8220; text_color=&#8220;light&#8220; text_align=&#8220;right&#8220; row_border_radius=&#8220;none&#8220; row_border_radius_applies=&#8220;bg&#8220; overflow=&#8220;visible&#8220; class=&#8220;row-bg-overlay&#8220; enable_gradient=&#8220;true&#8220; color_overlay=&#8220;#000000&#8243; color_overlay_2=&#8220;#444444&#8243; advanced_gradient_angle=&#8220;0&#8243; overlay_strength=&#8220;0.8&#8243; gradient_direction=&#8220;top_to_bottom&#8220; shape_divider_position=&#8220;bottom&#8220; bg_image_animation=&#8220;none&#8220; shape_type=&#8220;&#8220;&#8230;<\/p>\n","protected":false},"author":7,"featured_media":3158,"parent":0,"menu_order":0,"comment_status":"closed","ping_status":"closed","template":"","meta":{"_acf_changed":false,"inline_featured_image":false,"footnotes":""},"class_list":["post-3583","page","type-page","status-publish","has-post-thumbnail"],"acf":[],"yoast_head":"<!-- This site is optimized with the Yoast SEO plugin v26.8 - https:\/\/yoast.com\/product\/yoast-seo-wordpress\/ -->\n<title>Kranken- und Mutterschaftsversicherung - UEL<\/title>\n<meta name=\"robots\" content=\"index, follow, max-snippet:-1, max-image-preview:large, max-video-preview:-1\" \/>\n<link rel=\"canonical\" href=\"https:\/\/uel.lu\/de\/krankenversicherung\/\" \/>\n<meta property=\"og:locale\" content=\"de_DE\" \/>\n<meta property=\"og:type\" content=\"article\" \/>\n<meta property=\"og:title\" content=\"Kranken- und Mutterschaftsversicherung - UEL\" \/>\n<meta property=\"og:description\" content=\"[vc_row type=&#8220;full_width_background&#8220; full_screen_row_position=&#8220;middle&#8220; column_margin=&#8220;default&#8220; column_direction=&#8220;default&#8220; column_direction_tablet=&#8220;default&#8220; column_direction_phone=&#8220;default&#8220; bg_image=&#8220;2987&#8243; bg_position=&#8220;center center&#8220; background_image_loading=&#8220;default&#8220; bg_repeat=&#8220;no-repeat&#8220; scene_position=&#8220;center&#8220; top_padding=&#8220;5%&#8220; bottom_padding=&#8220;7%&#8220; text_color=&#8220;light&#8220; text_align=&#8220;right&#8220; row_border_radius=&#8220;none&#8220; row_border_radius_applies=&#8220;bg&#8220; overflow=&#8220;visible&#8220; class=&#8220;row-bg-overlay&#8220; enable_gradient=&#8220;true&#8220; color_overlay=&#8220;#000000&#8243; color_overlay_2=&#8220;#444444&#8243; advanced_gradient_angle=&#8220;0&#8243; overlay_strength=&#8220;0.8&#8243; gradient_direction=&#8220;top_to_bottom&#8220; shape_divider_position=&#8220;bottom&#8220; bg_image_animation=&#8220;none&#8220; shape_type=&#8220;&#8220;...\" \/>\n<meta property=\"og:url\" content=\"https:\/\/uel.lu\/de\/krankenversicherung\/\" \/>\n<meta property=\"og:site_name\" content=\"UEL\" \/>\n<meta property=\"article:modified_time\" content=\"2022-08-09T06:44:32+00:00\" \/>\n<meta property=\"og:image\" content=\"https:\/\/uel.lu\/wp-content\/uploads\/2019\/06\/GettyImages-1024653296.jpg\" \/>\n\t<meta property=\"og:image:width\" content=\"7201\" \/>\n\t<meta property=\"og:image:height\" content=\"4864\" \/>\n\t<meta property=\"og:image:type\" content=\"image\/jpeg\" \/>\n<meta name=\"twitter:card\" content=\"summary_large_image\" \/>\n<meta name=\"twitter:site\" content=\"@uel_lu\" \/>\n<meta name=\"twitter:label1\" content=\"Gesch\u00e4tzte Lesezeit\" \/>\n\t<meta name=\"twitter:data1\" content=\"3\u00a0Minuten\" \/>\n<script type=\"application\/ld+json\" class=\"yoast-schema-graph\">{\"@context\":\"https:\/\/schema.org\",\"@graph\":[{\"@type\":\"WebPage\",\"@id\":\"https:\/\/uel.lu\/de\/krankenversicherung\/\",\"url\":\"https:\/\/uel.lu\/de\/krankenversicherung\/\",\"name\":\"Kranken- und Mutterschaftsversicherung - UEL\",\"isPartOf\":{\"@id\":\"https:\/\/uel.lu\/de\/#website\"},\"primaryImageOfPage\":{\"@id\":\"https:\/\/uel.lu\/de\/krankenversicherung\/#primaryimage\"},\"image\":{\"@id\":\"https:\/\/uel.lu\/de\/krankenversicherung\/#primaryimage\"},\"thumbnailUrl\":\"https:\/\/uel.lu\/wp-content\/uploads\/2019\/06\/GettyImages-1024653296.jpg\",\"datePublished\":\"2019-07-04T09:56:58+00:00\",\"dateModified\":\"2022-08-09T06:44:32+00:00\",\"breadcrumb\":{\"@id\":\"https:\/\/uel.lu\/de\/krankenversicherung\/#breadcrumb\"},\"inLanguage\":\"de\",\"potentialAction\":[{\"@type\":\"ReadAction\",\"target\":[\"https:\/\/uel.lu\/de\/krankenversicherung\/\"]}]},{\"@type\":\"ImageObject\",\"inLanguage\":\"de\",\"@id\":\"https:\/\/uel.lu\/de\/krankenversicherung\/#primaryimage\",\"url\":\"https:\/\/uel.lu\/wp-content\/uploads\/2019\/06\/GettyImages-1024653296.jpg\",\"contentUrl\":\"https:\/\/uel.lu\/wp-content\/uploads\/2019\/06\/GettyImages-1024653296.jpg\",\"width\":7201,\"height\":4864,\"caption\":\"Cropped shot of a mature female doctor working with a senior male patient in her office in the hospital\"},{\"@type\":\"BreadcrumbList\",\"@id\":\"https:\/\/uel.lu\/de\/krankenversicherung\/#breadcrumb\",\"itemListElement\":[{\"@type\":\"ListItem\",\"position\":1,\"name\":\"Startseite\",\"item\":\"https:\/\/uel.lu\/de\/\"},{\"@type\":\"ListItem\",\"position\":2,\"name\":\"Kranken- und Mutterschaftsversicherung\"}]},{\"@type\":\"WebSite\",\"@id\":\"https:\/\/uel.lu\/de\/#website\",\"url\":\"https:\/\/uel.lu\/de\/\",\"name\":\"Union des Entreprises Luxembourgeoises\",\"description\":\"Union des Entreprises Luxembourgeoises\",\"publisher\":{\"@id\":\"https:\/\/uel.lu\/de\/#organization\"},\"alternateName\":\"UEL\",\"potentialAction\":[{\"@type\":\"SearchAction\",\"target\":{\"@type\":\"EntryPoint\",\"urlTemplate\":\"https:\/\/uel.lu\/de\/?s={search_term_string}\"},\"query-input\":{\"@type\":\"PropertyValueSpecification\",\"valueRequired\":true,\"valueName\":\"search_term_string\"}}],\"inLanguage\":\"de\"},{\"@type\":\"Organization\",\"@id\":\"https:\/\/uel.lu\/de\/#organization\",\"name\":\"Union des Entreprises Luxembourgeoises\",\"alternateName\":\"UEL\",\"url\":\"https:\/\/uel.lu\/de\/\",\"logo\":{\"@type\":\"ImageObject\",\"inLanguage\":\"de\",\"@id\":\"https:\/\/uel.lu\/de\/#\/schema\/logo\/image\/\",\"url\":\"https:\/\/www.uel.lu\/wp-content\/uploads\/2019\/07\/uel_logo_.png\",\"contentUrl\":\"https:\/\/www.uel.lu\/wp-content\/uploads\/2019\/07\/uel_logo_.png\",\"width\":150,\"height\":118,\"caption\":\"Union des Entreprises Luxembourgeoises\"},\"image\":{\"@id\":\"https:\/\/uel.lu\/de\/#\/schema\/logo\/image\/\"},\"sameAs\":[\"https:\/\/x.com\/uel_lu\",\"https:\/\/www.linkedin.com\/company\/union-des-entreprises-luxembourgeoises---uel\/\"]}]}<\/script>\n<!-- \/ Yoast SEO plugin. -->","yoast_head_json":{"title":"Kranken- und Mutterschaftsversicherung - UEL","robots":{"index":"index","follow":"follow","max-snippet":"max-snippet:-1","max-image-preview":"max-image-preview:large","max-video-preview":"max-video-preview:-1"},"canonical":"https:\/\/uel.lu\/de\/krankenversicherung\/","og_locale":"de_DE","og_type":"article","og_title":"Kranken- und Mutterschaftsversicherung - UEL","og_description":"[vc_row type=&#8220;full_width_background&#8220; full_screen_row_position=&#8220;middle&#8220; column_margin=&#8220;default&#8220; column_direction=&#8220;default&#8220; column_direction_tablet=&#8220;default&#8220; column_direction_phone=&#8220;default&#8220; bg_image=&#8220;2987&#8243; bg_position=&#8220;center center&#8220; background_image_loading=&#8220;default&#8220; bg_repeat=&#8220;no-repeat&#8220; scene_position=&#8220;center&#8220; top_padding=&#8220;5%&#8220; bottom_padding=&#8220;7%&#8220; text_color=&#8220;light&#8220; text_align=&#8220;right&#8220; row_border_radius=&#8220;none&#8220; row_border_radius_applies=&#8220;bg&#8220; overflow=&#8220;visible&#8220; class=&#8220;row-bg-overlay&#8220; enable_gradient=&#8220;true&#8220; color_overlay=&#8220;#000000&#8243; color_overlay_2=&#8220;#444444&#8243; advanced_gradient_angle=&#8220;0&#8243; overlay_strength=&#8220;0.8&#8243; gradient_direction=&#8220;top_to_bottom&#8220; shape_divider_position=&#8220;bottom&#8220; bg_image_animation=&#8220;none&#8220; shape_type=&#8220;&#8220;...","og_url":"https:\/\/uel.lu\/de\/krankenversicherung\/","og_site_name":"UEL","article_modified_time":"2022-08-09T06:44:32+00:00","og_image":[{"width":7201,"height":4864,"url":"https:\/\/uel.lu\/wp-content\/uploads\/2019\/06\/GettyImages-1024653296.jpg","type":"image\/jpeg"}],"twitter_card":"summary_large_image","twitter_site":"@uel_lu","twitter_misc":{"Gesch\u00e4tzte Lesezeit":"3\u00a0Minuten"},"schema":{"@context":"https:\/\/schema.org","@graph":[{"@type":"WebPage","@id":"https:\/\/uel.lu\/de\/krankenversicherung\/","url":"https:\/\/uel.lu\/de\/krankenversicherung\/","name":"Kranken- und Mutterschaftsversicherung - UEL","isPartOf":{"@id":"https:\/\/uel.lu\/de\/#website"},"primaryImageOfPage":{"@id":"https:\/\/uel.lu\/de\/krankenversicherung\/#primaryimage"},"image":{"@id":"https:\/\/uel.lu\/de\/krankenversicherung\/#primaryimage"},"thumbnailUrl":"https:\/\/uel.lu\/wp-content\/uploads\/2019\/06\/GettyImages-1024653296.jpg","datePublished":"2019-07-04T09:56:58+00:00","dateModified":"2022-08-09T06:44:32+00:00","breadcrumb":{"@id":"https:\/\/uel.lu\/de\/krankenversicherung\/#breadcrumb"},"inLanguage":"de","potentialAction":[{"@type":"ReadAction","target":["https:\/\/uel.lu\/de\/krankenversicherung\/"]}]},{"@type":"ImageObject","inLanguage":"de","@id":"https:\/\/uel.lu\/de\/krankenversicherung\/#primaryimage","url":"https:\/\/uel.lu\/wp-content\/uploads\/2019\/06\/GettyImages-1024653296.jpg","contentUrl":"https:\/\/uel.lu\/wp-content\/uploads\/2019\/06\/GettyImages-1024653296.jpg","width":7201,"height":4864,"caption":"Cropped shot of a mature female doctor working with a senior male patient in her office in the hospital"},{"@type":"BreadcrumbList","@id":"https:\/\/uel.lu\/de\/krankenversicherung\/#breadcrumb","itemListElement":[{"@type":"ListItem","position":1,"name":"Startseite","item":"https:\/\/uel.lu\/de\/"},{"@type":"ListItem","position":2,"name":"Kranken- und Mutterschaftsversicherung"}]},{"@type":"WebSite","@id":"https:\/\/uel.lu\/de\/#website","url":"https:\/\/uel.lu\/de\/","name":"Union des Entreprises Luxembourgeoises","description":"Union des Entreprises Luxembourgeoises","publisher":{"@id":"https:\/\/uel.lu\/de\/#organization"},"alternateName":"UEL","potentialAction":[{"@type":"SearchAction","target":{"@type":"EntryPoint","urlTemplate":"https:\/\/uel.lu\/de\/?s={search_term_string}"},"query-input":{"@type":"PropertyValueSpecification","valueRequired":true,"valueName":"search_term_string"}}],"inLanguage":"de"},{"@type":"Organization","@id":"https:\/\/uel.lu\/de\/#organization","name":"Union des Entreprises Luxembourgeoises","alternateName":"UEL","url":"https:\/\/uel.lu\/de\/","logo":{"@type":"ImageObject","inLanguage":"de","@id":"https:\/\/uel.lu\/de\/#\/schema\/logo\/image\/","url":"https:\/\/www.uel.lu\/wp-content\/uploads\/2019\/07\/uel_logo_.png","contentUrl":"https:\/\/www.uel.lu\/wp-content\/uploads\/2019\/07\/uel_logo_.png","width":150,"height":118,"caption":"Union des Entreprises Luxembourgeoises"},"image":{"@id":"https:\/\/uel.lu\/de\/#\/schema\/logo\/image\/"},"sameAs":["https:\/\/x.com\/uel_lu","https:\/\/www.linkedin.com\/company\/union-des-entreprises-luxembourgeoises---uel\/"]}]}},"_links":{"self":[{"href":"https:\/\/uel.lu\/de\/wp-json\/wp\/v2\/pages\/3583","targetHints":{"allow":["GET"]}}],"collection":[{"href":"https:\/\/uel.lu\/de\/wp-json\/wp\/v2\/pages"}],"about":[{"href":"https:\/\/uel.lu\/de\/wp-json\/wp\/v2\/types\/page"}],"author":[{"embeddable":true,"href":"https:\/\/uel.lu\/de\/wp-json\/wp\/v2\/users\/7"}],"replies":[{"embeddable":true,"href":"https:\/\/uel.lu\/de\/wp-json\/wp\/v2\/comments?post=3583"}],"version-history":[{"count":14,"href":"https:\/\/uel.lu\/de\/wp-json\/wp\/v2\/pages\/3583\/revisions"}],"predecessor-version":[{"id":13543,"href":"https:\/\/uel.lu\/de\/wp-json\/wp\/v2\/pages\/3583\/revisions\/13543"}],"wp:featuredmedia":[{"embeddable":true,"href":"https:\/\/uel.lu\/de\/wp-json\/wp\/v2\/media\/3158"}],"wp:attachment":[{"href":"https:\/\/uel.lu\/de\/wp-json\/wp\/v2\/media?parent=3583"}],"curies":[{"name":"wp","href":"https:\/\/api.w.org\/{rel}","templated":true}]}}