{"id":3577,"date":"2019-07-04T09:55:48","date_gmt":"2019-07-04T09:55:48","guid":{"rendered":"http:\/\/uel.lu\/pensionsversicherung\/"},"modified":"2022-08-09T08:49:22","modified_gmt":"2022-08-09T06:49:22","slug":"rentenversicherung","status":"publish","type":"page","link":"https:\/\/uel.lu\/de\/rentenversicherung\/","title":{"rendered":"Rentenversicherung"},"content":{"rendered":"[vc_row type=&#8220;full_width_background&#8220; full_screen_row_position=&#8220;middle&#8220; column_margin=&#8220;default&#8220; column_direction=&#8220;default&#8220; column_direction_tablet=&#8220;default&#8220; column_direction_phone=&#8220;default&#8220; bg_image=&#8220;3052&#8243; bg_position=&#8220;center center&#8220; background_image_loading=&#8220;default&#8220; bg_repeat=&#8220;no-repeat&#8220; scene_position=&#8220;center&#8220; top_padding=&#8220;5%&#8220; bottom_padding=&#8220;7%&#8220; text_color=&#8220;light&#8220; text_align=&#8220;right&#8220; row_border_radius=&#8220;none&#8220; row_border_radius_applies=&#8220;bg&#8220; overflow=&#8220;visible&#8220; class=&#8220;row-bg-overlay&#8220; enable_gradient=&#8220;true&#8220; color_overlay=&#8220;#000000&#8243; color_overlay_2=&#8220;#444444&#8243; advanced_gradient_angle=&#8220;0&#8243; overlay_strength=&#8220;0.8&#8243; gradient_direction=&#8220;top_to_bottom&#8220; shape_divider_position=&#8220;bottom&#8220; bg_image_animation=&#8220;none&#8220; shape_type=&#8220;&#8220; gradient_type=&#8220;default&#8220;][vc_column column_padding=&#8220;no-extra-padding&#8220; column_padding_tablet=&#8220;inherit&#8220; column_padding_phone=&#8220;inherit&#8220; column_padding_position=&#8220;all&#8220; column_element_spacing=&#8220;default&#8220; background_color_opacity=&#8220;1&#8243; background_hover_color_opacity=&#8220;1&#8243; column_shadow=&#8220;none&#8220; column_border_radius=&#8220;none&#8220; column_link_target=&#8220;_self&#8220; column_position=&#8220;default&#8220; gradient_direction=&#8220;left_to_right&#8220; overlay_strength=&#8220;0.3&#8243; width=&#8220;1\/1&#8243; tablet_width_inherit=&#8220;default&#8220; tablet_text_alignment=&#8220;default&#8220; phone_text_alignment=&#8220;default&#8220; animation_type=&#8220;default&#8220; bg_image_animation=&#8220;none&#8220; border_type=&#8220;simple&#8220; column_border_width=&#8220;none&#8220; column_border_style=&#8220;solid&#8220;][vc_custom_heading text=&#8220;Rentenversicherung&#8220; use_theme_fonts=&#8220;yes&#8220;][divider line_type=&#8220;No Line&#8220; custom_height=&#8220;20&#8243;][vc_column_text]\n<p style=\"text-align: left;\"><span lang=\"FR\"><span class=\"\">Das <a href=\"http:\/\/www.legilux.public.lu\/leg\/a\/archives\/2008\/0060\/a060.pdf#page=2\" target=\"_blank\" rel=\"noopener noreferrer\">Gesetz vom 13. Mai 2008<\/a> betreffend die <\/span>Einf\u00fchrung des Einheitsstatutes f\u00fcr <span class=\"\">Arbeitnehmer hat zur Erschaffung einer einzigen Pensionskasse f\u00fcr den Privatsektor gef\u00fchrt. So wurden, ab dem 1. Januar 2009, folgende Pensionskassen der allgemeinen Versicherung zur nationalen Pensionskasse (CNAP) zusammengef\u00fchrt: &#8222;<\/span><\/span><span lang=\"FR\">l&#8217;Etablissement d&#8217;assurance contre la vieillesse et l&#8217;invalidit\u00e9&#8220;, die Rentenkasse der Privatangestellten, die Pensionskasse der Handwerker, Kaufleute und Industriellen und die Pensionskasse des landwirtschaftlichen Sektors.<br \/>\n<\/span><\/p>\n[\/vc_column_text][\/vc_column][\/vc_row][vc_row type=&#8220;in_container&#8220; full_screen_row_position=&#8220;middle&#8220; column_margin=&#8220;default&#8220; column_direction=&#8220;default&#8220; column_direction_tablet=&#8220;default&#8220; column_direction_phone=&#8220;default&#8220; scene_position=&#8220;center&#8220; top_padding=&#8220;5%&#8220; bottom_padding=&#8220;5%&#8220; text_color=&#8220;dark&#8220; text_align=&#8220;left&#8220; row_border_radius=&#8220;none&#8220; row_border_radius_applies=&#8220;bg&#8220; overflow=&#8220;visible&#8220; overlay_strength=&#8220;0.3&#8243; gradient_direction=&#8220;left_to_right&#8220; shape_divider_position=&#8220;bottom&#8220; bg_image_animation=&#8220;none&#8220; shape_type=&#8220;&#8220;][vc_column column_padding=&#8220;no-extra-padding&#8220; column_padding_tablet=&#8220;inherit&#8220; column_padding_phone=&#8220;inherit&#8220; column_padding_position=&#8220;all&#8220; column_element_spacing=&#8220;default&#8220; background_color_opacity=&#8220;1&#8243; background_hover_color_opacity=&#8220;1&#8243; column_shadow=&#8220;none&#8220; column_border_radius=&#8220;none&#8220; column_link_target=&#8220;_self&#8220; column_position=&#8220;default&#8220; gradient_direction=&#8220;left_to_right&#8220; overlay_strength=&#8220;0.3&#8243; width=&#8220;1\/1&#8243; tablet_width_inherit=&#8220;default&#8220; tablet_text_alignment=&#8220;default&#8220; phone_text_alignment=&#8220;default&#8220; animation_type=&#8220;default&#8220; bg_image_animation=&#8220;none&#8220; border_type=&#8220;simple&#8220; column_border_width=&#8220;none&#8220; column_border_style=&#8220;solid&#8220;][vc_column_text]<span lang=\"FR\">Neben der allgemeinen Rentenversicherung gibt es spezielle Pensionsregimes f\u00fcr Staats- und Gemeindebeamte sowie f\u00fcr Bedienstete der nationalen luxemburgischen Eisenbahngesellschaft.<\/span><\/p>\n<p><span lang=\"FR\">Die Duchf\u00fchrung dieser Rentenverischerung ist Sache der &#8222;Caisse nationale d\u2019assurance pension&#8220; die der Verantwortung des folgenden Vorstandes unterstellt ist :<\/span><\/p>\n<table border=\"0\">\n<tbody>\n<tr>\n<td>1 Pr\u00e4sident :<\/td>\n<td>Staatsbeamter, von der Regierung ernannt<\/td>\n<\/tr>\n<tr>\n<td>8 Arbeitnehmervertreter der Privatwirtschaft:<\/p>\n<div class=\"source_url_spacer\"><\/div>\n<\/td>\n<td>von der Arbeitnehmerkammer ernannt<\/td>\n<\/tr>\n<tr>\n<td>3 Vertreter f\u00fcr Selbst\u00e4ndige:<\/td>\n<td>1 von der Handelskammer ernannt<\/td>\n<\/tr>\n<tr>\n<td><\/td>\n<td>1 von der Berufskammer ernannt<\/td>\n<\/tr>\n<tr>\n<td><\/td>\n<td>1 von der Landwirtschaftskammer ernannt<\/td>\n<\/tr>\n<tr>\n<td>5 Arbeitgebervertreter<\/td>\n<td>4 von der Handelskammer ernannt<\/td>\n<\/tr>\n<tr>\n<td><\/td>\n<td>1 von der Berufskammer ernannt<\/td>\n<\/tr>\n<\/tbody>\n<\/table>\n<h3>Dokumente (auf Franz\u00f6sisch)<\/h3>\n<ul>\n<li><a href=\"http:\/\/uel.lu\/wp-content\/uploads\/2019\/06\/Pension-Presentation_position_UEL-11.pdf\" target=\"_blank\" rel=\"noopener noreferrer\">R\u00e9forme du r\u00e9gime g\u00e9n\u00e9ral d&#8217;assurance pension &#8211; Pr\u00e9sentation de la position UEL<\/a> &#8211; <em>28. November 2012<\/em><\/li>\n<li><a href=\"http:\/\/uel.lu\/wp-content\/uploads\/2019\/06\/Une_retraite_pour_tous_2011-6-17.pdf\" target=\"_blank\" rel=\"noopener noreferrer\">Une retraite pour tous<\/a> &#8211; <em>17. Juni 2011<\/em><\/li>\n<li><a href=\"http:\/\/uel.lu\/wp-content\/uploads\/2019\/06\/Rapport_2009-07-15.pdf\" target=\"_blank\" rel=\"noopener noreferrer\">R\u00e9forme du r\u00e9gime g\u00e9n\u00e9ral d&#8217;assurance pension<\/a> <em>&#8211; 15. Juli 2009<\/em><\/li>\n<li><a href=\"http:\/\/uel.lu\/wp-content\/uploads\/2019\/06\/pensions.pdf\" target=\"_blank\" rel=\"noopener noreferrer\">Note \u00e0 l&#8217;attention des membres de la table ronde sur les pensions<\/a> <em>&#8211; 6. Juli 2001<\/em><\/li>\n<li><a href=\"http:\/\/uel.lu\/wp-content\/uploads\/2019\/06\/ass_pension_tableronde_.pdf\" target=\"_blank\" rel=\"noopener noreferrer\">Prise de position de l&#8217;UEL concernant le r\u00e9gime g\u00e9n\u00e9ral de l&#8217;assurance-pension<\/a> <em>&#8211; 19. M\u00e4rz 2001<\/em><\/li>\n<\/ul>\n<h3>Weitere Informationen<\/h3>\n<ul>\n<li><a href=\"https:\/\/www.cnap.lu\/accueil-home\/informationen-in-deutscher-sprache\/\" target=\"_blank\" rel=\"noopener noreferrer\">Caisse nationale d&#8217;assurance pension (CNAP)<\/a><\/li>\n<li><a href=\"http:\/\/www.secu.lu\/\" target=\"_blank\" rel=\"noopener noreferrer\">Institutions de s\u00e9curit\u00e9 sociale<\/a><\/li>\n<\/ul>\n[\/vc_column_text][\/vc_column][\/vc_row]\n","protected":false},"excerpt":{"rendered":"<p>[vc_row type=&#8220;full_width_background&#8220; full_screen_row_position=&#8220;middle&#8220; column_margin=&#8220;default&#8220; column_direction=&#8220;default&#8220; column_direction_tablet=&#8220;default&#8220; column_direction_phone=&#8220;default&#8220; bg_image=&#8220;3052&#8243; bg_position=&#8220;center center&#8220; background_image_loading=&#8220;default&#8220; bg_repeat=&#8220;no-repeat&#8220; scene_position=&#8220;center&#8220; top_padding=&#8220;5%&#8220; bottom_padding=&#8220;7%&#8220; text_color=&#8220;light&#8220; text_align=&#8220;right&#8220; row_border_radius=&#8220;none&#8220; row_border_radius_applies=&#8220;bg&#8220; overflow=&#8220;visible&#8220; class=&#8220;row-bg-overlay&#8220; enable_gradient=&#8220;true&#8220; color_overlay=&#8220;#000000&#8243; color_overlay_2=&#8220;#444444&#8243; advanced_gradient_angle=&#8220;0&#8243; overlay_strength=&#8220;0.8&#8243; gradient_direction=&#8220;top_to_bottom&#8220; shape_divider_position=&#8220;bottom&#8220; bg_image_animation=&#8220;none&#8220; shape_type=&#8220;&#8220;&#8230;<\/p>\n","protected":false},"author":7,"featured_media":0,"parent":0,"menu_order":0,"comment_status":"closed","ping_status":"closed","template":"","meta":{"_acf_changed":false,"inline_featured_image":false,"footnotes":""},"class_list":["post-3577","page","type-page","status-publish"],"acf":[],"yoast_head":"<!-- This site is optimized with the Yoast SEO plugin v26.8 - https:\/\/yoast.com\/product\/yoast-seo-wordpress\/ -->\n<title>Rentenversicherung - UEL<\/title>\n<meta name=\"robots\" content=\"index, follow, max-snippet:-1, max-image-preview:large, max-video-preview:-1\" \/>\n<link rel=\"canonical\" href=\"https:\/\/uel.lu\/de\/rentenversicherung\/\" \/>\n<meta property=\"og:locale\" content=\"de_DE\" \/>\n<meta property=\"og:type\" content=\"article\" \/>\n<meta property=\"og:title\" content=\"Rentenversicherung - UEL\" \/>\n<meta property=\"og:description\" content=\"[vc_row type=&#8220;full_width_background&#8220; full_screen_row_position=&#8220;middle&#8220; column_margin=&#8220;default&#8220; column_direction=&#8220;default&#8220; column_direction_tablet=&#8220;default&#8220; column_direction_phone=&#8220;default&#8220; bg_image=&#8220;3052&#8243; bg_position=&#8220;center center&#8220; background_image_loading=&#8220;default&#8220; bg_repeat=&#8220;no-repeat&#8220; scene_position=&#8220;center&#8220; top_padding=&#8220;5%&#8220; bottom_padding=&#8220;7%&#8220; text_color=&#8220;light&#8220; text_align=&#8220;right&#8220; row_border_radius=&#8220;none&#8220; row_border_radius_applies=&#8220;bg&#8220; overflow=&#8220;visible&#8220; class=&#8220;row-bg-overlay&#8220; enable_gradient=&#8220;true&#8220; color_overlay=&#8220;#000000&#8243; color_overlay_2=&#8220;#444444&#8243; advanced_gradient_angle=&#8220;0&#8243; overlay_strength=&#8220;0.8&#8243; gradient_direction=&#8220;top_to_bottom&#8220; shape_divider_position=&#8220;bottom&#8220; bg_image_animation=&#8220;none&#8220; shape_type=&#8220;&#8220;...\" \/>\n<meta property=\"og:url\" content=\"https:\/\/uel.lu\/de\/rentenversicherung\/\" \/>\n<meta property=\"og:site_name\" content=\"UEL\" \/>\n<meta property=\"article:modified_time\" content=\"2022-08-09T06:49:22+00:00\" \/>\n<meta name=\"twitter:card\" content=\"summary_large_image\" \/>\n<meta name=\"twitter:site\" content=\"@uel_lu\" \/>\n<meta name=\"twitter:label1\" content=\"Gesch\u00e4tzte Lesezeit\" \/>\n\t<meta name=\"twitter:data1\" content=\"3\u00a0Minuten\" \/>\n<script type=\"application\/ld+json\" class=\"yoast-schema-graph\">{\"@context\":\"https:\/\/schema.org\",\"@graph\":[{\"@type\":\"WebPage\",\"@id\":\"https:\/\/uel.lu\/de\/rentenversicherung\/\",\"url\":\"https:\/\/uel.lu\/de\/rentenversicherung\/\",\"name\":\"Rentenversicherung - UEL\",\"isPartOf\":{\"@id\":\"https:\/\/uel.lu\/de\/#website\"},\"datePublished\":\"2019-07-04T09:55:48+00:00\",\"dateModified\":\"2022-08-09T06:49:22+00:00\",\"breadcrumb\":{\"@id\":\"https:\/\/uel.lu\/de\/rentenversicherung\/#breadcrumb\"},\"inLanguage\":\"de\",\"potentialAction\":[{\"@type\":\"ReadAction\",\"target\":[\"https:\/\/uel.lu\/de\/rentenversicherung\/\"]}]},{\"@type\":\"BreadcrumbList\",\"@id\":\"https:\/\/uel.lu\/de\/rentenversicherung\/#breadcrumb\",\"itemListElement\":[{\"@type\":\"ListItem\",\"position\":1,\"name\":\"Startseite\",\"item\":\"https:\/\/uel.lu\/de\/\"},{\"@type\":\"ListItem\",\"position\":2,\"name\":\"Rentenversicherung\"}]},{\"@type\":\"WebSite\",\"@id\":\"https:\/\/uel.lu\/de\/#website\",\"url\":\"https:\/\/uel.lu\/de\/\",\"name\":\"Union des Entreprises Luxembourgeoises\",\"description\":\"Union des Entreprises Luxembourgeoises\",\"publisher\":{\"@id\":\"https:\/\/uel.lu\/de\/#organization\"},\"alternateName\":\"UEL\",\"potentialAction\":[{\"@type\":\"SearchAction\",\"target\":{\"@type\":\"EntryPoint\",\"urlTemplate\":\"https:\/\/uel.lu\/de\/?s={search_term_string}\"},\"query-input\":{\"@type\":\"PropertyValueSpecification\",\"valueRequired\":true,\"valueName\":\"search_term_string\"}}],\"inLanguage\":\"de\"},{\"@type\":\"Organization\",\"@id\":\"https:\/\/uel.lu\/de\/#organization\",\"name\":\"Union des Entreprises Luxembourgeoises\",\"alternateName\":\"UEL\",\"url\":\"https:\/\/uel.lu\/de\/\",\"logo\":{\"@type\":\"ImageObject\",\"inLanguage\":\"de\",\"@id\":\"https:\/\/uel.lu\/de\/#\/schema\/logo\/image\/\",\"url\":\"https:\/\/www.uel.lu\/wp-content\/uploads\/2019\/07\/uel_logo_.png\",\"contentUrl\":\"https:\/\/www.uel.lu\/wp-content\/uploads\/2019\/07\/uel_logo_.png\",\"width\":150,\"height\":118,\"caption\":\"Union des Entreprises Luxembourgeoises\"},\"image\":{\"@id\":\"https:\/\/uel.lu\/de\/#\/schema\/logo\/image\/\"},\"sameAs\":[\"https:\/\/x.com\/uel_lu\",\"https:\/\/www.linkedin.com\/company\/union-des-entreprises-luxembourgeoises---uel\/\"]}]}<\/script>\n<!-- \/ Yoast SEO plugin. -->","yoast_head_json":{"title":"Rentenversicherung - UEL","robots":{"index":"index","follow":"follow","max-snippet":"max-snippet:-1","max-image-preview":"max-image-preview:large","max-video-preview":"max-video-preview:-1"},"canonical":"https:\/\/uel.lu\/de\/rentenversicherung\/","og_locale":"de_DE","og_type":"article","og_title":"Rentenversicherung - UEL","og_description":"[vc_row type=&#8220;full_width_background&#8220; full_screen_row_position=&#8220;middle&#8220; column_margin=&#8220;default&#8220; column_direction=&#8220;default&#8220; column_direction_tablet=&#8220;default&#8220; column_direction_phone=&#8220;default&#8220; bg_image=&#8220;3052&#8243; bg_position=&#8220;center center&#8220; background_image_loading=&#8220;default&#8220; bg_repeat=&#8220;no-repeat&#8220; scene_position=&#8220;center&#8220; top_padding=&#8220;5%&#8220; bottom_padding=&#8220;7%&#8220; text_color=&#8220;light&#8220; text_align=&#8220;right&#8220; row_border_radius=&#8220;none&#8220; row_border_radius_applies=&#8220;bg&#8220; overflow=&#8220;visible&#8220; class=&#8220;row-bg-overlay&#8220; enable_gradient=&#8220;true&#8220; color_overlay=&#8220;#000000&#8243; color_overlay_2=&#8220;#444444&#8243; advanced_gradient_angle=&#8220;0&#8243; overlay_strength=&#8220;0.8&#8243; gradient_direction=&#8220;top_to_bottom&#8220; shape_divider_position=&#8220;bottom&#8220; bg_image_animation=&#8220;none&#8220; shape_type=&#8220;&#8220;...","og_url":"https:\/\/uel.lu\/de\/rentenversicherung\/","og_site_name":"UEL","article_modified_time":"2022-08-09T06:49:22+00:00","twitter_card":"summary_large_image","twitter_site":"@uel_lu","twitter_misc":{"Gesch\u00e4tzte Lesezeit":"3\u00a0Minuten"},"schema":{"@context":"https:\/\/schema.org","@graph":[{"@type":"WebPage","@id":"https:\/\/uel.lu\/de\/rentenversicherung\/","url":"https:\/\/uel.lu\/de\/rentenversicherung\/","name":"Rentenversicherung - UEL","isPartOf":{"@id":"https:\/\/uel.lu\/de\/#website"},"datePublished":"2019-07-04T09:55:48+00:00","dateModified":"2022-08-09T06:49:22+00:00","breadcrumb":{"@id":"https:\/\/uel.lu\/de\/rentenversicherung\/#breadcrumb"},"inLanguage":"de","potentialAction":[{"@type":"ReadAction","target":["https:\/\/uel.lu\/de\/rentenversicherung\/"]}]},{"@type":"BreadcrumbList","@id":"https:\/\/uel.lu\/de\/rentenversicherung\/#breadcrumb","itemListElement":[{"@type":"ListItem","position":1,"name":"Startseite","item":"https:\/\/uel.lu\/de\/"},{"@type":"ListItem","position":2,"name":"Rentenversicherung"}]},{"@type":"WebSite","@id":"https:\/\/uel.lu\/de\/#website","url":"https:\/\/uel.lu\/de\/","name":"Union des Entreprises Luxembourgeoises","description":"Union des Entreprises Luxembourgeoises","publisher":{"@id":"https:\/\/uel.lu\/de\/#organization"},"alternateName":"UEL","potentialAction":[{"@type":"SearchAction","target":{"@type":"EntryPoint","urlTemplate":"https:\/\/uel.lu\/de\/?s={search_term_string}"},"query-input":{"@type":"PropertyValueSpecification","valueRequired":true,"valueName":"search_term_string"}}],"inLanguage":"de"},{"@type":"Organization","@id":"https:\/\/uel.lu\/de\/#organization","name":"Union des Entreprises Luxembourgeoises","alternateName":"UEL","url":"https:\/\/uel.lu\/de\/","logo":{"@type":"ImageObject","inLanguage":"de","@id":"https:\/\/uel.lu\/de\/#\/schema\/logo\/image\/","url":"https:\/\/www.uel.lu\/wp-content\/uploads\/2019\/07\/uel_logo_.png","contentUrl":"https:\/\/www.uel.lu\/wp-content\/uploads\/2019\/07\/uel_logo_.png","width":150,"height":118,"caption":"Union des Entreprises Luxembourgeoises"},"image":{"@id":"https:\/\/uel.lu\/de\/#\/schema\/logo\/image\/"},"sameAs":["https:\/\/x.com\/uel_lu","https:\/\/www.linkedin.com\/company\/union-des-entreprises-luxembourgeoises---uel\/"]}]}},"_links":{"self":[{"href":"https:\/\/uel.lu\/de\/wp-json\/wp\/v2\/pages\/3577","targetHints":{"allow":["GET"]}}],"collection":[{"href":"https:\/\/uel.lu\/de\/wp-json\/wp\/v2\/pages"}],"about":[{"href":"https:\/\/uel.lu\/de\/wp-json\/wp\/v2\/types\/page"}],"author":[{"embeddable":true,"href":"https:\/\/uel.lu\/de\/wp-json\/wp\/v2\/users\/7"}],"replies":[{"embeddable":true,"href":"https:\/\/uel.lu\/de\/wp-json\/wp\/v2\/comments?post=3577"}],"version-history":[{"count":12,"href":"https:\/\/uel.lu\/de\/wp-json\/wp\/v2\/pages\/3577\/revisions"}],"predecessor-version":[{"id":13546,"href":"https:\/\/uel.lu\/de\/wp-json\/wp\/v2\/pages\/3577\/revisions\/13546"}],"wp:attachment":[{"href":"https:\/\/uel.lu\/de\/wp-json\/wp\/v2\/media?parent=3577"}],"curies":[{"name":"wp","href":"https:\/\/api.w.org\/{rel}","templated":true}]}}