{"id":3571,"date":"2019-07-04T09:54:31","date_gmt":"2019-07-04T09:54:31","guid":{"rendered":"http:\/\/uel.lu\/mutualitat-des-arbeitgebers\/"},"modified":"2023-09-14T10:46:59","modified_gmt":"2023-09-14T08:46:59","slug":"mutualitat-der-arbeitgeber","status":"publish","type":"page","link":"https:\/\/uel.lu\/de\/mutualitat-der-arbeitgeber\/","title":{"rendered":"Mutualit\u00e4t der Arbeitgeber"},"content":{"rendered":"[vc_row type=&#8220;full_width_background&#8220; full_screen_row_position=&#8220;middle&#8220; column_margin=&#8220;default&#8220; column_direction=&#8220;default&#8220; column_direction_tablet=&#8220;default&#8220; column_direction_phone=&#8220;default&#8220; bg_image=&#8220;3034&#8243; bg_position=&#8220;left top&#8220; background_image_loading=&#8220;default&#8220; bg_repeat=&#8220;no-repeat&#8220; scene_position=&#8220;center&#8220; top_padding=&#8220;5%&#8220; bottom_padding=&#8220;7%&#8220; text_color=&#8220;light&#8220; text_align=&#8220;right&#8220; row_border_radius=&#8220;none&#8220; row_border_radius_applies=&#8220;bg&#8220; overflow=&#8220;visible&#8220; class=&#8220;row-bg-overlay&#8220; enable_gradient=&#8220;true&#8220; color_overlay=&#8220;#000000&#8243; color_overlay_2=&#8220;#444444&#8243; advanced_gradient_angle=&#8220;0&#8243; overlay_strength=&#8220;0.8&#8243; gradient_direction=&#8220;top_to_bottom&#8220; shape_divider_position=&#8220;bottom&#8220; bg_image_animation=&#8220;none&#8220; shape_type=&#8220;&#8220; gradient_type=&#8220;default&#8220;][vc_column column_padding=&#8220;no-extra-padding&#8220; column_padding_tablet=&#8220;inherit&#8220; column_padding_phone=&#8220;inherit&#8220; column_padding_position=&#8220;all&#8220; column_element_direction_desktop=&#8220;default&#8220; column_element_spacing=&#8220;default&#8220; desktop_text_alignment=&#8220;default&#8220; tablet_text_alignment=&#8220;default&#8220; phone_text_alignment=&#8220;default&#8220; background_color_opacity=&#8220;1&#8243; background_hover_color_opacity=&#8220;1&#8243; column_backdrop_filter=&#8220;none&#8220; column_shadow=&#8220;none&#8220; column_border_radius=&#8220;none&#8220; column_link_target=&#8220;_self&#8220; column_position=&#8220;default&#8220; gradient_direction=&#8220;left_to_right&#8220; overlay_strength=&#8220;0.3&#8243; width=&#8220;1\/1&#8243; tablet_width_inherit=&#8220;default&#8220; animation_type=&#8220;default&#8220; bg_image_animation=&#8220;none&#8220; border_type=&#8220;simple&#8220; column_border_width=&#8220;none&#8220; column_border_style=&#8220;solid&#8220;][vc_custom_heading text=&#8220;Mutualit\u00e4t der Arbeitgeber&#8220; use_theme_fonts=&#8220;yes&#8220;][divider line_type=&#8220;No Line&#8220; custom_height=&#8220;20&#8243;][vc_column_text]\n<p style=\"text-align: left;\"><span lang=\"FR\">Die Mutualit\u00e4t der Arbeitgeber (Mutualit\u00e4t) ist eine Einrichtung der Sozialversicherung und wurde durch das <a href=\"http:\/\/www.legilux.public.lu\/leg\/a\/archives\/2008\/0060\/a060.pdf#page=2#page=2\" target=\"_blank\" rel=\"noopener noreferrer\">Gesetz vom 13. Mai 2008<\/a> \u00fcber die Einf\u00fchrung eines Einheitsstatuts gegr\u00fcndet. Sie hat ihre T\u00e4tigkeit am 1. Januar 2009 aufgenommen.<br \/>\n<\/span><\/p>\n[\/vc_column_text][\/vc_column][\/vc_row][vc_row type=&#8220;in_container&#8220; full_screen_row_position=&#8220;middle&#8220; column_margin=&#8220;default&#8220; column_direction=&#8220;default&#8220; column_direction_tablet=&#8220;default&#8220; column_direction_phone=&#8220;default&#8220; scene_position=&#8220;center&#8220; top_padding=&#8220;5%&#8220; bottom_padding=&#8220;5%&#8220; text_color=&#8220;dark&#8220; text_align=&#8220;left&#8220; row_border_radius=&#8220;none&#8220; row_border_radius_applies=&#8220;bg&#8220; overflow=&#8220;visible&#8220; overlay_strength=&#8220;0.3&#8243; gradient_direction=&#8220;left_to_right&#8220; shape_divider_position=&#8220;bottom&#8220; bg_image_animation=&#8220;none&#8220; shape_type=&#8220;&#8220;][vc_column column_padding=&#8220;no-extra-padding&#8220; column_padding_tablet=&#8220;inherit&#8220; column_padding_phone=&#8220;inherit&#8220; column_padding_position=&#8220;all&#8220; column_element_direction_desktop=&#8220;default&#8220; column_element_spacing=&#8220;default&#8220; desktop_text_alignment=&#8220;default&#8220; tablet_text_alignment=&#8220;default&#8220; phone_text_alignment=&#8220;default&#8220; background_color_opacity=&#8220;1&#8243; background_hover_color_opacity=&#8220;1&#8243; column_backdrop_filter=&#8220;none&#8220; column_shadow=&#8220;none&#8220; column_border_radius=&#8220;none&#8220; column_link_target=&#8220;_self&#8220; column_position=&#8220;default&#8220; gradient_direction=&#8220;left_to_right&#8220; overlay_strength=&#8220;0.3&#8243; width=&#8220;1\/1&#8243; tablet_width_inherit=&#8220;default&#8220; animation_type=&#8220;default&#8220; bg_image_animation=&#8220;none&#8220; border_type=&#8220;simple&#8220; column_border_width=&#8220;none&#8220; column_border_style=&#8220;solid&#8220;][vc_column_text]<span lang=\"FR\">Ziel der Mutualit\u00e4t ist es, Arbeitgeber gegen das finanzielle Risiko der Lohnfortzahlungen im Falle\u00a0 einer Arbeitsunf\u00e4higkeit der Arbeitnehmer zu bewahren. Diese Lohnfortzahlung stellt eine Verpflichtung der Arbeitgeber dar und steht allen Arbeitnehmern seit dem Gesetz vom 13. Mai 2008 zur Verf\u00fcgung.<br \/>\n<\/span><\/p>\n<p>Die Mutualit\u00e4t wird von einem Verwaltungsrat geleitet, dessen Pr\u00e4sident der Generalsekret\u00e4r der UEL ist und der aus folgenden Mitgliedern besteht: Vertreter der Arbeitgeberorganisationen innerhalb der UEL, dem Pr\u00e4sidenten der Sozialversicherungsanstalt und der Nationalen Gesundheitskasse, einem Vertreter der &#8222;F\u00e9d\u00e9ration luxembourgeoise des travailleurs intellectuels ind\u00e9pendants&#8220; und einem Vertreter der Landwirtschaftskammer.<\/p>\n<p><span lang=\"FR\">Die Verallgemeinerung der Lohnfortzahlung z\u00e4hlt zu den gr\u00f6\u00dften Innovationen der Einf\u00fchrung des Einheitstatuts f\u00fcr die Arbeitnehmer des Privatsektors.<\/span> Bei einer vor\u00fcbergehenden vollst\u00e4ndigen Arbeitsunf\u00e4higkeit infolge einer Krankheit oder eines Arbeitsunfalls bezahlt der Arbeitgeber den Arbeitnehmer bis zum Ende des Kalendermonats, in den der 77. Tag seiner Arbeitsunf\u00e4higkeit innerhalb eines Bezugszeitraums von 12 aufeinander folgenden Monaten f\u00e4llt. Diese L\u00f6sung erlaubt es, im Durchschnitt, eine Lohnfortzahlung w\u00e4hrend 13 Wochen zu bekommen.<\/p>\n<h3>Beispiel<\/h3>\n<ul>\n<li><span lang=\"FR\">Falls der 77. Tag auf den letzten Tag des Monats f\u00e4llt, h\u00f6rt der Einsatz des Arbeitgebers am 1. Tag des darauffolgenden Monats auf und beschr\u00e4nkt sich so auf 11 Wochen.<br \/>\n<\/span><\/li>\n<li><span lang=\"FR\">Falls der 77. Tag auf den ersten Tag des Monats f\u00e4llt<\/span><span lang=\"FR\">, f\u00fchrt der Arbeitgeber die Lohnfortzahlung bis zum Ende des laufenden Monats durch; sein Einsatz betr\u00e4gt so 15 Wochen.<\/span><\/li>\n<\/ul>\n<p><span lang=\"FR\">Die Versicherten der Mutualit\u00e4t sind vor allem die Arbeitgeber die Beitr\u00e4ge an diese Einrichtung zahlen und die von einer R\u00fcckerstattung von 80% der geleisteten Zahlungen an ihre Arbeitnehmer w\u00e4hrend dem Lohnfortzahlungszeitraum profitieren. Dieser Zeitraum betr\u00e4gt durchschnittlich 13 Monate pro Kalenderjahr in denen die Nationale Gesundheitskasse nicht eingreift.<br \/>\n<\/span><\/p>\n<p><span lang=\"FR\">Selbst\u00e4ndige und Freiberufler k\u00f6nnen auch auf diese Versicherung Zugriff haben wenn sie sich auf freiwilliger Basis gegen solche Risiken absichern.<br \/>\n<\/span><\/p>\n<h3>Dokumente<\/h3>\n<ul>\n<li><a href=\"https:\/\/mde.public.lu\/fr\/a-propos-mde\/statuts.html\" target=\"_blank\" rel=\"noopener noreferrer\">Statuts de la mutualit\u00e9 des employeurs<\/a><\/li>\n<li><a href=\"http:\/\/uel.lu\/wp-content\/uploads\/2019\/06\/11-Mutualite_des_Entreprises-communique.pdf\" target=\"_blank\" rel=\"noopener noreferrer\">Cr\u00e9ation d\u2019une mutualit\u00e9 des employeurs \u2013 Communiqu\u00e9 de presse<\/a> <em>&#8211; 12. November 2008<\/em><\/li>\n<li><a href=\"https:\/\/mde.public.lu\/fr\/affiliation-financement\/financement.html\" target=\"_blank\" rel=\"noopener\">Beitragss\u00e4tze der Mutualit\u00e4t der Arbeitgeber f\u00fcr das Haushaltsjahr 2023<\/a> &#8211; 22<em>. Dezember 2022<\/em><\/li>\n<li><a href=\"https:\/\/mss.gouvernement.lu\/fr\/actualites.gouvernement%2Bfr%2Bactualites%2Btoutes_actualites%2Bcommuniques%2B2023%2B08-aout%2B04-tripartite-tranche-indiciaire.html\" target=\"_blank\" rel=\"noopener\">Pressemitteilung &#8222;Mise en \u0153uvre de l&#8217;accord tripartite du 7 mars 2023 concernant la troisi\u00e8me tranche indiciaire de 2023&#8220;<\/a> &#8211; <em>4. August 2023<\/em><\/li>\n<li><a href=\"https:\/\/www.uel.lu\/wp-content\/uploads\/2023\/09\/ccss-20230812-avis-60-fr.pdf\" target=\"_blank\" rel=\"noopener\">Brief &#8222;Avis aux non-salarie\u0301s&#8220;<\/a> &#8211; <em>12. August 2023<\/em><\/li>\n<\/ul>\n<h3>Weitere Informationen<\/h3>\n<ul>\n<li><a href=\"http:\/\/www.mde.lu\/\" target=\"_blank\" rel=\"noopener noreferrer\">Mutualit\u00e9 des Employeurs<\/a><\/li>\n<\/ul>\n<p><a href=\"https:\/\/www.mde.lu\" target=\"_blank\" rel=\"noopener noreferrer\"><img loading=\"lazy\" decoding=\"async\" class=\"alignnone wp-image-1224 size-medium\" src=\"http:\/\/uel.lu\/wp-content\/uploads\/2019\/05\/image-300x83.png\" alt=\"\" width=\"300\" height=\"83\" srcset=\"https:\/\/uel.lu\/wp-content\/uploads\/2019\/05\/image-300x83.png 300w, https:\/\/uel.lu\/wp-content\/uploads\/2019\/05\/image.png 427w\" sizes=\"auto, (max-width: 300px) 100vw, 300px\" \/><\/a>[\/vc_column_text][\/vc_column][\/vc_row]\n","protected":false},"excerpt":{"rendered":"<p>[vc_row type=&#8220;full_width_background&#8220; full_screen_row_position=&#8220;middle&#8220; column_margin=&#8220;default&#8220; column_direction=&#8220;default&#8220; column_direction_tablet=&#8220;default&#8220; column_direction_phone=&#8220;default&#8220; bg_image=&#8220;3034&#8243; bg_position=&#8220;left top&#8220; background_image_loading=&#8220;default&#8220; bg_repeat=&#8220;no-repeat&#8220; scene_position=&#8220;center&#8220; top_padding=&#8220;5%&#8220; bottom_padding=&#8220;7%&#8220; text_color=&#8220;light&#8220; text_align=&#8220;right&#8220; row_border_radius=&#8220;none&#8220; row_border_radius_applies=&#8220;bg&#8220; overflow=&#8220;visible&#8220; class=&#8220;row-bg-overlay&#8220; enable_gradient=&#8220;true&#8220; color_overlay=&#8220;#000000&#8243; color_overlay_2=&#8220;#444444&#8243; advanced_gradient_angle=&#8220;0&#8243; overlay_strength=&#8220;0.8&#8243; gradient_direction=&#8220;top_to_bottom&#8220; shape_divider_position=&#8220;bottom&#8220; bg_image_animation=&#8220;none&#8220; shape_type=&#8220;&#8220;&#8230;<\/p>\n","protected":false},"author":7,"featured_media":0,"parent":0,"menu_order":0,"comment_status":"closed","ping_status":"closed","template":"","meta":{"_acf_changed":false,"inline_featured_image":false,"footnotes":""},"class_list":["post-3571","page","type-page","status-publish"],"acf":[],"yoast_head":"<!-- This site is optimized with the Yoast SEO plugin v26.8 - https:\/\/yoast.com\/product\/yoast-seo-wordpress\/ -->\n<title>Mutualit\u00e4t der Arbeitgeber - UEL<\/title>\n<meta name=\"robots\" content=\"index, follow, max-snippet:-1, max-image-preview:large, max-video-preview:-1\" \/>\n<link rel=\"canonical\" href=\"https:\/\/uel.lu\/de\/mutualitat-der-arbeitgeber\/\" \/>\n<meta property=\"og:locale\" content=\"de_DE\" \/>\n<meta property=\"og:type\" content=\"article\" \/>\n<meta property=\"og:title\" content=\"Mutualit\u00e4t der Arbeitgeber - UEL\" \/>\n<meta property=\"og:description\" content=\"[vc_row type=&#8220;full_width_background&#8220; full_screen_row_position=&#8220;middle&#8220; column_margin=&#8220;default&#8220; column_direction=&#8220;default&#8220; column_direction_tablet=&#8220;default&#8220; column_direction_phone=&#8220;default&#8220; bg_image=&#8220;3034&#8243; bg_position=&#8220;left top&#8220; background_image_loading=&#8220;default&#8220; bg_repeat=&#8220;no-repeat&#8220; scene_position=&#8220;center&#8220; top_padding=&#8220;5%&#8220; bottom_padding=&#8220;7%&#8220; text_color=&#8220;light&#8220; text_align=&#8220;right&#8220; row_border_radius=&#8220;none&#8220; row_border_radius_applies=&#8220;bg&#8220; overflow=&#8220;visible&#8220; class=&#8220;row-bg-overlay&#8220; enable_gradient=&#8220;true&#8220; color_overlay=&#8220;#000000&#8243; color_overlay_2=&#8220;#444444&#8243; advanced_gradient_angle=&#8220;0&#8243; overlay_strength=&#8220;0.8&#8243; gradient_direction=&#8220;top_to_bottom&#8220; shape_divider_position=&#8220;bottom&#8220; bg_image_animation=&#8220;none&#8220; shape_type=&#8220;&#8220;...\" \/>\n<meta property=\"og:url\" content=\"https:\/\/uel.lu\/de\/mutualitat-der-arbeitgeber\/\" \/>\n<meta property=\"og:site_name\" content=\"UEL\" \/>\n<meta property=\"article:modified_time\" content=\"2023-09-14T08:46:59+00:00\" \/>\n<meta property=\"og:image\" content=\"http:\/\/uel.lu\/wp-content\/uploads\/2019\/05\/image-300x83.png\" \/>\n<meta name=\"twitter:card\" content=\"summary_large_image\" \/>\n<meta name=\"twitter:site\" content=\"@uel_lu\" \/>\n<meta name=\"twitter:label1\" content=\"Gesch\u00e4tzte Lesezeit\" \/>\n\t<meta name=\"twitter:data1\" content=\"3\u00a0Minuten\" \/>\n<script type=\"application\/ld+json\" class=\"yoast-schema-graph\">{\"@context\":\"https:\/\/schema.org\",\"@graph\":[{\"@type\":\"WebPage\",\"@id\":\"https:\/\/uel.lu\/de\/mutualitat-der-arbeitgeber\/\",\"url\":\"https:\/\/uel.lu\/de\/mutualitat-der-arbeitgeber\/\",\"name\":\"Mutualit\u00e4t der Arbeitgeber - UEL\",\"isPartOf\":{\"@id\":\"https:\/\/uel.lu\/de\/#website\"},\"primaryImageOfPage\":{\"@id\":\"https:\/\/uel.lu\/de\/mutualitat-der-arbeitgeber\/#primaryimage\"},\"image\":{\"@id\":\"https:\/\/uel.lu\/de\/mutualitat-der-arbeitgeber\/#primaryimage\"},\"thumbnailUrl\":\"http:\/\/uel.lu\/wp-content\/uploads\/2019\/05\/image-300x83.png\",\"datePublished\":\"2019-07-04T09:54:31+00:00\",\"dateModified\":\"2023-09-14T08:46:59+00:00\",\"breadcrumb\":{\"@id\":\"https:\/\/uel.lu\/de\/mutualitat-der-arbeitgeber\/#breadcrumb\"},\"inLanguage\":\"de\",\"potentialAction\":[{\"@type\":\"ReadAction\",\"target\":[\"https:\/\/uel.lu\/de\/mutualitat-der-arbeitgeber\/\"]}]},{\"@type\":\"ImageObject\",\"inLanguage\":\"de\",\"@id\":\"https:\/\/uel.lu\/de\/mutualitat-der-arbeitgeber\/#primaryimage\",\"url\":\"http:\/\/uel.lu\/wp-content\/uploads\/2019\/05\/image-300x83.png\",\"contentUrl\":\"http:\/\/uel.lu\/wp-content\/uploads\/2019\/05\/image-300x83.png\"},{\"@type\":\"BreadcrumbList\",\"@id\":\"https:\/\/uel.lu\/de\/mutualitat-der-arbeitgeber\/#breadcrumb\",\"itemListElement\":[{\"@type\":\"ListItem\",\"position\":1,\"name\":\"Startseite\",\"item\":\"https:\/\/uel.lu\/de\/\"},{\"@type\":\"ListItem\",\"position\":2,\"name\":\"Mutualit\u00e4t der Arbeitgeber\"}]},{\"@type\":\"WebSite\",\"@id\":\"https:\/\/uel.lu\/de\/#website\",\"url\":\"https:\/\/uel.lu\/de\/\",\"name\":\"Union des Entreprises Luxembourgeoises\",\"description\":\"Union des Entreprises Luxembourgeoises\",\"publisher\":{\"@id\":\"https:\/\/uel.lu\/de\/#organization\"},\"alternateName\":\"UEL\",\"potentialAction\":[{\"@type\":\"SearchAction\",\"target\":{\"@type\":\"EntryPoint\",\"urlTemplate\":\"https:\/\/uel.lu\/de\/?s={search_term_string}\"},\"query-input\":{\"@type\":\"PropertyValueSpecification\",\"valueRequired\":true,\"valueName\":\"search_term_string\"}}],\"inLanguage\":\"de\"},{\"@type\":\"Organization\",\"@id\":\"https:\/\/uel.lu\/de\/#organization\",\"name\":\"Union des Entreprises Luxembourgeoises\",\"alternateName\":\"UEL\",\"url\":\"https:\/\/uel.lu\/de\/\",\"logo\":{\"@type\":\"ImageObject\",\"inLanguage\":\"de\",\"@id\":\"https:\/\/uel.lu\/de\/#\/schema\/logo\/image\/\",\"url\":\"https:\/\/www.uel.lu\/wp-content\/uploads\/2019\/07\/uel_logo_.png\",\"contentUrl\":\"https:\/\/www.uel.lu\/wp-content\/uploads\/2019\/07\/uel_logo_.png\",\"width\":150,\"height\":118,\"caption\":\"Union des Entreprises Luxembourgeoises\"},\"image\":{\"@id\":\"https:\/\/uel.lu\/de\/#\/schema\/logo\/image\/\"},\"sameAs\":[\"https:\/\/x.com\/uel_lu\",\"https:\/\/www.linkedin.com\/company\/union-des-entreprises-luxembourgeoises---uel\/\"]}]}<\/script>\n<!-- \/ Yoast SEO plugin. -->","yoast_head_json":{"title":"Mutualit\u00e4t der Arbeitgeber - UEL","robots":{"index":"index","follow":"follow","max-snippet":"max-snippet:-1","max-image-preview":"max-image-preview:large","max-video-preview":"max-video-preview:-1"},"canonical":"https:\/\/uel.lu\/de\/mutualitat-der-arbeitgeber\/","og_locale":"de_DE","og_type":"article","og_title":"Mutualit\u00e4t der Arbeitgeber - UEL","og_description":"[vc_row type=&#8220;full_width_background&#8220; full_screen_row_position=&#8220;middle&#8220; column_margin=&#8220;default&#8220; column_direction=&#8220;default&#8220; column_direction_tablet=&#8220;default&#8220; column_direction_phone=&#8220;default&#8220; bg_image=&#8220;3034&#8243; bg_position=&#8220;left top&#8220; background_image_loading=&#8220;default&#8220; bg_repeat=&#8220;no-repeat&#8220; scene_position=&#8220;center&#8220; top_padding=&#8220;5%&#8220; bottom_padding=&#8220;7%&#8220; text_color=&#8220;light&#8220; text_align=&#8220;right&#8220; row_border_radius=&#8220;none&#8220; row_border_radius_applies=&#8220;bg&#8220; overflow=&#8220;visible&#8220; class=&#8220;row-bg-overlay&#8220; enable_gradient=&#8220;true&#8220; color_overlay=&#8220;#000000&#8243; color_overlay_2=&#8220;#444444&#8243; advanced_gradient_angle=&#8220;0&#8243; overlay_strength=&#8220;0.8&#8243; gradient_direction=&#8220;top_to_bottom&#8220; shape_divider_position=&#8220;bottom&#8220; bg_image_animation=&#8220;none&#8220; shape_type=&#8220;&#8220;...","og_url":"https:\/\/uel.lu\/de\/mutualitat-der-arbeitgeber\/","og_site_name":"UEL","article_modified_time":"2023-09-14T08:46:59+00:00","og_image":[{"url":"http:\/\/uel.lu\/wp-content\/uploads\/2019\/05\/image-300x83.png","type":"","width":"","height":""}],"twitter_card":"summary_large_image","twitter_site":"@uel_lu","twitter_misc":{"Gesch\u00e4tzte Lesezeit":"3\u00a0Minuten"},"schema":{"@context":"https:\/\/schema.org","@graph":[{"@type":"WebPage","@id":"https:\/\/uel.lu\/de\/mutualitat-der-arbeitgeber\/","url":"https:\/\/uel.lu\/de\/mutualitat-der-arbeitgeber\/","name":"Mutualit\u00e4t der Arbeitgeber - UEL","isPartOf":{"@id":"https:\/\/uel.lu\/de\/#website"},"primaryImageOfPage":{"@id":"https:\/\/uel.lu\/de\/mutualitat-der-arbeitgeber\/#primaryimage"},"image":{"@id":"https:\/\/uel.lu\/de\/mutualitat-der-arbeitgeber\/#primaryimage"},"thumbnailUrl":"http:\/\/uel.lu\/wp-content\/uploads\/2019\/05\/image-300x83.png","datePublished":"2019-07-04T09:54:31+00:00","dateModified":"2023-09-14T08:46:59+00:00","breadcrumb":{"@id":"https:\/\/uel.lu\/de\/mutualitat-der-arbeitgeber\/#breadcrumb"},"inLanguage":"de","potentialAction":[{"@type":"ReadAction","target":["https:\/\/uel.lu\/de\/mutualitat-der-arbeitgeber\/"]}]},{"@type":"ImageObject","inLanguage":"de","@id":"https:\/\/uel.lu\/de\/mutualitat-der-arbeitgeber\/#primaryimage","url":"http:\/\/uel.lu\/wp-content\/uploads\/2019\/05\/image-300x83.png","contentUrl":"http:\/\/uel.lu\/wp-content\/uploads\/2019\/05\/image-300x83.png"},{"@type":"BreadcrumbList","@id":"https:\/\/uel.lu\/de\/mutualitat-der-arbeitgeber\/#breadcrumb","itemListElement":[{"@type":"ListItem","position":1,"name":"Startseite","item":"https:\/\/uel.lu\/de\/"},{"@type":"ListItem","position":2,"name":"Mutualit\u00e4t der Arbeitgeber"}]},{"@type":"WebSite","@id":"https:\/\/uel.lu\/de\/#website","url":"https:\/\/uel.lu\/de\/","name":"Union des Entreprises Luxembourgeoises","description":"Union des Entreprises Luxembourgeoises","publisher":{"@id":"https:\/\/uel.lu\/de\/#organization"},"alternateName":"UEL","potentialAction":[{"@type":"SearchAction","target":{"@type":"EntryPoint","urlTemplate":"https:\/\/uel.lu\/de\/?s={search_term_string}"},"query-input":{"@type":"PropertyValueSpecification","valueRequired":true,"valueName":"search_term_string"}}],"inLanguage":"de"},{"@type":"Organization","@id":"https:\/\/uel.lu\/de\/#organization","name":"Union des Entreprises Luxembourgeoises","alternateName":"UEL","url":"https:\/\/uel.lu\/de\/","logo":{"@type":"ImageObject","inLanguage":"de","@id":"https:\/\/uel.lu\/de\/#\/schema\/logo\/image\/","url":"https:\/\/www.uel.lu\/wp-content\/uploads\/2019\/07\/uel_logo_.png","contentUrl":"https:\/\/www.uel.lu\/wp-content\/uploads\/2019\/07\/uel_logo_.png","width":150,"height":118,"caption":"Union des Entreprises Luxembourgeoises"},"image":{"@id":"https:\/\/uel.lu\/de\/#\/schema\/logo\/image\/"},"sameAs":["https:\/\/x.com\/uel_lu","https:\/\/www.linkedin.com\/company\/union-des-entreprises-luxembourgeoises---uel\/"]}]}},"_links":{"self":[{"href":"https:\/\/uel.lu\/de\/wp-json\/wp\/v2\/pages\/3571","targetHints":{"allow":["GET"]}}],"collection":[{"href":"https:\/\/uel.lu\/de\/wp-json\/wp\/v2\/pages"}],"about":[{"href":"https:\/\/uel.lu\/de\/wp-json\/wp\/v2\/types\/page"}],"author":[{"embeddable":true,"href":"https:\/\/uel.lu\/de\/wp-json\/wp\/v2\/users\/7"}],"replies":[{"embeddable":true,"href":"https:\/\/uel.lu\/de\/wp-json\/wp\/v2\/comments?post=3571"}],"version-history":[{"count":12,"href":"https:\/\/uel.lu\/de\/wp-json\/wp\/v2\/pages\/3571\/revisions"}],"predecessor-version":[{"id":16964,"href":"https:\/\/uel.lu\/de\/wp-json\/wp\/v2\/pages\/3571\/revisions\/16964"}],"wp:attachment":[{"href":"https:\/\/uel.lu\/de\/wp-json\/wp\/v2\/media?parent=3571"}],"curies":[{"name":"wp","href":"https:\/\/api.w.org\/{rel}","templated":true}]}}