{"id":3565,"date":"2019-07-04T09:53:09","date_gmt":"2019-07-04T09:53:09","guid":{"rendered":"http:\/\/uel.lu\/soziale-rahmenbedingungen\/"},"modified":"2026-01-05T10:05:24","modified_gmt":"2026-01-05T09:05:24","slug":"soziale-parameter","status":"publish","type":"page","link":"https:\/\/uel.lu\/de\/soziale-parameter\/","title":{"rendered":"Soziale Parameter"},"content":{"rendered":"[vc_row type=&#8220;full_width_background&#8220; full_screen_row_position=&#8220;middle&#8220; column_margin=&#8220;default&#8220; column_direction=&#8220;default&#8220; column_direction_tablet=&#8220;default&#8220; column_direction_phone=&#8220;default&#8220; bg_image=&#8220;3095&#8243; bg_position=&#8220;center center&#8220; background_image_loading=&#8220;default&#8220; bg_repeat=&#8220;no-repeat&#8220; scene_position=&#8220;center&#8220; top_padding=&#8220;7%&#8220; bottom_padding=&#8220;7%&#8220; text_color=&#8220;light&#8220; text_align=&#8220;right&#8220; row_border_radius=&#8220;none&#8220; row_border_radius_applies=&#8220;bg&#8220; overflow=&#8220;visible&#8220; class=&#8220;row-bg-overlay&#8220; enable_gradient=&#8220;true&#8220; color_overlay=&#8220;#000000&#8243; color_overlay_2=&#8220;#444444&#8243; advanced_gradient_angle=&#8220;0&#8243; overlay_strength=&#8220;0.8&#8243; gradient_direction=&#8220;top_to_bottom&#8220; shape_divider_position=&#8220;bottom&#8220; bg_image_animation=&#8220;none&#8220; shape_type=&#8220;&#8220; gradient_type=&#8220;default&#8220;][vc_column column_padding=&#8220;no-extra-padding&#8220; column_padding_tablet=&#8220;inherit&#8220; column_padding_phone=&#8220;inherit&#8220; column_padding_position=&#8220;all&#8220; column_element_direction_desktop=&#8220;default&#8220; column_element_spacing=&#8220;default&#8220; desktop_text_alignment=&#8220;default&#8220; tablet_text_alignment=&#8220;default&#8220; phone_text_alignment=&#8220;default&#8220; background_color_opacity=&#8220;1&#8243; background_hover_color_opacity=&#8220;1&#8243; column_backdrop_filter=&#8220;none&#8220; column_shadow=&#8220;none&#8220; column_border_radius=&#8220;none&#8220; column_link_target=&#8220;_self&#8220; column_position=&#8220;default&#8220; gradient_direction=&#8220;left_to_right&#8220; overlay_strength=&#8220;0.3&#8243; width=&#8220;2\/3&#8243; tablet_width_inherit=&#8220;default&#8220; animation_type=&#8220;default&#8220; bg_image_animation=&#8220;none&#8220; border_type=&#8220;simple&#8220; column_border_width=&#8220;none&#8220; column_border_style=&#8220;solid&#8220;][vc_custom_heading text=&#8220;Soziale Rahmenbedingungen&#8220; use_theme_fonts=&#8220;yes&#8220;][divider line_type=&#8220;No Line&#8220; custom_height=&#8220;20&#8243;][\/vc_column][vc_column column_padding=&#8220;no-extra-padding&#8220; column_padding_tablet=&#8220;inherit&#8220; column_padding_phone=&#8220;inherit&#8220; column_padding_position=&#8220;all&#8220; column_element_direction_desktop=&#8220;default&#8220; column_element_spacing=&#8220;default&#8220; desktop_text_alignment=&#8220;default&#8220; tablet_text_alignment=&#8220;default&#8220; phone_text_alignment=&#8220;default&#8220; background_color_opacity=&#8220;1&#8243; background_hover_color_opacity=&#8220;1&#8243; column_backdrop_filter=&#8220;none&#8220; column_shadow=&#8220;none&#8220; column_border_radius=&#8220;none&#8220; column_link_target=&#8220;_self&#8220; column_position=&#8220;default&#8220; gradient_direction=&#8220;left_to_right&#8220; overlay_strength=&#8220;0.3&#8243; width=&#8220;1\/3&#8243; tablet_width_inherit=&#8220;default&#8220; animation_type=&#8220;default&#8220; bg_image_animation=&#8220;none&#8220; border_type=&#8220;simple&#8220; column_border_width=&#8220;none&#8220; column_border_style=&#8220;solid&#8220;][\/vc_column][\/vc_row][vc_row type=&#8220;in_container&#8220; full_screen_row_position=&#8220;middle&#8220; column_margin=&#8220;default&#8220; column_direction=&#8220;default&#8220; column_direction_tablet=&#8220;default&#8220; column_direction_phone=&#8220;default&#8220; scene_position=&#8220;center&#8220; top_padding=&#8220;5%&#8220; bottom_padding=&#8220;5%&#8220; text_color=&#8220;dark&#8220; text_align=&#8220;left&#8220; row_border_radius=&#8220;none&#8220; row_border_radius_applies=&#8220;bg&#8220; overflow=&#8220;visible&#8220; overlay_strength=&#8220;0.3&#8243; gradient_direction=&#8220;left_to_right&#8220; shape_divider_position=&#8220;bottom&#8220; bg_image_animation=&#8220;none&#8220; shape_type=&#8220;&#8220;][vc_column column_padding=&#8220;no-extra-padding&#8220; column_padding_tablet=&#8220;inherit&#8220; column_padding_phone=&#8220;inherit&#8220; column_padding_position=&#8220;all&#8220; column_element_direction_desktop=&#8220;default&#8220; column_element_spacing=&#8220;default&#8220; desktop_text_alignment=&#8220;default&#8220; tablet_text_alignment=&#8220;default&#8220; phone_text_alignment=&#8220;default&#8220; background_color_opacity=&#8220;1&#8243; background_hover_color_opacity=&#8220;1&#8243; column_backdrop_filter=&#8220;none&#8220; column_shadow=&#8220;none&#8220; column_border_radius=&#8220;none&#8220; column_link_target=&#8220;_self&#8220; column_position=&#8220;default&#8220; gradient_direction=&#8220;left_to_right&#8220; overlay_strength=&#8220;0.3&#8243; width=&#8220;1\/1&#8243; tablet_width_inherit=&#8220;default&#8220; animation_type=&#8220;default&#8220; bg_image_animation=&#8220;none&#8220; border_type=&#8220;simple&#8220; column_border_width=&#8220;none&#8220; column_border_style=&#8220;solid&#8220;][vc_column_text css=&#8220;&#8220; text_direction=&#8220;default&#8220;]\n<h3><span style=\"color: #000000;\"><strong>Stand zum 1. Januar 2026<\/strong><\/span><\/h3>\n[\/vc_column_text][vc_column_text css=&#8220;&#8220; text_direction=&#8220;default&#8220;]<span style=\"color: #dd1124;\"><strong>Beitragss\u00e4tze<\/strong><\/span>[\/vc_column_text][vc_column_text css=&#8220;&#8220; text_direction=&#8220;default&#8220;]\n<table>\n<tbody>\n<tr>\n<td><strong>Risiko<\/strong><\/td>\n<td>\n<p align=\"center\"><strong>Beteiligung des Versicherten<br \/>\n<\/strong><\/p>\n<\/td>\n<td>\n<p align=\"center\"><strong>Beteiligung des Arbeitgebers<br \/>\n<\/strong><\/p>\n<\/td>\n<\/tr>\n<tr>\n<td><strong>Kranken- und Mutterschaftsversicherung<\/strong><\/p>\n<p>Zuschlag f\u00fcr Geldleistungen (<sup>1<\/sup>)<\/td>\n<td>\n<p align=\"center\">3,05 %<\/p>\n<p align=\"center\">0,25 %<\/p>\n<\/td>\n<td>\n<p align=\"center\">3,05 %<\/p>\n<p align=\"center\">0,25 %<\/p>\n<\/td>\n<\/tr>\n<tr>\n<td><strong>Mutualit\u00e4t der Arbeitgeber<\/strong><\/p>\n<p>Klasse 1 (Abwesenheitsrate &lt; 0,65 %)<\/p>\n<p>Klasse 2 (Abwesenheitsrate &lt; 1,60 %)<\/p>\n<p>Klasse 3 (Abwesenheitsrate &lt; 2,50 %)<\/p>\n<p>Klasse 4 (Abwesenheitsrate &gt;=2,50 %)<\/td>\n<td>\n<p align=\"center\">&#8211;<\/p>\n<p align=\"center\">&#8211;<\/p>\n<p align=\"center\">&#8211;<\/p>\n<p style=\"text-align: center;\">&#8211;<\/p>\n<\/td>\n<td>&nbsp;<\/p>\n<p style=\"text-align: center;\">0,23 %<\/p>\n<p align=\"center\">0,95 %<\/p>\n<p align=\"center\">1,56 %<\/p>\n<p align=\"center\">2,66 %<\/p>\n<\/td>\n<\/tr>\n<tr>\n<td><strong>Rentenversicherung<\/strong><\/td>\n<td>\n<p align=\"center\">8,5 %<\/p>\n<\/td>\n<td>\n<p align=\"center\">8,5 %<\/p>\n<\/td>\n<\/tr>\n<tr>\n<td><strong>Pflegeversicherung (<sup>2<\/sup>)<\/strong><\/td>\n<td>\n<p align=\"center\">1,40 %<\/p>\n<\/td>\n<td>\n<p align=\"center\">&#8211;<\/p>\n<\/td>\n<\/tr>\n<tr>\n<td><strong>Unfallversicherung (\u00b3)<br \/>\n<\/strong><\/td>\n<td>\n<p align=\"center\">&#8211;<\/p>\n<\/td>\n<td>\n<p align=\"center\">0,65 %<\/p>\n<\/td>\n<\/tr>\n<tr>\n<td>\n<p dir=\"ltr\"><strong>Familienleistungen <\/strong>(zu Lasten des Staates f\u00fcr den Privatsektor)<\/p>\n<\/td>\n<td>\n<p align=\"center\">&#8211;<\/p>\n<\/td>\n<td>\n<p align=\"center\">1,70 %<\/p>\n<\/td>\n<\/tr>\n<tr>\n<td><strong>Gesundheit am Arbeitsplatz<br \/>\n<\/strong><\/td>\n<td>\n<p align=\"center\">&#8211;<\/p>\n<\/td>\n<td>\n<p align=\"center\">0,14 %<\/p>\n<\/td>\n<\/tr>\n<\/tbody>\n<\/table>\n<p><span style=\"color: #dd1124;\"><strong>Mindest- und H\u00f6chstgrenzen f\u00fcr die Beitragspflicht<\/strong><\/span><\/p>\n<table border=\"0\">\n<tbody>\n<tr>\n<td>\n<p align=\"left\"><strong>Monatlicher sozialer Mindestlohn (SSM)<\/strong><\/p>\n<\/td>\n<td>\n<p align=\"center\">Indexwert: 968,04<\/p>\n<\/td>\n<\/tr>\n<tr>\n<td>\n<p align=\"left\"><strong>\u00a0Mindestbeitrag 18 Jahre und \u00e4lter, qualifiziert<\/strong><\/p>\n<\/td>\n<td>\n<p align=\"center\">2.703,74 \u20ac<\/p>\n<\/td>\n<\/tr>\n<tr>\n<td>\n<p align=\"left\"><strong>Mindestbeitrag 17 &#8211; 18 Jahre : 80%<\/strong><\/p>\n<\/td>\n<td>\n<p align=\"center\">2.162,99 \u20ac<\/p>\n<\/td>\n<\/tr>\n<tr>\n<td>\n<p align=\"left\"><strong>Mindestbeitrag 15 &#8211; 17 Jahre : 75%<\/strong><\/p>\n<\/td>\n<td>\n<p align=\"center\">2027,80 \u20ac<\/p>\n<\/td>\n<\/tr>\n<tr>\n<td>\n<p align=\"left\"><strong>Mindestbeitrag 18 Jahre und \u00e4lter, qualifiziert : 120 %<\/strong><\/p>\n<\/td>\n<td>\n<p align=\"center\">3.244,48 \u20ac<\/p>\n<\/td>\n<\/tr>\n<tr>\n<td>\n<p align=\"left\"><strong>H\u00f6chstgrenze (5 x SSM)<\/strong><\/p>\n<\/td>\n<td>\n<p align=\"center\">13.518,68 \u20ac<\/p>\n<\/td>\n<\/tr>\n<\/tbody>\n<\/table>\n<p>(1) Dieser Zuschlag gilt nur f\u00fcr die Versicherten die Anrecht auf eine finanzielle Entsch\u00e4digung haben.<\/p>\n<p>(2) Ein Freibetrag der einem Viertel des sozialen Mindestlohns entspricht, muss zur Festlegung der Bemessungsgrundlage der Pflegeversicherung ber\u00fccksichtigt werden (<span lang=\"en\" tabindex=\"0\">675,93<\/span>\u20ac). Dieser Freibetrag wird im Verh\u00e4ltnis zur angegebenen Stundenzahl gegen\u00fcber 173 Stunden berechnet, wenn die Arbeitsdauer im Dienste eines Arbeitgebers niedriger als 150 Stunden f\u00fcr einen Kalendermonat betr\u00e4gt.<\/p>\n<p>(3) Seit dem Gesch\u00e4ftsjahr 2019 gibt es ein Bonus-Malus-System: F\u00fcr weitere Informationen besuchen Sie bitte die Website der Unfallversicherun (<span lang=\"DE\"><a title=\"https:\/\/aaa.public.lu\/fr\/prestations-cotisations\/cotisations\/bonusmalus.html\" href=\"https:\/\/aaa.public.lu\/fr\/prestations-cotisations\/cotisations\/bonusmalus.html\">AAA<\/a>). Zu beachten ist, dass ab dem 1. Januar 2026 der einheitliche Beitragssatz, der auf 0,65% festgelegt ist, f\u00fcr jeden Beitragszahler mit seinem Bonus-Malus-Faktor multipliziert wird, der die Werte 0,85; 1,0; 1,1; 1,3 oder 1,5 annehmen kann.<\/span><\/p>\n<h3>Weitere Informationen<\/h3>\n<p>Quellen :<\/p>\n<ul>\n<li>CCSS &#8211; <a href=\"https:\/\/ccss.public.lu\/de\/parametres-sociaux.html\" target=\"_blank\" rel=\"noopener\">Beitragss\u00e4tze<\/a><\/li>\n<li>IGSS &#8211; <a href=\"https:\/\/igss.gouvernement.lu\/de\/publications\/parametres-sociaux\/202601.html\" target=\"_blank\" rel=\"noopener\">Soziale Parameter g\u00fcltig am 1. Januar 2026<\/a><\/li>\n<\/ul>\n[\/vc_column_text][\/vc_column][\/vc_row]\n","protected":false},"excerpt":{"rendered":"<p>[vc_row type=&#8220;full_width_background&#8220; full_screen_row_position=&#8220;middle&#8220; column_margin=&#8220;default&#8220; column_direction=&#8220;default&#8220; column_direction_tablet=&#8220;default&#8220; column_direction_phone=&#8220;default&#8220; bg_image=&#8220;3095&#8243; bg_position=&#8220;center center&#8220; background_image_loading=&#8220;default&#8220; bg_repeat=&#8220;no-repeat&#8220; scene_position=&#8220;center&#8220; top_padding=&#8220;7%&#8220; bottom_padding=&#8220;7%&#8220; text_color=&#8220;light&#8220; text_align=&#8220;right&#8220; row_border_radius=&#8220;none&#8220; row_border_radius_applies=&#8220;bg&#8220; overflow=&#8220;visible&#8220; class=&#8220;row-bg-overlay&#8220; enable_gradient=&#8220;true&#8220; color_overlay=&#8220;#000000&#8243; color_overlay_2=&#8220;#444444&#8243; advanced_gradient_angle=&#8220;0&#8243; overlay_strength=&#8220;0.8&#8243; gradient_direction=&#8220;top_to_bottom&#8220; shape_divider_position=&#8220;bottom&#8220; bg_image_animation=&#8220;none&#8220; shape_type=&#8220;&#8220;&#8230;<\/p>\n","protected":false},"author":7,"featured_media":0,"parent":0,"menu_order":0,"comment_status":"closed","ping_status":"closed","template":"","meta":{"_acf_changed":false,"inline_featured_image":false,"footnotes":""},"class_list":["post-3565","page","type-page","status-publish"],"acf":[],"yoast_head":"<!-- This site is optimized with the Yoast SEO plugin v26.8 - https:\/\/yoast.com\/product\/yoast-seo-wordpress\/ -->\n<title>Soziale Parameter - UEL<\/title>\n<meta name=\"robots\" content=\"index, follow, max-snippet:-1, max-image-preview:large, max-video-preview:-1\" \/>\n<link rel=\"canonical\" href=\"https:\/\/uel.lu\/de\/soziale-parameter\/\" \/>\n<meta property=\"og:locale\" content=\"de_DE\" \/>\n<meta property=\"og:type\" content=\"article\" \/>\n<meta property=\"og:title\" content=\"Soziale Parameter - UEL\" \/>\n<meta property=\"og:description\" content=\"[vc_row type=&#8220;full_width_background&#8220; full_screen_row_position=&#8220;middle&#8220; column_margin=&#8220;default&#8220; column_direction=&#8220;default&#8220; column_direction_tablet=&#8220;default&#8220; column_direction_phone=&#8220;default&#8220; bg_image=&#8220;3095&#8243; bg_position=&#8220;center center&#8220; background_image_loading=&#8220;default&#8220; bg_repeat=&#8220;no-repeat&#8220; scene_position=&#8220;center&#8220; top_padding=&#8220;7%&#8220; bottom_padding=&#8220;7%&#8220; text_color=&#8220;light&#8220; text_align=&#8220;right&#8220; row_border_radius=&#8220;none&#8220; row_border_radius_applies=&#8220;bg&#8220; overflow=&#8220;visible&#8220; class=&#8220;row-bg-overlay&#8220; enable_gradient=&#8220;true&#8220; color_overlay=&#8220;#000000&#8243; color_overlay_2=&#8220;#444444&#8243; advanced_gradient_angle=&#8220;0&#8243; overlay_strength=&#8220;0.8&#8243; gradient_direction=&#8220;top_to_bottom&#8220; shape_divider_position=&#8220;bottom&#8220; bg_image_animation=&#8220;none&#8220; shape_type=&#8220;&#8220;...\" \/>\n<meta property=\"og:url\" content=\"https:\/\/uel.lu\/de\/soziale-parameter\/\" \/>\n<meta property=\"og:site_name\" content=\"UEL\" \/>\n<meta property=\"article:modified_time\" content=\"2026-01-05T09:05:24+00:00\" \/>\n<meta name=\"twitter:card\" content=\"summary_large_image\" \/>\n<meta name=\"twitter:site\" content=\"@uel_lu\" \/>\n<meta name=\"twitter:label1\" content=\"Gesch\u00e4tzte Lesezeit\" \/>\n\t<meta name=\"twitter:data1\" content=\"2\u00a0Minuten\" \/>\n<script type=\"application\/ld+json\" class=\"yoast-schema-graph\">{\"@context\":\"https:\/\/schema.org\",\"@graph\":[{\"@type\":\"WebPage\",\"@id\":\"https:\/\/uel.lu\/de\/soziale-parameter\/\",\"url\":\"https:\/\/uel.lu\/de\/soziale-parameter\/\",\"name\":\"Soziale Parameter - UEL\",\"isPartOf\":{\"@id\":\"https:\/\/uel.lu\/de\/#website\"},\"datePublished\":\"2019-07-04T09:53:09+00:00\",\"dateModified\":\"2026-01-05T09:05:24+00:00\",\"breadcrumb\":{\"@id\":\"https:\/\/uel.lu\/de\/soziale-parameter\/#breadcrumb\"},\"inLanguage\":\"de\",\"potentialAction\":[{\"@type\":\"ReadAction\",\"target\":[\"https:\/\/uel.lu\/de\/soziale-parameter\/\"]}]},{\"@type\":\"BreadcrumbList\",\"@id\":\"https:\/\/uel.lu\/de\/soziale-parameter\/#breadcrumb\",\"itemListElement\":[{\"@type\":\"ListItem\",\"position\":1,\"name\":\"Startseite\",\"item\":\"https:\/\/uel.lu\/de\/\"},{\"@type\":\"ListItem\",\"position\":2,\"name\":\"Soziale Parameter\"}]},{\"@type\":\"WebSite\",\"@id\":\"https:\/\/uel.lu\/de\/#website\",\"url\":\"https:\/\/uel.lu\/de\/\",\"name\":\"Union des Entreprises Luxembourgeoises\",\"description\":\"Union des Entreprises Luxembourgeoises\",\"publisher\":{\"@id\":\"https:\/\/uel.lu\/de\/#organization\"},\"alternateName\":\"UEL\",\"potentialAction\":[{\"@type\":\"SearchAction\",\"target\":{\"@type\":\"EntryPoint\",\"urlTemplate\":\"https:\/\/uel.lu\/de\/?s={search_term_string}\"},\"query-input\":{\"@type\":\"PropertyValueSpecification\",\"valueRequired\":true,\"valueName\":\"search_term_string\"}}],\"inLanguage\":\"de\"},{\"@type\":\"Organization\",\"@id\":\"https:\/\/uel.lu\/de\/#organization\",\"name\":\"Union des Entreprises Luxembourgeoises\",\"alternateName\":\"UEL\",\"url\":\"https:\/\/uel.lu\/de\/\",\"logo\":{\"@type\":\"ImageObject\",\"inLanguage\":\"de\",\"@id\":\"https:\/\/uel.lu\/de\/#\/schema\/logo\/image\/\",\"url\":\"https:\/\/www.uel.lu\/wp-content\/uploads\/2019\/07\/uel_logo_.png\",\"contentUrl\":\"https:\/\/www.uel.lu\/wp-content\/uploads\/2019\/07\/uel_logo_.png\",\"width\":150,\"height\":118,\"caption\":\"Union des Entreprises Luxembourgeoises\"},\"image\":{\"@id\":\"https:\/\/uel.lu\/de\/#\/schema\/logo\/image\/\"},\"sameAs\":[\"https:\/\/x.com\/uel_lu\",\"https:\/\/www.linkedin.com\/company\/union-des-entreprises-luxembourgeoises---uel\/\"]}]}<\/script>\n<!-- \/ Yoast SEO plugin. -->","yoast_head_json":{"title":"Soziale Parameter - UEL","robots":{"index":"index","follow":"follow","max-snippet":"max-snippet:-1","max-image-preview":"max-image-preview:large","max-video-preview":"max-video-preview:-1"},"canonical":"https:\/\/uel.lu\/de\/soziale-parameter\/","og_locale":"de_DE","og_type":"article","og_title":"Soziale Parameter - UEL","og_description":"[vc_row type=&#8220;full_width_background&#8220; full_screen_row_position=&#8220;middle&#8220; column_margin=&#8220;default&#8220; column_direction=&#8220;default&#8220; column_direction_tablet=&#8220;default&#8220; column_direction_phone=&#8220;default&#8220; bg_image=&#8220;3095&#8243; bg_position=&#8220;center center&#8220; background_image_loading=&#8220;default&#8220; bg_repeat=&#8220;no-repeat&#8220; scene_position=&#8220;center&#8220; top_padding=&#8220;7%&#8220; bottom_padding=&#8220;7%&#8220; text_color=&#8220;light&#8220; text_align=&#8220;right&#8220; row_border_radius=&#8220;none&#8220; row_border_radius_applies=&#8220;bg&#8220; overflow=&#8220;visible&#8220; class=&#8220;row-bg-overlay&#8220; enable_gradient=&#8220;true&#8220; color_overlay=&#8220;#000000&#8243; color_overlay_2=&#8220;#444444&#8243; advanced_gradient_angle=&#8220;0&#8243; overlay_strength=&#8220;0.8&#8243; gradient_direction=&#8220;top_to_bottom&#8220; shape_divider_position=&#8220;bottom&#8220; bg_image_animation=&#8220;none&#8220; shape_type=&#8220;&#8220;...","og_url":"https:\/\/uel.lu\/de\/soziale-parameter\/","og_site_name":"UEL","article_modified_time":"2026-01-05T09:05:24+00:00","twitter_card":"summary_large_image","twitter_site":"@uel_lu","twitter_misc":{"Gesch\u00e4tzte Lesezeit":"2\u00a0Minuten"},"schema":{"@context":"https:\/\/schema.org","@graph":[{"@type":"WebPage","@id":"https:\/\/uel.lu\/de\/soziale-parameter\/","url":"https:\/\/uel.lu\/de\/soziale-parameter\/","name":"Soziale Parameter - UEL","isPartOf":{"@id":"https:\/\/uel.lu\/de\/#website"},"datePublished":"2019-07-04T09:53:09+00:00","dateModified":"2026-01-05T09:05:24+00:00","breadcrumb":{"@id":"https:\/\/uel.lu\/de\/soziale-parameter\/#breadcrumb"},"inLanguage":"de","potentialAction":[{"@type":"ReadAction","target":["https:\/\/uel.lu\/de\/soziale-parameter\/"]}]},{"@type":"BreadcrumbList","@id":"https:\/\/uel.lu\/de\/soziale-parameter\/#breadcrumb","itemListElement":[{"@type":"ListItem","position":1,"name":"Startseite","item":"https:\/\/uel.lu\/de\/"},{"@type":"ListItem","position":2,"name":"Soziale Parameter"}]},{"@type":"WebSite","@id":"https:\/\/uel.lu\/de\/#website","url":"https:\/\/uel.lu\/de\/","name":"Union des Entreprises Luxembourgeoises","description":"Union des Entreprises Luxembourgeoises","publisher":{"@id":"https:\/\/uel.lu\/de\/#organization"},"alternateName":"UEL","potentialAction":[{"@type":"SearchAction","target":{"@type":"EntryPoint","urlTemplate":"https:\/\/uel.lu\/de\/?s={search_term_string}"},"query-input":{"@type":"PropertyValueSpecification","valueRequired":true,"valueName":"search_term_string"}}],"inLanguage":"de"},{"@type":"Organization","@id":"https:\/\/uel.lu\/de\/#organization","name":"Union des Entreprises Luxembourgeoises","alternateName":"UEL","url":"https:\/\/uel.lu\/de\/","logo":{"@type":"ImageObject","inLanguage":"de","@id":"https:\/\/uel.lu\/de\/#\/schema\/logo\/image\/","url":"https:\/\/www.uel.lu\/wp-content\/uploads\/2019\/07\/uel_logo_.png","contentUrl":"https:\/\/www.uel.lu\/wp-content\/uploads\/2019\/07\/uel_logo_.png","width":150,"height":118,"caption":"Union des Entreprises Luxembourgeoises"},"image":{"@id":"https:\/\/uel.lu\/de\/#\/schema\/logo\/image\/"},"sameAs":["https:\/\/x.com\/uel_lu","https:\/\/www.linkedin.com\/company\/union-des-entreprises-luxembourgeoises---uel\/"]}]}},"_links":{"self":[{"href":"https:\/\/uel.lu\/de\/wp-json\/wp\/v2\/pages\/3565","targetHints":{"allow":["GET"]}}],"collection":[{"href":"https:\/\/uel.lu\/de\/wp-json\/wp\/v2\/pages"}],"about":[{"href":"https:\/\/uel.lu\/de\/wp-json\/wp\/v2\/types\/page"}],"author":[{"embeddable":true,"href":"https:\/\/uel.lu\/de\/wp-json\/wp\/v2\/users\/7"}],"replies":[{"embeddable":true,"href":"https:\/\/uel.lu\/de\/wp-json\/wp\/v2\/comments?post=3565"}],"version-history":[{"count":44,"href":"https:\/\/uel.lu\/de\/wp-json\/wp\/v2\/pages\/3565\/revisions"}],"predecessor-version":[{"id":25641,"href":"https:\/\/uel.lu\/de\/wp-json\/wp\/v2\/pages\/3565\/revisions\/25641"}],"wp:attachment":[{"href":"https:\/\/uel.lu\/de\/wp-json\/wp\/v2\/media?parent=3565"}],"curies":[{"name":"wp","href":"https:\/\/api.w.org\/{rel}","templated":true}]}}