{"id":3533,"date":"2019-07-04T09:43:25","date_gmt":"2019-07-04T09:43:25","guid":{"rendered":"http:\/\/uel.lu\/nachhaltige-entwicklung\/"},"modified":"2023-10-05T15:00:54","modified_gmt":"2023-10-05T13:00:54","slug":"nachhaltige-entwicklung","status":"publish","type":"page","link":"https:\/\/uel.lu\/de\/nachhaltige-entwicklung\/","title":{"rendered":"Nachhaltige Entwicklung"},"content":{"rendered":"[vc_row type=&#8220;full_width_background&#8220; full_screen_row_position=&#8220;middle&#8220; column_margin=&#8220;default&#8220; column_direction=&#8220;default&#8220; column_direction_tablet=&#8220;default&#8220; column_direction_phone=&#8220;default&#8220; bg_image=&#8220;887&#8243; bg_position=&#8220;left top&#8220; background_image_loading=&#8220;default&#8220; bg_repeat=&#8220;no-repeat&#8220; scene_position=&#8220;center&#8220; top_padding=&#8220;15%&#8220; bottom_padding=&#8220;7%&#8220; text_color=&#8220;light&#8220; text_align=&#8220;right&#8220; row_border_radius=&#8220;none&#8220; row_border_radius_applies=&#8220;bg&#8220; overflow=&#8220;visible&#8220; class=&#8220;row-bg-overlay&#8220; enable_gradient=&#8220;true&#8220; color_overlay=&#8220;#000000&#8243; overlay_strength=&#8220;0.95&#8243; gradient_direction=&#8220;top_to_bottom&#8220; shape_divider_position=&#8220;bottom&#8220; bg_image_animation=&#8220;none&#8220; shape_type=&#8220;&#8220;][vc_column column_padding=&#8220;no-extra-padding&#8220; column_padding_tablet=&#8220;inherit&#8220; column_padding_phone=&#8220;inherit&#8220; column_padding_position=&#8220;all&#8220; column_element_direction_desktop=&#8220;default&#8220; column_element_spacing=&#8220;default&#8220; desktop_text_alignment=&#8220;default&#8220; tablet_text_alignment=&#8220;default&#8220; phone_text_alignment=&#8220;default&#8220; background_color_opacity=&#8220;1&#8243; background_hover_color_opacity=&#8220;1&#8243; column_backdrop_filter=&#8220;none&#8220; column_shadow=&#8220;none&#8220; column_border_radius=&#8220;none&#8220; column_link_target=&#8220;_self&#8220; column_position=&#8220;default&#8220; gradient_direction=&#8220;left_to_right&#8220; overlay_strength=&#8220;0.3&#8243; width=&#8220;2\/3&#8243; tablet_width_inherit=&#8220;default&#8220; animation_type=&#8220;default&#8220; bg_image_animation=&#8220;none&#8220; border_type=&#8220;simple&#8220; column_border_width=&#8220;none&#8220; column_border_style=&#8220;solid&#8220;][vc_custom_heading source=&#8220;post_title&#8220; use_theme_fonts=&#8220;yes&#8220;][divider line_type=&#8220;No Line&#8220; custom_height=&#8220;20&#8243;][vc_column_text]\n<p style=\"text-align: left;\">Die Vereinten Nationen definieren nachhaltige Entwicklung als die F\u00e4higkeit heutiger Generationen, ihre Bed\u00fcrfnisse zu befriedigen und gleichzeitig zuk\u00fcnftigen Generationen die M\u00f6glichkeit zu geben, ihre Bed\u00fcrfnisse zu befriedigen. Nachhaltige Entwicklung erfordert einen globalen Ansatz, der darauf abzielt, wirtschaftliche, soziale und \u00f6kologische Strategien zusammenzubringen. Dieser ganzheitliche Ansatz umfasst alle Akteure, die sich zu den Zielen einer nachhaltigen Entwicklung bekennen,\u00a0also die politischen Entscheidungstr\u00e4ger, die Verantwortlichen in der Wirtschaft sowie die Arbeitnehmer und ihre Vertreter.<\/p>\n[\/vc_column_text][\/vc_column][vc_column column_padding=&#8220;no-extra-padding&#8220; column_padding_tablet=&#8220;inherit&#8220; column_padding_phone=&#8220;inherit&#8220; column_padding_position=&#8220;all&#8220; column_element_direction_desktop=&#8220;default&#8220; column_element_spacing=&#8220;default&#8220; desktop_text_alignment=&#8220;default&#8220; tablet_text_alignment=&#8220;default&#8220; phone_text_alignment=&#8220;default&#8220; background_color_opacity=&#8220;1&#8243; background_hover_color_opacity=&#8220;1&#8243; column_backdrop_filter=&#8220;none&#8220; column_shadow=&#8220;none&#8220; column_border_radius=&#8220;none&#8220; column_link_target=&#8220;_self&#8220; column_position=&#8220;default&#8220; gradient_direction=&#8220;left_to_right&#8220; overlay_strength=&#8220;0.3&#8243; width=&#8220;1\/3&#8243; tablet_width_inherit=&#8220;default&#8220; animation_type=&#8220;default&#8220; bg_image_animation=&#8220;none&#8220; border_type=&#8220;simple&#8220; column_border_width=&#8220;none&#8220; column_border_style=&#8220;solid&#8220;][\/vc_column][\/vc_row][vc_row type=&#8220;in_container&#8220; full_screen_row_position=&#8220;middle&#8220; column_margin=&#8220;default&#8220; column_direction=&#8220;default&#8220; column_direction_tablet=&#8220;default&#8220; column_direction_phone=&#8220;default&#8220; scene_position=&#8220;center&#8220; top_padding=&#8220;5%&#8220; bottom_padding=&#8220;5%&#8220; text_color=&#8220;dark&#8220; text_align=&#8220;left&#8220; row_border_radius=&#8220;none&#8220; row_border_radius_applies=&#8220;bg&#8220; overflow=&#8220;visible&#8220; overlay_strength=&#8220;0.3&#8243; gradient_direction=&#8220;left_to_right&#8220; shape_divider_position=&#8220;bottom&#8220; bg_image_animation=&#8220;none&#8220; shape_type=&#8220;&#8220;][vc_column column_padding=&#8220;no-extra-padding&#8220; column_padding_tablet=&#8220;inherit&#8220; column_padding_phone=&#8220;inherit&#8220; column_padding_position=&#8220;all&#8220; column_element_direction_desktop=&#8220;default&#8220; column_element_spacing=&#8220;default&#8220; desktop_text_alignment=&#8220;default&#8220; tablet_text_alignment=&#8220;default&#8220; phone_text_alignment=&#8220;default&#8220; background_color_opacity=&#8220;1&#8243; background_hover_color_opacity=&#8220;1&#8243; column_backdrop_filter=&#8220;none&#8220; column_shadow=&#8220;none&#8220; column_border_radius=&#8220;none&#8220; column_link_target=&#8220;_self&#8220; column_position=&#8220;default&#8220; gradient_direction=&#8220;left_to_right&#8220; overlay_strength=&#8220;0.3&#8243; width=&#8220;2\/3&#8243; tablet_width_inherit=&#8220;default&#8220; animation_type=&#8220;default&#8220; bg_image_animation=&#8220;none&#8220; border_type=&#8220;simple&#8220; column_border_width=&#8220;none&#8220; column_border_style=&#8220;solid&#8220;][vc_column_text]Die UEL ist der Meinung, dass diese Strategie insbesondere auf die T\u00e4tigkeitsbereiche der Unternehmen \u00fcbertragen werden muss, zum Beispiel auf die Unfallverh\u00fctung, den Schutz der Gesundheit und Sicherheit der Arbeitnehmer, die berufliche Weiterbildung, die Produktionsmethoden, das Abfallmanagement und die Beziehungen des Unternehmens zu seinen Lieferanten und Kunden.<\/p>\n<p>Anstatt einem gesetzlichen Rahmen zu folgen, bevorzugt die UEL den Weg der ausgehandelten Verpflichtungen, indem sie gemeinsam mit den Unternehmen oder T\u00e4tigkeitsbereichen die zu erreichenden Ziele festlegt und die entsprechenden Kontrollmittel einrichtet. In diesem Sinne hat die UEL am 31. Oktober 2003 eine Charta zur nachhaltigen Entwicklung unterzeichnet, deren Ziel es ist, eine Logik der sozialen Verantwortung unter den luxemburgischen Unternehmen zu f\u00f6rdern. Die Charta ber\u00fccksichtigt wirtschaftliche, soziale, \u00f6kologische und gesellschaftliche Aspekte.<\/p>\n<p>Um ihr Engagement f\u00fcr die F\u00f6rderung der sozialen Verantwortung von Unternehmen zu unterstreichen, hat die UEL am 6. Juli 2007 das Nationale Institut f\u00fcr nachhaltige Entwicklung und soziale Verantwortung von Unternehmen (<a href=\"https:\/\/indr.lu\" target=\"_blank\" rel=\"noopener noreferrer\">INDR<\/a>) gegr\u00fcndet und ist selbst\u00a0zum dritten Mal in Folge seit dem 10. Oktober 2014 mit dem <a href=\"https:\/\/www.esr.lu\" target=\"_blank\" rel=\"noopener noreferrer\">Label ESR &#8211; ENTREPRISE RESPONSABLE<\/a> ausgezeichnet worden.<\/p>\n[\/vc_column_text][vc_custom_heading text=&#8220;Dokumente&#8220; font_container=&#8220;tag:h3|text_align:left&#8220; use_theme_fonts=&#8220;yes&#8220;][vc_column_text]\n<ul>\n<li><a href=\"http:\/\/uel.lu\/wp-content\/uploads\/2019\/06\/declaration.pdf\" target=\"_blank\" rel=\"noopener noreferrer\">D\u00e9claration relative \u00e0 la promotion de la s\u00e9curit\u00e9, de la sant\u00e9 et du bien-\u00eatre des travailleurs<\/a>\u00a0<em>&#8211; 20. November 2003<\/em><\/li>\n<li><a href=\"http:\/\/uel.lu\/wp-content\/uploads\/2019\/06\/Charte-1.pdf\" target=\"_blank\" rel=\"noopener noreferrer\">Charte de l\u2019UEL portant sur le d\u00e9veloppement durable<\/a>\u00a0<em>&#8211; 31. Oktober 2003<\/em><\/li>\n<li><a href=\"http:\/\/uel.lu\/wp-content\/uploads\/2019\/06\/charte_note_annexe.pdf\" target=\"_blank\" rel=\"noopener noreferrer\">Compl\u00e9ment de la charte UEL sur le d\u00e9veloppement durable<\/a>\u00a0<em>&#8211; 31. Oktober 2003<\/em><\/li>\n<\/ul>\n[\/vc_column_text][\/vc_column][vc_column column_padding=&#8220;no-extra-padding&#8220; column_padding_tablet=&#8220;inherit&#8220; column_padding_phone=&#8220;inherit&#8220; column_padding_position=&#8220;all&#8220; column_element_direction_desktop=&#8220;default&#8220; column_element_spacing=&#8220;default&#8220; desktop_text_alignment=&#8220;default&#8220; tablet_text_alignment=&#8220;default&#8220; phone_text_alignment=&#8220;default&#8220; background_color_opacity=&#8220;1&#8243; background_hover_color_opacity=&#8220;1&#8243; column_backdrop_filter=&#8220;none&#8220; column_shadow=&#8220;none&#8220; column_border_radius=&#8220;none&#8220; column_link_target=&#8220;_self&#8220; column_position=&#8220;default&#8220; gradient_direction=&#8220;left_to_right&#8220; overlay_strength=&#8220;0.3&#8243; width=&#8220;1\/3&#8243; tablet_width_inherit=&#8220;default&#8220; animation_type=&#8220;default&#8220; bg_image_animation=&#8220;none&#8220; border_type=&#8220;simple&#8220; column_border_width=&#8220;none&#8220; column_border_style=&#8220;solid&#8220;][\/vc_column][\/vc_row]\n","protected":false},"excerpt":{"rendered":"<p>[vc_row type=&#8220;full_width_background&#8220; full_screen_row_position=&#8220;middle&#8220; column_margin=&#8220;default&#8220; column_direction=&#8220;default&#8220; column_direction_tablet=&#8220;default&#8220; column_direction_phone=&#8220;default&#8220; bg_image=&#8220;887&#8243; bg_position=&#8220;left top&#8220; background_image_loading=&#8220;default&#8220; bg_repeat=&#8220;no-repeat&#8220; scene_position=&#8220;center&#8220; top_padding=&#8220;15%&#8220; bottom_padding=&#8220;7%&#8220; text_color=&#8220;light&#8220; text_align=&#8220;right&#8220; row_border_radius=&#8220;none&#8220; row_border_radius_applies=&#8220;bg&#8220; overflow=&#8220;visible&#8220; class=&#8220;row-bg-overlay&#8220; enable_gradient=&#8220;true&#8220; color_overlay=&#8220;#000000&#8243; overlay_strength=&#8220;0.95&#8243; gradient_direction=&#8220;top_to_bottom&#8220; shape_divider_position=&#8220;bottom&#8220; bg_image_animation=&#8220;none&#8220; shape_type=&#8220;&#8220;][vc_column column_padding=&#8220;no-extra-padding&#8220; column_padding_tablet=&#8220;inherit&#8220;&#8230;<\/p>\n","protected":false},"author":7,"featured_media":0,"parent":0,"menu_order":0,"comment_status":"closed","ping_status":"closed","template":"","meta":{"_acf_changed":false,"inline_featured_image":false,"footnotes":""},"class_list":["post-3533","page","type-page","status-publish"],"acf":[],"yoast_head":"<!-- This site is optimized with the Yoast SEO plugin v26.8 - https:\/\/yoast.com\/product\/yoast-seo-wordpress\/ -->\n<title>Nachhaltige Entwicklung - UEL<\/title>\n<meta name=\"robots\" content=\"index, follow, max-snippet:-1, max-image-preview:large, max-video-preview:-1\" \/>\n<link rel=\"canonical\" href=\"https:\/\/uel.lu\/de\/nachhaltige-entwicklung\/\" \/>\n<meta property=\"og:locale\" content=\"de_DE\" \/>\n<meta property=\"og:type\" content=\"article\" \/>\n<meta property=\"og:title\" content=\"Nachhaltige Entwicklung - UEL\" \/>\n<meta property=\"og:description\" content=\"[vc_row type=&#8220;full_width_background&#8220; full_screen_row_position=&#8220;middle&#8220; column_margin=&#8220;default&#8220; column_direction=&#8220;default&#8220; column_direction_tablet=&#8220;default&#8220; column_direction_phone=&#8220;default&#8220; bg_image=&#8220;887&#8243; bg_position=&#8220;left top&#8220; background_image_loading=&#8220;default&#8220; bg_repeat=&#8220;no-repeat&#8220; scene_position=&#8220;center&#8220; top_padding=&#8220;15%&#8220; bottom_padding=&#8220;7%&#8220; text_color=&#8220;light&#8220; text_align=&#8220;right&#8220; row_border_radius=&#8220;none&#8220; row_border_radius_applies=&#8220;bg&#8220; overflow=&#8220;visible&#8220; class=&#8220;row-bg-overlay&#8220; enable_gradient=&#8220;true&#8220; color_overlay=&#8220;#000000&#8243; overlay_strength=&#8220;0.95&#8243; gradient_direction=&#8220;top_to_bottom&#8220; shape_divider_position=&#8220;bottom&#8220; bg_image_animation=&#8220;none&#8220; shape_type=&#8220;&#8220;][vc_column column_padding=&#8220;no-extra-padding&#8220; column_padding_tablet=&#8220;inherit&#8220;...\" \/>\n<meta property=\"og:url\" content=\"https:\/\/uel.lu\/de\/nachhaltige-entwicklung\/\" \/>\n<meta property=\"og:site_name\" content=\"UEL\" \/>\n<meta property=\"article:modified_time\" content=\"2023-10-05T13:00:54+00:00\" \/>\n<meta name=\"twitter:card\" content=\"summary_large_image\" \/>\n<meta name=\"twitter:site\" content=\"@uel_lu\" \/>\n<meta name=\"twitter:label1\" content=\"Gesch\u00e4tzte Lesezeit\" \/>\n\t<meta name=\"twitter:data1\" content=\"5\u00a0Minuten\" \/>\n<script type=\"application\/ld+json\" class=\"yoast-schema-graph\">{\"@context\":\"https:\/\/schema.org\",\"@graph\":[{\"@type\":\"WebPage\",\"@id\":\"https:\/\/uel.lu\/de\/nachhaltige-entwicklung\/\",\"url\":\"https:\/\/uel.lu\/de\/nachhaltige-entwicklung\/\",\"name\":\"Nachhaltige Entwicklung - UEL\",\"isPartOf\":{\"@id\":\"https:\/\/uel.lu\/de\/#website\"},\"datePublished\":\"2019-07-04T09:43:25+00:00\",\"dateModified\":\"2023-10-05T13:00:54+00:00\",\"breadcrumb\":{\"@id\":\"https:\/\/uel.lu\/de\/nachhaltige-entwicklung\/#breadcrumb\"},\"inLanguage\":\"de\",\"potentialAction\":[{\"@type\":\"ReadAction\",\"target\":[\"https:\/\/uel.lu\/de\/nachhaltige-entwicklung\/\"]}]},{\"@type\":\"BreadcrumbList\",\"@id\":\"https:\/\/uel.lu\/de\/nachhaltige-entwicklung\/#breadcrumb\",\"itemListElement\":[{\"@type\":\"ListItem\",\"position\":1,\"name\":\"Startseite\",\"item\":\"https:\/\/uel.lu\/de\/\"},{\"@type\":\"ListItem\",\"position\":2,\"name\":\"Nachhaltige Entwicklung\"}]},{\"@type\":\"WebSite\",\"@id\":\"https:\/\/uel.lu\/de\/#website\",\"url\":\"https:\/\/uel.lu\/de\/\",\"name\":\"Union des Entreprises Luxembourgeoises\",\"description\":\"Union des Entreprises Luxembourgeoises\",\"publisher\":{\"@id\":\"https:\/\/uel.lu\/de\/#organization\"},\"alternateName\":\"UEL\",\"potentialAction\":[{\"@type\":\"SearchAction\",\"target\":{\"@type\":\"EntryPoint\",\"urlTemplate\":\"https:\/\/uel.lu\/de\/?s={search_term_string}\"},\"query-input\":{\"@type\":\"PropertyValueSpecification\",\"valueRequired\":true,\"valueName\":\"search_term_string\"}}],\"inLanguage\":\"de\"},{\"@type\":\"Organization\",\"@id\":\"https:\/\/uel.lu\/de\/#organization\",\"name\":\"Union des Entreprises Luxembourgeoises\",\"alternateName\":\"UEL\",\"url\":\"https:\/\/uel.lu\/de\/\",\"logo\":{\"@type\":\"ImageObject\",\"inLanguage\":\"de\",\"@id\":\"https:\/\/uel.lu\/de\/#\/schema\/logo\/image\/\",\"url\":\"https:\/\/www.uel.lu\/wp-content\/uploads\/2019\/07\/uel_logo_.png\",\"contentUrl\":\"https:\/\/www.uel.lu\/wp-content\/uploads\/2019\/07\/uel_logo_.png\",\"width\":150,\"height\":118,\"caption\":\"Union des Entreprises Luxembourgeoises\"},\"image\":{\"@id\":\"https:\/\/uel.lu\/de\/#\/schema\/logo\/image\/\"},\"sameAs\":[\"https:\/\/x.com\/uel_lu\",\"https:\/\/www.linkedin.com\/company\/union-des-entreprises-luxembourgeoises---uel\/\"]}]}<\/script>\n<!-- \/ Yoast SEO plugin. -->","yoast_head_json":{"title":"Nachhaltige Entwicklung - UEL","robots":{"index":"index","follow":"follow","max-snippet":"max-snippet:-1","max-image-preview":"max-image-preview:large","max-video-preview":"max-video-preview:-1"},"canonical":"https:\/\/uel.lu\/de\/nachhaltige-entwicklung\/","og_locale":"de_DE","og_type":"article","og_title":"Nachhaltige Entwicklung - UEL","og_description":"[vc_row type=&#8220;full_width_background&#8220; full_screen_row_position=&#8220;middle&#8220; column_margin=&#8220;default&#8220; column_direction=&#8220;default&#8220; column_direction_tablet=&#8220;default&#8220; column_direction_phone=&#8220;default&#8220; bg_image=&#8220;887&#8243; bg_position=&#8220;left top&#8220; background_image_loading=&#8220;default&#8220; bg_repeat=&#8220;no-repeat&#8220; scene_position=&#8220;center&#8220; top_padding=&#8220;15%&#8220; bottom_padding=&#8220;7%&#8220; text_color=&#8220;light&#8220; text_align=&#8220;right&#8220; row_border_radius=&#8220;none&#8220; row_border_radius_applies=&#8220;bg&#8220; overflow=&#8220;visible&#8220; class=&#8220;row-bg-overlay&#8220; enable_gradient=&#8220;true&#8220; color_overlay=&#8220;#000000&#8243; overlay_strength=&#8220;0.95&#8243; gradient_direction=&#8220;top_to_bottom&#8220; shape_divider_position=&#8220;bottom&#8220; bg_image_animation=&#8220;none&#8220; shape_type=&#8220;&#8220;][vc_column column_padding=&#8220;no-extra-padding&#8220; column_padding_tablet=&#8220;inherit&#8220;...","og_url":"https:\/\/uel.lu\/de\/nachhaltige-entwicklung\/","og_site_name":"UEL","article_modified_time":"2023-10-05T13:00:54+00:00","twitter_card":"summary_large_image","twitter_site":"@uel_lu","twitter_misc":{"Gesch\u00e4tzte Lesezeit":"5\u00a0Minuten"},"schema":{"@context":"https:\/\/schema.org","@graph":[{"@type":"WebPage","@id":"https:\/\/uel.lu\/de\/nachhaltige-entwicklung\/","url":"https:\/\/uel.lu\/de\/nachhaltige-entwicklung\/","name":"Nachhaltige Entwicklung - UEL","isPartOf":{"@id":"https:\/\/uel.lu\/de\/#website"},"datePublished":"2019-07-04T09:43:25+00:00","dateModified":"2023-10-05T13:00:54+00:00","breadcrumb":{"@id":"https:\/\/uel.lu\/de\/nachhaltige-entwicklung\/#breadcrumb"},"inLanguage":"de","potentialAction":[{"@type":"ReadAction","target":["https:\/\/uel.lu\/de\/nachhaltige-entwicklung\/"]}]},{"@type":"BreadcrumbList","@id":"https:\/\/uel.lu\/de\/nachhaltige-entwicklung\/#breadcrumb","itemListElement":[{"@type":"ListItem","position":1,"name":"Startseite","item":"https:\/\/uel.lu\/de\/"},{"@type":"ListItem","position":2,"name":"Nachhaltige Entwicklung"}]},{"@type":"WebSite","@id":"https:\/\/uel.lu\/de\/#website","url":"https:\/\/uel.lu\/de\/","name":"Union des Entreprises Luxembourgeoises","description":"Union des Entreprises Luxembourgeoises","publisher":{"@id":"https:\/\/uel.lu\/de\/#organization"},"alternateName":"UEL","potentialAction":[{"@type":"SearchAction","target":{"@type":"EntryPoint","urlTemplate":"https:\/\/uel.lu\/de\/?s={search_term_string}"},"query-input":{"@type":"PropertyValueSpecification","valueRequired":true,"valueName":"search_term_string"}}],"inLanguage":"de"},{"@type":"Organization","@id":"https:\/\/uel.lu\/de\/#organization","name":"Union des Entreprises Luxembourgeoises","alternateName":"UEL","url":"https:\/\/uel.lu\/de\/","logo":{"@type":"ImageObject","inLanguage":"de","@id":"https:\/\/uel.lu\/de\/#\/schema\/logo\/image\/","url":"https:\/\/www.uel.lu\/wp-content\/uploads\/2019\/07\/uel_logo_.png","contentUrl":"https:\/\/www.uel.lu\/wp-content\/uploads\/2019\/07\/uel_logo_.png","width":150,"height":118,"caption":"Union des Entreprises Luxembourgeoises"},"image":{"@id":"https:\/\/uel.lu\/de\/#\/schema\/logo\/image\/"},"sameAs":["https:\/\/x.com\/uel_lu","https:\/\/www.linkedin.com\/company\/union-des-entreprises-luxembourgeoises---uel\/"]}]}},"_links":{"self":[{"href":"https:\/\/uel.lu\/de\/wp-json\/wp\/v2\/pages\/3533","targetHints":{"allow":["GET"]}}],"collection":[{"href":"https:\/\/uel.lu\/de\/wp-json\/wp\/v2\/pages"}],"about":[{"href":"https:\/\/uel.lu\/de\/wp-json\/wp\/v2\/types\/page"}],"author":[{"embeddable":true,"href":"https:\/\/uel.lu\/de\/wp-json\/wp\/v2\/users\/7"}],"replies":[{"embeddable":true,"href":"https:\/\/uel.lu\/de\/wp-json\/wp\/v2\/comments?post=3533"}],"version-history":[{"count":7,"href":"https:\/\/uel.lu\/de\/wp-json\/wp\/v2\/pages\/3533\/revisions"}],"predecessor-version":[{"id":5266,"href":"https:\/\/uel.lu\/de\/wp-json\/wp\/v2\/pages\/3533\/revisions\/5266"}],"wp:attachment":[{"href":"https:\/\/uel.lu\/de\/wp-json\/wp\/v2\/media?parent=3533"}],"curies":[{"name":"wp","href":"https:\/\/api.w.org\/{rel}","templated":true}]}}