{"id":3521,"date":"2019-07-04T09:37:10","date_gmt":"2019-07-04T09:37:10","guid":{"rendered":"http:\/\/uel.lu\/europaische-dossiers\/"},"modified":"2022-05-13T15:52:52","modified_gmt":"2022-05-13T13:52:52","slug":"europaische-dossiers","status":"publish","type":"page","link":"https:\/\/uel.lu\/de\/europaische-dossiers\/","title":{"rendered":"Europ\u00e4ische Dossiers"},"content":{"rendered":"[vc_row type=&#8220;full_width_background&#8220; full_screen_row_position=&#8220;middle&#8220; column_margin=&#8220;default&#8220; column_direction=&#8220;default&#8220; column_direction_tablet=&#8220;default&#8220; column_direction_phone=&#8220;default&#8220; bg_image=&#8220;3042&#8243; bg_position=&#8220;left top&#8220; background_image_loading=&#8220;default&#8220; bg_repeat=&#8220;no-repeat&#8220; scene_position=&#8220;center&#8220; top_padding=&#8220;5%&#8220; bottom_padding=&#8220;7%&#8220; text_color=&#8220;light&#8220; text_align=&#8220;left&#8220; row_border_radius=&#8220;none&#8220; row_border_radius_applies=&#8220;bg&#8220; overflow=&#8220;visible&#8220; enable_gradient=&#8220;true&#8220; color_overlay=&#8220;#000000&#8243; color_overlay_2=&#8220;#444444&#8243; advanced_gradient_angle=&#8220;0&#8243; overlay_strength=&#8220;0.8&#8243; gradient_direction=&#8220;top_to_bottom&#8220; shape_divider_position=&#8220;bottom&#8220; bg_image_animation=&#8220;none&#8220; shape_type=&#8220;&#8220; gradient_type=&#8220;default&#8220;][vc_column column_padding=&#8220;no-extra-padding&#8220; column_padding_tablet=&#8220;inherit&#8220; column_padding_phone=&#8220;inherit&#8220; column_padding_position=&#8220;all&#8220; column_element_spacing=&#8220;default&#8220; background_color_opacity=&#8220;1&#8243; background_hover_color_opacity=&#8220;1&#8243; column_shadow=&#8220;none&#8220; column_border_radius=&#8220;none&#8220; column_link_target=&#8220;_self&#8220; column_position=&#8220;default&#8220; gradient_direction=&#8220;left_to_right&#8220; overlay_strength=&#8220;0.3&#8243; width=&#8220;2\/3&#8243; tablet_width_inherit=&#8220;default&#8220; tablet_text_alignment=&#8220;default&#8220; phone_text_alignment=&#8220;default&#8220; animation_type=&#8220;default&#8220; bg_image_animation=&#8220;none&#8220; border_type=&#8220;simple&#8220; column_border_width=&#8220;none&#8220; column_border_style=&#8220;solid&#8220;][vc_custom_heading source=&#8220;post_title&#8220; use_theme_fonts=&#8220;yes&#8220;][divider line_type=&#8220;No Line&#8220; custom_height=&#8220;20&#8243;][vc_column_text]L\u2019UEL a \u00e9galement comme vocation de servir d\u2019organe de concertation concernant les th\u00e8mes qui sont trait\u00e9s au niveau europ\u00e9en. Elle assure une veille de la l\u00e9gislation europ\u00e9enne et fait partie du r\u00e9seau des organisations consult\u00e9es par la Chambre des d\u00e9put\u00e9s dans le cadre de l\u2019ex\u00e9cution de ses pr\u00e9rogatives en mati\u00e8re du respect du principe de subsidiarit\u00e9 de la l\u00e9gislation europ\u00e9enne.[\/vc_column_text][\/vc_column][vc_column column_padding=&#8220;no-extra-padding&#8220; column_padding_tablet=&#8220;inherit&#8220; column_padding_phone=&#8220;inherit&#8220; column_padding_position=&#8220;all&#8220; column_element_spacing=&#8220;default&#8220; background_color_opacity=&#8220;1&#8243; background_hover_color_opacity=&#8220;1&#8243; column_shadow=&#8220;none&#8220; column_border_radius=&#8220;none&#8220; column_link_target=&#8220;_self&#8220; column_position=&#8220;default&#8220; gradient_direction=&#8220;left_to_right&#8220; overlay_strength=&#8220;0.3&#8243; width=&#8220;1\/3&#8243; tablet_width_inherit=&#8220;default&#8220; tablet_text_alignment=&#8220;default&#8220; phone_text_alignment=&#8220;default&#8220; animation_type=&#8220;default&#8220; bg_image_animation=&#8220;none&#8220; border_type=&#8220;simple&#8220; column_border_width=&#8220;none&#8220; column_border_style=&#8220;solid&#8220;][\/vc_column][\/vc_row][vc_row type=&#8220;in_container&#8220; full_screen_row_position=&#8220;middle&#8220; column_margin=&#8220;default&#8220; column_direction=&#8220;default&#8220; column_direction_tablet=&#8220;default&#8220; column_direction_phone=&#8220;default&#8220; scene_position=&#8220;center&#8220; top_padding=&#8220;5%&#8220; bottom_padding=&#8220;5%&#8220; text_color=&#8220;dark&#8220; text_align=&#8220;left&#8220; row_border_radius=&#8220;none&#8220; row_border_radius_applies=&#8220;bg&#8220; overflow=&#8220;visible&#8220; overlay_strength=&#8220;0.3&#8243; gradient_direction=&#8220;left_to_right&#8220; shape_divider_position=&#8220;bottom&#8220; bg_image_animation=&#8220;none&#8220; shape_type=&#8220;&#8220;][vc_column column_padding=&#8220;no-extra-padding&#8220; column_padding_tablet=&#8220;inherit&#8220; column_padding_phone=&#8220;inherit&#8220; column_padding_position=&#8220;all&#8220; column_element_spacing=&#8220;default&#8220; background_color_opacity=&#8220;1&#8243; background_hover_color_opacity=&#8220;1&#8243; column_shadow=&#8220;none&#8220; column_border_radius=&#8220;none&#8220; column_link_target=&#8220;_self&#8220; column_position=&#8220;default&#8220; gradient_direction=&#8220;left_to_right&#8220; overlay_strength=&#8220;0.3&#8243; width=&#8220;1\/1&#8243; tablet_width_inherit=&#8220;default&#8220; tablet_text_alignment=&#8220;default&#8220; phone_text_alignment=&#8220;default&#8220; animation_type=&#8220;default&#8220; bg_image_animation=&#8220;none&#8220; border_type=&#8220;simple&#8220; column_border_width=&#8220;none&#8220; column_border_style=&#8220;solid&#8220;][vc_column_text]D\u2019une fa\u00e7on g\u00e9n\u00e9rale l\u2019UEL, de concert avec ses organisations membres, repr\u00e9sente les entreprises luxembourgeoises tant aupr\u00e8s des diff\u00e9rentes institutions europ\u00e9ennes qu\u2019aupr\u00e8s des repr\u00e9sentants du monde politique et de l\u2019administration gouvernementale en charge des affaires europ\u00e9ennes.[\/vc_column_text][vc_custom_heading text=&#8220;Documents&#8220; font_container=&#8220;tag:h3|text_align:left&#8220; use_theme_fonts=&#8220;yes&#8220;][vc_column_text]\n<ul>\n<li><a href=\"http:\/\/uel.lu\/wp-content\/uploads\/2019\/06\/Prop_dv-Equilibre_vie_privee-vie_professionnelle-Position_UEL_17-07-18.pdf\" target=\"_blank\" rel=\"noopener noreferrer\">Position de l&#8217;UEL sur la proposition de directive concernant l&#8217;\u00e9quilibre entre vie professionnelle et vie priv\u00e9e des parents et aidants<\/a>\u00a0&#8211;\u00a0<em>18 juillet 2017<\/em><\/li>\n<li><a href=\"http:\/\/uel.lu\/wp-content\/uploads\/2019\/06\/Carte_bleue-Position_UEL_17-02-13.pdf\" target=\"_blank\" rel=\"noopener noreferrer\">Position de l&#8217;UEL sur la proposition de directive e\u0301tablissant les conditions d\u2019entre\u0301e et de se\u0301jour des ressortissants de pays tiers aux fins d\u2019un emploi ne\u0301cessitant des compe\u0301tences e\u0301leve\u0301es\u00a0<\/a>&#8211;\u00a013 f\u00e9vrier 2017<\/li>\n<li><a href=\"http:\/\/uel.lu\/wp-content\/uploads\/2019\/06\/Socle_des_droits_sociaux-Position_UEL_16-12-22.pdf\" target=\"_blank\" rel=\"noopener noreferrer\">Consultation sur un socle europ\u00e9en des droits sociaux<\/a>\u00a0&#8211;\u00a0<em>22 d\u00e9cembre 2016<\/em><\/li>\n<li><a href=\"http:\/\/uel.lu\/wp-content\/uploads\/2019\/06\/Prop_dv-Prop_Reglt-Position_UEL_16-04-18-1.pdf\" target=\"_blank\" rel=\"noopener noreferrer\">Position de l&#8217;UEL sur les propositions de directive\/r\u00e8glement concernant la vente en ligne et la fourniture de contenu num\u00e9rique<\/a>\u00a0&#8211;\u00a0<em>18 avril 2016<\/em><\/li>\n<li><a href=\"http:\/\/uel.lu\/wp-content\/uploads\/2019\/06\/Marche_interieur-Digital-Position_UEL_15-10-05.pdf\" target=\"_blank\" rel=\"noopener noreferrer\">Contribution aux r\u00e9flexions et strat\u00e9gies sur le march\u00e9 int\u00e9rieur et le march\u00e9 int\u00e9rieur num\u00e9rique<\/a>\u00a0&#8211;\u00a0<em>9 octobre 2015<\/em><\/li>\n<li><a href=\"http:\/\/uel.lu\/wp-content\/uploads\/2019\/06\/Droit_des_contrats-Consultation-Contenu_numerique-Reponse_UEL_15-09-03.pdf\" target=\"_blank\" rel=\"noopener noreferrer\">Consultation relative aux r\u00e8gles applicables aux achats en ligne de contenus num\u00e9riques et de biens mat\u00e9riels<\/a>\u00a0&#8211;\u00a0<em>3 septembre 2015<\/em><\/li>\n<li><a href=\"http:\/\/uel.lu\/wp-content\/uploads\/2019\/06\/Consultation-Dv_Temps_travail-Revision-Avis_UEL_15-03-11.pdf\" target=\"_blank\" rel=\"noopener noreferrer\">Consultation relative \u00e0 la r\u00e9vision de la directive sur le temps de travail<\/a>\u00a0&#8211;\u00a0<em>11 mars 2015<\/em><\/li>\n<li><a href=\"http:\/\/uel.lu\/wp-content\/uploads\/2019\/06\/Consultation-SBA-Avis_UEL_14-12-15.pdf\" target=\"_blank\" rel=\"noopener noreferrer\">Consultation publique sur le &#8222;Small Business Act&#8220;<\/a>\u00a0&#8211;\u00a0<em>15 d\u00e9cembre 2014<\/em><\/li>\n<li><a href=\"http:\/\/uel.lu\/wp-content\/uploads\/2019\/06\/Europe_2020-Consultation-Reponses_14-10-29.pdf\" target=\"_blank\" rel=\"noopener noreferrer\">Consultation publique de la Commission europ\u00e9enne relative \u00e0 la strat\u00e9gie Europe 2020<\/a>\u00a0&#8211;\u00a0<em>29 octobre 2014<\/em><\/li>\n<li><a href=\"http:\/\/uel.lu\/wp-content\/uploads\/2019\/06\/Entraves_MI-Consultation-Avis_UEL_14-11-12.pptx.pdf\" target=\"_blank\" rel=\"noopener noreferrer\">Remaining barriers to the Internal Market<\/a>\u00a0&#8211; 28<em>\u00a0octobre 2014<\/em><\/li>\n<li><a href=\"http:\/\/uel.lu\/wp-content\/uploads\/2019\/06\/Consultation-Analyse_dimpact-Avis_UEL_14-09-29.pdf\" target=\"_blank\" rel=\"noopener noreferrer\">Consultation publique sur la r\u00e9vision des lignes directrices de la Commission europ\u00e9enne concernant l&#8217;analyse d&#8217;impact<\/a>\u00a0(version\u00a0<a href=\"https:\/\/www.uel.lu\/images\/stories\/Documents_public\/Consultation-Consultations-Avis_UEL_14-09-29.pdf\" target=\"_blank\" rel=\"noopener noreferrer\">EN<\/a>) &#8211;\u00a0<em>29 septembre 2014<\/em><\/li>\n<li><a href=\"http:\/\/uel.lu\/wp-content\/uploads\/2019\/06\/Propdv-Exe\u0301cution-AvisUEL13-06-19.pdf\" target=\"_blank\" rel=\"noopener noreferrer\">Proposition de directive relative \u00e0 l&#8217;ex\u00e9cution de la directive 96\/71\/CE concernant le d\u00e9tachement de travailleurs effectu\u00e9 dans le cadre d\u2019une prestation de services<\/a>\u00a0&#8211;\u00a0<em>19 juin 2013<\/em><span class=\"texte\"><br \/>\n<\/span><\/li>\n<li><a href=\"http:\/\/uel.lu\/wp-content\/uploads\/2019\/06\/ADR-Propdv-re\u0300gl-AvisUEL12-03-15-1.pdf\" target=\"_blank\" rel=\"noopener noreferrer\">Position de l&#8217;UEL sur la proposition de directive relative au r\u00e8glement extrajudiciaire des litiges de consommation &#8211; la proposition de r\u00e8glement relatif au r\u00e8glement en ligne des litiges de consommation<\/a>\u00a0&#8211;\u00a0<em>15 mars 2012<\/em><\/li>\n<li><a href=\"http:\/\/uel.lu\/wp-content\/uploads\/2019\/06\/DCEV-Avis-UEL-12-02-16-1.pdf\" target=\"_blank\" rel=\"noopener noreferrer\">Droit commun europ\u00e9en de la vente<\/a>\u00a0&#8211;\u00a0<em>16 f\u00e9vrier 2012<\/em><\/li>\n<\/ul>\n[\/vc_column_text][vc_custom_heading text=&#8220;Mehr dar\u00fcber erfahren&#8220; font_container=&#8220;tag:h3|text_align:left&#8220; use_theme_fonts=&#8220;yes&#8220;][vc_column_text]\n<ul>\n<li><a href=\"http:\/\/europa.eu\/\" target=\"_blank\" rel=\"noopener noreferrer\">europa.eu<\/a><\/li>\n<li><a href=\"http:\/\/www.europaforum.public.lu\/fr\/index.html\" target=\"_blank\" rel=\"noopener noreferrer\">europaforum Luxembourg<\/a><\/li>\n<li><a href=\"https:\/\/europa.eu\/youreurope\/business\/index_fr.htm\" target=\"_blank\" rel=\"noopener noreferrer\">Your Europe Business<\/a><\/li>\n<\/ul>\n[\/vc_column_text][\/vc_column][\/vc_row]\n","protected":false},"excerpt":{"rendered":"<p>[vc_row type=&#8220;full_width_background&#8220; full_screen_row_position=&#8220;middle&#8220; column_margin=&#8220;default&#8220; column_direction=&#8220;default&#8220; column_direction_tablet=&#8220;default&#8220; column_direction_phone=&#8220;default&#8220; bg_image=&#8220;3042&#8243; bg_position=&#8220;left top&#8220; background_image_loading=&#8220;default&#8220; bg_repeat=&#8220;no-repeat&#8220; scene_position=&#8220;center&#8220; top_padding=&#8220;5%&#8220; bottom_padding=&#8220;7%&#8220; text_color=&#8220;light&#8220; text_align=&#8220;left&#8220; row_border_radius=&#8220;none&#8220; row_border_radius_applies=&#8220;bg&#8220; overflow=&#8220;visible&#8220; enable_gradient=&#8220;true&#8220; color_overlay=&#8220;#000000&#8243; color_overlay_2=&#8220;#444444&#8243; advanced_gradient_angle=&#8220;0&#8243; overlay_strength=&#8220;0.8&#8243; gradient_direction=&#8220;top_to_bottom&#8220; shape_divider_position=&#8220;bottom&#8220; bg_image_animation=&#8220;none&#8220; shape_type=&#8220;&#8220; gradient_type=&#8220;default&#8220;][vc_column&#8230;<\/p>\n","protected":false},"author":7,"featured_media":0,"parent":0,"menu_order":0,"comment_status":"closed","ping_status":"closed","template":"","meta":{"_acf_changed":false,"inline_featured_image":false,"footnotes":""},"class_list":["post-3521","page","type-page","status-publish"],"acf":[],"yoast_head":"<!-- This site is optimized with the Yoast SEO plugin v26.8 - https:\/\/yoast.com\/product\/yoast-seo-wordpress\/ -->\n<title>Europ\u00e4ische Dossiers - UEL<\/title>\n<meta name=\"robots\" content=\"index, follow, max-snippet:-1, max-image-preview:large, max-video-preview:-1\" \/>\n<link rel=\"canonical\" href=\"https:\/\/uel.lu\/de\/europaische-dossiers\/\" \/>\n<meta property=\"og:locale\" content=\"de_DE\" \/>\n<meta property=\"og:type\" content=\"article\" \/>\n<meta property=\"og:title\" content=\"Europ\u00e4ische Dossiers - UEL\" \/>\n<meta property=\"og:description\" content=\"[vc_row type=&#8220;full_width_background&#8220; full_screen_row_position=&#8220;middle&#8220; column_margin=&#8220;default&#8220; column_direction=&#8220;default&#8220; column_direction_tablet=&#8220;default&#8220; column_direction_phone=&#8220;default&#8220; bg_image=&#8220;3042&#8243; bg_position=&#8220;left top&#8220; background_image_loading=&#8220;default&#8220; bg_repeat=&#8220;no-repeat&#8220; scene_position=&#8220;center&#8220; top_padding=&#8220;5%&#8220; bottom_padding=&#8220;7%&#8220; text_color=&#8220;light&#8220; text_align=&#8220;left&#8220; row_border_radius=&#8220;none&#8220; row_border_radius_applies=&#8220;bg&#8220; overflow=&#8220;visible&#8220; enable_gradient=&#8220;true&#8220; color_overlay=&#8220;#000000&#8243; color_overlay_2=&#8220;#444444&#8243; advanced_gradient_angle=&#8220;0&#8243; overlay_strength=&#8220;0.8&#8243; gradient_direction=&#8220;top_to_bottom&#8220; shape_divider_position=&#8220;bottom&#8220; bg_image_animation=&#8220;none&#8220; shape_type=&#8220;&#8220; gradient_type=&#8220;default&#8220;][vc_column...\" \/>\n<meta property=\"og:url\" content=\"https:\/\/uel.lu\/de\/europaische-dossiers\/\" \/>\n<meta property=\"og:site_name\" content=\"UEL\" \/>\n<meta property=\"article:modified_time\" content=\"2022-05-13T13:52:52+00:00\" \/>\n<meta name=\"twitter:card\" content=\"summary_large_image\" \/>\n<meta name=\"twitter:site\" content=\"@uel_lu\" \/>\n<meta name=\"twitter:label1\" content=\"Gesch\u00e4tzte Lesezeit\" \/>\n\t<meta name=\"twitter:data1\" content=\"4\u00a0Minuten\" \/>\n<script type=\"application\/ld+json\" class=\"yoast-schema-graph\">{\"@context\":\"https:\/\/schema.org\",\"@graph\":[{\"@type\":\"WebPage\",\"@id\":\"https:\/\/uel.lu\/de\/europaische-dossiers\/\",\"url\":\"https:\/\/uel.lu\/de\/europaische-dossiers\/\",\"name\":\"Europ\u00e4ische Dossiers - UEL\",\"isPartOf\":{\"@id\":\"https:\/\/uel.lu\/de\/#website\"},\"datePublished\":\"2019-07-04T09:37:10+00:00\",\"dateModified\":\"2022-05-13T13:52:52+00:00\",\"breadcrumb\":{\"@id\":\"https:\/\/uel.lu\/de\/europaische-dossiers\/#breadcrumb\"},\"inLanguage\":\"de\",\"potentialAction\":[{\"@type\":\"ReadAction\",\"target\":[\"https:\/\/uel.lu\/de\/europaische-dossiers\/\"]}]},{\"@type\":\"BreadcrumbList\",\"@id\":\"https:\/\/uel.lu\/de\/europaische-dossiers\/#breadcrumb\",\"itemListElement\":[{\"@type\":\"ListItem\",\"position\":1,\"name\":\"Startseite\",\"item\":\"https:\/\/uel.lu\/de\/\"},{\"@type\":\"ListItem\",\"position\":2,\"name\":\"Europ\u00e4ische Dossiers\"}]},{\"@type\":\"WebSite\",\"@id\":\"https:\/\/uel.lu\/de\/#website\",\"url\":\"https:\/\/uel.lu\/de\/\",\"name\":\"Union des Entreprises Luxembourgeoises\",\"description\":\"Union des Entreprises Luxembourgeoises\",\"publisher\":{\"@id\":\"https:\/\/uel.lu\/de\/#organization\"},\"alternateName\":\"UEL\",\"potentialAction\":[{\"@type\":\"SearchAction\",\"target\":{\"@type\":\"EntryPoint\",\"urlTemplate\":\"https:\/\/uel.lu\/de\/?s={search_term_string}\"},\"query-input\":{\"@type\":\"PropertyValueSpecification\",\"valueRequired\":true,\"valueName\":\"search_term_string\"}}],\"inLanguage\":\"de\"},{\"@type\":\"Organization\",\"@id\":\"https:\/\/uel.lu\/de\/#organization\",\"name\":\"Union des Entreprises Luxembourgeoises\",\"alternateName\":\"UEL\",\"url\":\"https:\/\/uel.lu\/de\/\",\"logo\":{\"@type\":\"ImageObject\",\"inLanguage\":\"de\",\"@id\":\"https:\/\/uel.lu\/de\/#\/schema\/logo\/image\/\",\"url\":\"https:\/\/www.uel.lu\/wp-content\/uploads\/2019\/07\/uel_logo_.png\",\"contentUrl\":\"https:\/\/www.uel.lu\/wp-content\/uploads\/2019\/07\/uel_logo_.png\",\"width\":150,\"height\":118,\"caption\":\"Union des Entreprises Luxembourgeoises\"},\"image\":{\"@id\":\"https:\/\/uel.lu\/de\/#\/schema\/logo\/image\/\"},\"sameAs\":[\"https:\/\/x.com\/uel_lu\",\"https:\/\/www.linkedin.com\/company\/union-des-entreprises-luxembourgeoises---uel\/\"]}]}<\/script>\n<!-- \/ Yoast SEO plugin. -->","yoast_head_json":{"title":"Europ\u00e4ische Dossiers - UEL","robots":{"index":"index","follow":"follow","max-snippet":"max-snippet:-1","max-image-preview":"max-image-preview:large","max-video-preview":"max-video-preview:-1"},"canonical":"https:\/\/uel.lu\/de\/europaische-dossiers\/","og_locale":"de_DE","og_type":"article","og_title":"Europ\u00e4ische Dossiers - UEL","og_description":"[vc_row type=&#8220;full_width_background&#8220; full_screen_row_position=&#8220;middle&#8220; column_margin=&#8220;default&#8220; column_direction=&#8220;default&#8220; column_direction_tablet=&#8220;default&#8220; column_direction_phone=&#8220;default&#8220; bg_image=&#8220;3042&#8243; bg_position=&#8220;left top&#8220; background_image_loading=&#8220;default&#8220; bg_repeat=&#8220;no-repeat&#8220; scene_position=&#8220;center&#8220; top_padding=&#8220;5%&#8220; bottom_padding=&#8220;7%&#8220; text_color=&#8220;light&#8220; text_align=&#8220;left&#8220; row_border_radius=&#8220;none&#8220; row_border_radius_applies=&#8220;bg&#8220; overflow=&#8220;visible&#8220; enable_gradient=&#8220;true&#8220; color_overlay=&#8220;#000000&#8243; color_overlay_2=&#8220;#444444&#8243; advanced_gradient_angle=&#8220;0&#8243; overlay_strength=&#8220;0.8&#8243; gradient_direction=&#8220;top_to_bottom&#8220; shape_divider_position=&#8220;bottom&#8220; bg_image_animation=&#8220;none&#8220; shape_type=&#8220;&#8220; gradient_type=&#8220;default&#8220;][vc_column...","og_url":"https:\/\/uel.lu\/de\/europaische-dossiers\/","og_site_name":"UEL","article_modified_time":"2022-05-13T13:52:52+00:00","twitter_card":"summary_large_image","twitter_site":"@uel_lu","twitter_misc":{"Gesch\u00e4tzte Lesezeit":"4\u00a0Minuten"},"schema":{"@context":"https:\/\/schema.org","@graph":[{"@type":"WebPage","@id":"https:\/\/uel.lu\/de\/europaische-dossiers\/","url":"https:\/\/uel.lu\/de\/europaische-dossiers\/","name":"Europ\u00e4ische Dossiers - UEL","isPartOf":{"@id":"https:\/\/uel.lu\/de\/#website"},"datePublished":"2019-07-04T09:37:10+00:00","dateModified":"2022-05-13T13:52:52+00:00","breadcrumb":{"@id":"https:\/\/uel.lu\/de\/europaische-dossiers\/#breadcrumb"},"inLanguage":"de","potentialAction":[{"@type":"ReadAction","target":["https:\/\/uel.lu\/de\/europaische-dossiers\/"]}]},{"@type":"BreadcrumbList","@id":"https:\/\/uel.lu\/de\/europaische-dossiers\/#breadcrumb","itemListElement":[{"@type":"ListItem","position":1,"name":"Startseite","item":"https:\/\/uel.lu\/de\/"},{"@type":"ListItem","position":2,"name":"Europ\u00e4ische Dossiers"}]},{"@type":"WebSite","@id":"https:\/\/uel.lu\/de\/#website","url":"https:\/\/uel.lu\/de\/","name":"Union des Entreprises Luxembourgeoises","description":"Union des Entreprises Luxembourgeoises","publisher":{"@id":"https:\/\/uel.lu\/de\/#organization"},"alternateName":"UEL","potentialAction":[{"@type":"SearchAction","target":{"@type":"EntryPoint","urlTemplate":"https:\/\/uel.lu\/de\/?s={search_term_string}"},"query-input":{"@type":"PropertyValueSpecification","valueRequired":true,"valueName":"search_term_string"}}],"inLanguage":"de"},{"@type":"Organization","@id":"https:\/\/uel.lu\/de\/#organization","name":"Union des Entreprises Luxembourgeoises","alternateName":"UEL","url":"https:\/\/uel.lu\/de\/","logo":{"@type":"ImageObject","inLanguage":"de","@id":"https:\/\/uel.lu\/de\/#\/schema\/logo\/image\/","url":"https:\/\/www.uel.lu\/wp-content\/uploads\/2019\/07\/uel_logo_.png","contentUrl":"https:\/\/www.uel.lu\/wp-content\/uploads\/2019\/07\/uel_logo_.png","width":150,"height":118,"caption":"Union des Entreprises Luxembourgeoises"},"image":{"@id":"https:\/\/uel.lu\/de\/#\/schema\/logo\/image\/"},"sameAs":["https:\/\/x.com\/uel_lu","https:\/\/www.linkedin.com\/company\/union-des-entreprises-luxembourgeoises---uel\/"]}]}},"_links":{"self":[{"href":"https:\/\/uel.lu\/de\/wp-json\/wp\/v2\/pages\/3521","targetHints":{"allow":["GET"]}}],"collection":[{"href":"https:\/\/uel.lu\/de\/wp-json\/wp\/v2\/pages"}],"about":[{"href":"https:\/\/uel.lu\/de\/wp-json\/wp\/v2\/types\/page"}],"author":[{"embeddable":true,"href":"https:\/\/uel.lu\/de\/wp-json\/wp\/v2\/users\/7"}],"replies":[{"embeddable":true,"href":"https:\/\/uel.lu\/de\/wp-json\/wp\/v2\/comments?post=3521"}],"version-history":[{"count":5,"href":"https:\/\/uel.lu\/de\/wp-json\/wp\/v2\/pages\/3521\/revisions"}],"predecessor-version":[{"id":12431,"href":"https:\/\/uel.lu\/de\/wp-json\/wp\/v2\/pages\/3521\/revisions\/12431"}],"wp:attachment":[{"href":"https:\/\/uel.lu\/de\/wp-json\/wp\/v2\/media?parent=3521"}],"curies":[{"name":"wp","href":"https:\/\/api.w.org\/{rel}","templated":true}]}}